{"id":2873,"date":"2023-07-12T09:19:15","date_gmt":"2023-07-12T07:19:15","guid":{"rendered":"https:\/\/vidripack.com\/es\/?post_type=product&#038;p=2873"},"modified":"2024-01-08T17:47:38","modified_gmt":"2024-01-08T16:47:38","slug":"tarro-de-miel-apiari-1kg","status":"publish","type":"product","link":"https:\/\/vidripack.com\/es\/tarros-vidrio\/tarro-de-miel-apiari-1kg\/","title":{"rendered":"Tarro de Miel Apiari 1kg"},"content":{"rendered":"<h2>Modelo Apiari, elegancia y ergonom\u00eda<\/h2>\n<p>El tarro<strong> Apiari<\/strong> de 1KG es el envase perfecto para aportar elegancia a tu producto.<\/p>\n<p style=\"font-weight: 400;\">Capacidad: 746 ml<\/p>\n<p style=\"font-weight: 400;\">Peso: 285 g<\/p>\n<p style=\"font-weight: 400;\">Altura: 149,3\u00a0mm<\/p>\n<p style=\"font-weight: 400;\">Di\u00e1metro: 88,4 mm<\/p>\n<p style=\"font-weight: 400;\">Boca: TO 82 DEEP<\/p>\n<p style=\"font-weight: 400;\">Color:\u00a0Vidrio blanco<\/p>\n<p style=\"font-weight: 400;\">Otros nombres: APIARI 1 KG.<\/p>\n","protected":false},"excerpt":{"rendered":"<p style=\"font-weight: 400;\">Nuevo envase de vidrio cuyo dise\u00f1o ha sido ganador del Verallia Design Awards 2022.<\/p>\n<p style=\"font-weight: 400;\">Las formas, influenciadas por las chimeneas de La Pedrera de Gaud\u00ed y por la naturaleza del mundo de la apicultura, crean un patr\u00f3n de siluetas org\u00e1nicas y organizadas.<\/p>\n<p style=\"font-weight: 400;\">Un envase de elegantes l\u00edneas, con boca de falda alta.<\/p>\n<p style=\"font-weight: 400;\">Capacidad: 746\u00a0ml<br \/>\nAltura: 149\u00a0mm<br \/>\nDi\u00e1metro: 88 mm<\/p>\n<p style=\"font-weight: 400;\"><strong>Pack:<\/strong><\/p>\n<p style=\"font-weight: 400;\"><strong>Pallet: 936 unidades<\/strong><\/p>\n","protected":false},"featured_media":2874,"template":"","meta":[],"product_brand":[],"product_cat":[63],"product_tag":[],"class_list":{"0":"post-2873","1":"product","2":"type-product","3":"status-publish","4":"has-post-thumbnail","6":"product_cat-tarros-vidrio","8":"first","9":"instock","10":"taxable","11":"shipping-taxable","12":"product-type-simple"},"yoast_head":"<!-- This site is optimized with the Yoast SEO plugin v27.2 - https:\/\/yoast.com\/product\/yoast-seo-wordpress\/ -->\n<title>Tarro Apiari de 1KG<\/title>\n<meta name=\"description\" content=\"Nuestro tarro apiari es un dise\u00f1o ganador de premios, elegante y eficaz. El mejor envase para almacenar tu miel y aportarle distinci\u00f3n frente a otras.\" \/>\n<meta name=\"robots\" content=\"index, follow, max-snippet:-1, max-image-preview:large, max-video-preview:-1\" \/>\n<link rel=\"canonical\" href=\"https:\/\/vidripack.com\/es\/tarros-vidrio\/tarro-de-miel-apiari-1kg\/\" \/>\n<meta property=\"og:locale\" content=\"es_ES\" \/>\n<meta property=\"og:type\" content=\"article\" \/>\n<meta property=\"og:title\" content=\"Tarro Apiari de 1KG\" \/>\n<meta property=\"og:description\" content=\"Nuestro tarro apiari es un dise\u00f1o ganador de premios, elegante y eficaz. El mejor envase para almacenar tu miel y aportarle distinci\u00f3n frente a otras.\" \/>\n<meta property=\"og:url\" content=\"https:\/\/vidripack.com\/es\/tarros-vidrio\/tarro-de-miel-apiari-1kg\/\" \/>\n<meta property=\"og:site_name\" content=\"Vidripack\" \/>\n<meta property=\"article:publisher\" content=\"https:\/\/www.facebook.com\/Vidripack\" \/>\n<meta property=\"article:modified_time\" content=\"2024-01-08T16:47:38+00:00\" \/>\n<meta property=\"og:image\" content=\"https:\/\/vidripack.com\/es\/wp-content\/uploads\/2023\/07\/tarro-miel-1kg-apiari.jpg\" \/>\n\t<meta property=\"og:image:width\" content=\"500\" \/>\n\t<meta property=\"og:image:height\" content=\"500\" \/>\n\t<meta property=\"og:image:type\" content=\"image\/jpeg\" \/>\n<meta name=\"twitter:card\" content=\"summary_large_image\" \/>\n<meta name=\"twitter:label1\" content=\"Tiempo de lectura\" \/>\n\t<meta name=\"twitter:data1\" content=\"1 minuto\" \/>\n<script type=\"application\/ld+json\" class=\"yoast-schema-graph\">{\"@context\":\"https:\/\/schema.org\",\"@graph\":[{\"@type\":\"WebPage\",\"@id\":\"https:\/\/vidripack.com\/es\/tarros-vidrio\/tarro-de-miel-apiari-1kg\/\",\"url\":\"https:\/\/vidripack.com\/es\/tarros-vidrio\/tarro-de-miel-apiari-1kg\/\",\"name\":\"Tarro Apiari de 1KG\",\"isPartOf\":{\"@id\":\"https:\/\/vidripack.com\/es\/#website\"},\"primaryImageOfPage\":{\"@id\":\"https:\/\/vidripack.com\/es\/tarros-vidrio\/tarro-de-miel-apiari-1kg\/#primaryimage\"},\"image\":{\"@id\":\"https:\/\/vidripack.com\/es\/tarros-vidrio\/tarro-de-miel-apiari-1kg\/#primaryimage\"},\"thumbnailUrl\":\"https:\/\/vidripack.com\/es\/wp-content\/uploads\/2023\/07\/tarro-miel-1kg-apiari.jpg\",\"datePublished\":\"2023-07-12T07:19:15+00:00\",\"dateModified\":\"2024-01-08T16:47:38+00:00\",\"description\":\"Nuestro tarro apiari es un dise\u00f1o ganador de premios, elegante y eficaz. El mejor envase para almacenar tu miel y aportarle distinci\u00f3n frente a otras.\",\"breadcrumb\":{\"@id\":\"https:\/\/vidripack.com\/es\/tarros-vidrio\/tarro-de-miel-apiari-1kg\/#breadcrumb\"},\"inLanguage\":\"es\",\"potentialAction\":[{\"@type\":\"ReadAction\",\"target\":[\"https:\/\/vidripack.com\/es\/tarros-vidrio\/tarro-de-miel-apiari-1kg\/\"]}]},{\"@type\":\"ImageObject\",\"inLanguage\":\"es\",\"@id\":\"https:\/\/vidripack.com\/es\/tarros-vidrio\/tarro-de-miel-apiari-1kg\/#primaryimage\",\"url\":\"https:\/\/vidripack.com\/es\/wp-content\/uploads\/2023\/07\/tarro-miel-1kg-apiari.jpg\",\"contentUrl\":\"https:\/\/vidripack.com\/es\/wp-content\/uploads\/2023\/07\/tarro-miel-1kg-apiari.jpg\",\"width\":500,\"height\":500,\"caption\":\"tarro apiari de 1kg\"},{\"@type\":\"BreadcrumbList\",\"@id\":\"https:\/\/vidripack.com\/es\/tarros-vidrio\/tarro-de-miel-apiari-1kg\/#breadcrumb\",\"itemListElement\":[{\"@type\":\"ListItem\",\"position\":1,\"name\":\"Portada\",\"item\":\"https:\/\/vidripack.com\/es\/\"},{\"@type\":\"ListItem\",\"position\":2,\"name\":\"Cat\u00e1logo de productos\",\"item\":\"https:\/\/vidripack.com\/es\/catalogo-de-productos\/\"},{\"@type\":\"ListItem\",\"position\":3,\"name\":\"Tarro de Miel Apiari 1kg\"}]},{\"@type\":\"WebSite\",\"@id\":\"https:\/\/vidripack.com\/es\/#website\",\"url\":\"https:\/\/vidripack.com\/es\/\",\"name\":\"Vidripack\",\"description\":\"Distribuci\u00f3n de envases y PET\",\"potentialAction\":[{\"@type\":\"SearchAction\",\"target\":{\"@type\":\"EntryPoint\",\"urlTemplate\":\"https:\/\/vidripack.com\/es\/?s={search_term_string}\"},\"query-input\":{\"@type\":\"PropertyValueSpecification\",\"valueRequired\":true,\"valueName\":\"search_term_string\"}}],\"inLanguage\":\"es\"}]}<\/script>\n<!-- \/ Yoast SEO plugin. -->","yoast_head_json":{"title":"Tarro Apiari de 1KG","description":"Nuestro tarro apiari es un dise\u00f1o ganador de premios, elegante y eficaz. El mejor envase para almacenar tu miel y aportarle distinci\u00f3n frente a otras.","robots":{"index":"index","follow":"follow","max-snippet":"max-snippet:-1","max-image-preview":"max-image-preview:large","max-video-preview":"max-video-preview:-1"},"canonical":"https:\/\/vidripack.com\/es\/tarros-vidrio\/tarro-de-miel-apiari-1kg\/","og_locale":"es_ES","og_type":"article","og_title":"Tarro Apiari de 1KG","og_description":"Nuestro tarro apiari es un dise\u00f1o ganador de premios, elegante y eficaz. El mejor envase para almacenar tu miel y aportarle distinci\u00f3n frente a otras.","og_url":"https:\/\/vidripack.com\/es\/tarros-vidrio\/tarro-de-miel-apiari-1kg\/","og_site_name":"Vidripack","article_publisher":"https:\/\/www.facebook.com\/Vidripack","article_modified_time":"2024-01-08T16:47:38+00:00","og_image":[{"width":500,"height":500,"url":"https:\/\/vidripack.com\/es\/wp-content\/uploads\/2023\/07\/tarro-miel-1kg-apiari.jpg","type":"image\/jpeg"}],"twitter_card":"summary_large_image","twitter_misc":{"Tiempo de lectura":"1 minuto"},"schema":{"@context":"https:\/\/schema.org","@graph":[{"@type":"WebPage","@id":"https:\/\/vidripack.com\/es\/tarros-vidrio\/tarro-de-miel-apiari-1kg\/","url":"https:\/\/vidripack.com\/es\/tarros-vidrio\/tarro-de-miel-apiari-1kg\/","name":"Tarro Apiari de 1KG","isPartOf":{"@id":"https:\/\/vidripack.com\/es\/#website"},"primaryImageOfPage":{"@id":"https:\/\/vidripack.com\/es\/tarros-vidrio\/tarro-de-miel-apiari-1kg\/#primaryimage"},"image":{"@id":"https:\/\/vidripack.com\/es\/tarros-vidrio\/tarro-de-miel-apiari-1kg\/#primaryimage"},"thumbnailUrl":"https:\/\/vidripack.com\/es\/wp-content\/uploads\/2023\/07\/tarro-miel-1kg-apiari.jpg","datePublished":"2023-07-12T07:19:15+00:00","dateModified":"2024-01-08T16:47:38+00:00","description":"Nuestro tarro apiari es un dise\u00f1o ganador de premios, elegante y eficaz. El mejor envase para almacenar tu miel y aportarle distinci\u00f3n frente a otras.","breadcrumb":{"@id":"https:\/\/vidripack.com\/es\/tarros-vidrio\/tarro-de-miel-apiari-1kg\/#breadcrumb"},"inLanguage":"es","potentialAction":[{"@type":"ReadAction","target":["https:\/\/vidripack.com\/es\/tarros-vidrio\/tarro-de-miel-apiari-1kg\/"]}]},{"@type":"ImageObject","inLanguage":"es","@id":"https:\/\/vidripack.com\/es\/tarros-vidrio\/tarro-de-miel-apiari-1kg\/#primaryimage","url":"https:\/\/vidripack.com\/es\/wp-content\/uploads\/2023\/07\/tarro-miel-1kg-apiari.jpg","contentUrl":"https:\/\/vidripack.com\/es\/wp-content\/uploads\/2023\/07\/tarro-miel-1kg-apiari.jpg","width":500,"height":500,"caption":"tarro apiari de 1kg"},{"@type":"BreadcrumbList","@id":"https:\/\/vidripack.com\/es\/tarros-vidrio\/tarro-de-miel-apiari-1kg\/#breadcrumb","itemListElement":[{"@type":"ListItem","position":1,"name":"Portada","item":"https:\/\/vidripack.com\/es\/"},{"@type":"ListItem","position":2,"name":"Cat\u00e1logo de productos","item":"https:\/\/vidripack.com\/es\/catalogo-de-productos\/"},{"@type":"ListItem","position":3,"name":"Tarro de Miel Apiari 1kg"}]},{"@type":"WebSite","@id":"https:\/\/vidripack.com\/es\/#website","url":"https:\/\/vidripack.com\/es\/","name":"Vidripack","description":"Distribuci\u00f3n de envases y PET","potentialAction":[{"@type":"SearchAction","target":{"@type":"EntryPoint","urlTemplate":"https:\/\/vidripack.com\/es\/?s={search_term_string}"},"query-input":{"@type":"PropertyValueSpecification","valueRequired":true,"valueName":"search_term_string"}}],"inLanguage":"es"}]}},"_links":{"self":[{"href":"https:\/\/vidripack.com\/es\/wp-json\/wp\/v2\/product\/2873","targetHints":{"allow":["GET"]}}],"collection":[{"href":"https:\/\/vidripack.com\/es\/wp-json\/wp\/v2\/product"}],"about":[{"href":"https:\/\/vidripack.com\/es\/wp-json\/wp\/v2\/types\/product"}],"wp:featuredmedia":[{"embeddable":true,"href":"https:\/\/vidripack.com\/es\/wp-json\/wp\/v2\/media\/2874"}],"wp:attachment":[{"href":"https:\/\/vidripack.com\/es\/wp-json\/wp\/v2\/media?parent=2873"}],"wp:term":[{"taxonomy":"product_brand","embeddable":true,"href":"https:\/\/vidripack.com\/es\/wp-json\/wp\/v2\/product_brand?post=2873"},{"taxonomy":"product_cat","embeddable":true,"href":"https:\/\/vidripack.com\/es\/wp-json\/wp\/v2\/product_cat?post=2873"},{"taxonomy":"product_tag","embeddable":true,"href":"https:\/\/vidripack.com\/es\/wp-json\/wp\/v2\/product_tag?post=2873"}],"curies":[{"name":"wp","href":"https:\/\/api.w.org\/{rel}","templated":true}]}}