{"id":2871,"date":"2023-07-12T09:01:40","date_gmt":"2023-07-12T07:01:40","guid":{"rendered":"https:\/\/vidripack.com\/es\/?post_type=product&#038;p=2871"},"modified":"2023-07-12T09:31:51","modified_gmt":"2023-07-12T07:31:51","slug":"tarro-de-miel-apiari-05-kg","status":"publish","type":"product","link":"https:\/\/vidripack.com\/es\/tarros-vidrio\/tarro-de-miel-apiari-05-kg\/","title":{"rendered":"Tarro de Miel Apiari 0,5 kg"},"content":{"rendered":"<p style=\"font-weight: 400;\">Capacidad: 380 ml<\/p>\n<p style=\"font-weight: 400;\">Peso: 180 g<\/p>\n<p style=\"font-weight: 400;\">Altura: 133,45\u00a0mm<\/p>\n<p style=\"font-weight: 400;\">Di\u00e1metro: 68,1 mm<\/p>\n<p style=\"font-weight: 400;\">Boca: TO 63 DEEP<\/p>\n<p style=\"font-weight: 400;\">Color:\u00a0Vidrio blanco<\/p>\n<p style=\"font-weight: 400;\">Otros nombres: APIARI 0,5 KG.<\/p>\n","protected":false},"excerpt":{"rendered":"<p style=\"font-weight: 400;\"><u>INTRODUCCION:<\/u><\/p>\n<p style=\"font-weight: 400;\">Nuevo envase de vidrio cuyo dise\u00f1o ha sido ganador del Verallia Design Awards 2022.<\/p>\n<p style=\"font-weight: 400;\">Las formas, influenciadas por las chimeneas de La Pedrera de Gaud\u00ed y por la naturaleza del mundo de la apicultura, crean un patr\u00f3n de siluetas org\u00e1nicas y organizadas.<\/p>\n<p style=\"font-weight: 400;\">Un envase de elegantes l\u00edneas, con boca de falda alta.<\/p>\n<p style=\"font-weight: 400;\">Capacidad: 380\u00a0ml<br \/>\nAltura: 163\u00a0mm<br \/>\nDi\u00e1metro: 68 mm<\/p>\n<h4 style=\"font-weight: 400;\"><strong>Pack:<\/strong><\/h4>\n<h4 style=\"font-weight: 400;\"><strong>Pallet: 1.904 unidades<\/strong><\/h4>\n","protected":false},"featured_media":2872,"template":"","meta":[],"product_brand":[],"product_cat":[63],"product_tag":[],"class_list":{"0":"post-2871","1":"product","2":"type-product","3":"status-publish","4":"has-post-thumbnail","6":"product_cat-tarros-vidrio","8":"first","9":"instock","10":"taxable","11":"shipping-taxable","12":"product-type-simple"},"yoast_head":"<!-- This site is optimized with the Yoast SEO plugin v27.2 - https:\/\/yoast.com\/product\/yoast-seo-wordpress\/ -->\n<title>Tarro de Miel Apiari 0,5 kg - Vidripack<\/title>\n<meta name=\"description\" content=\"INTRODUCCION: Nuevo envase de vidrio cuyo dise\u00f1o ha sido ganador del Verallia Design Awards 2022. Las formas, influenciadas por las chimeneas de La Pedrera de Gaud\u00ed y por la naturaleza del mundo de la apicultura, crean un patr\u00f3n de siluetas org\u00e1nicas y organizadas. Un envase de elegantes l\u00edneas, con boca de falda alta. Capacidad: 380\u00a0ml Altura: 163\u00a0mm Di\u00e1metro: 68 mm  Pack: Pallet: 1.904 unidades\" \/>\n<meta name=\"robots\" content=\"index, follow, max-snippet:-1, max-image-preview:large, max-video-preview:-1\" \/>\n<link rel=\"canonical\" href=\"https:\/\/vidripack.com\/es\/tarros-vidrio\/tarro-miel-1-kg\/\" \/>\n<meta property=\"og:locale\" content=\"es_ES\" \/>\n<meta property=\"og:type\" content=\"article\" \/>\n<meta property=\"og:title\" content=\"Tarro de Miel Apiari 0,5 kg - Vidripack\" \/>\n<meta property=\"og:description\" content=\"INTRODUCCION: Nuevo envase de vidrio cuyo dise\u00f1o ha sido ganador del Verallia Design Awards 2022. Las formas, influenciadas por las chimeneas de La Pedrera de Gaud\u00ed y por la naturaleza del mundo de la apicultura, crean un patr\u00f3n de siluetas org\u00e1nicas y organizadas. Un envase de elegantes l\u00edneas, con boca de falda alta. Capacidad: 380\u00a0ml Altura: 163\u00a0mm Di\u00e1metro: 68 mm  Pack: Pallet: 1.904 unidades\" \/>\n<meta property=\"og:url\" content=\"https:\/\/vidripack.com\/es\/tarros-vidrio\/tarro-miel-1-kg\/\" \/>\n<meta property=\"og:site_name\" content=\"Vidripack\" \/>\n<meta property=\"article:publisher\" content=\"https:\/\/www.facebook.com\/Vidripack\" \/>\n<meta property=\"article:modified_time\" content=\"2023-07-12T07:31:51+00:00\" \/>\n<meta property=\"og:image\" content=\"https:\/\/vidripack.com\/es\/wp-content\/uploads\/2023\/07\/tarro-miel-05kg-apiari.jpg\" \/>\n\t<meta property=\"og:image:width\" content=\"500\" \/>\n\t<meta property=\"og:image:height\" content=\"500\" \/>\n\t<meta property=\"og:image:type\" content=\"image\/jpeg\" \/>\n<meta name=\"twitter:card\" content=\"summary_large_image\" \/>\n<meta name=\"twitter:label1\" content=\"Tiempo de lectura\" \/>\n\t<meta name=\"twitter:data1\" content=\"1 minuto\" \/>\n<script type=\"application\/ld+json\" class=\"yoast-schema-graph\">{\"@context\":\"https:\/\/schema.org\",\"@graph\":[{\"@type\":\"WebPage\",\"@id\":\"https:\/\/vidripack.com\/es\/tarros-vidrio\/tarro-de-miel-apiari-05-kg\/\",\"url\":\"https:\/\/vidripack.com\/es\/tarros-vidrio\/tarro-miel-1-kg\/\",\"name\":\"Tarro de Miel Apiari 0,5 kg - Vidripack\",\"isPartOf\":{\"@id\":\"https:\/\/vidripack.com\/es\/#website\"},\"primaryImageOfPage\":{\"@id\":\"https:\/\/vidripack.com\/es\/tarros-vidrio\/tarro-miel-1-kg\/#primaryimage\"},\"image\":{\"@id\":\"https:\/\/vidripack.com\/es\/tarros-vidrio\/tarro-miel-1-kg\/#primaryimage\"},\"thumbnailUrl\":\"https:\/\/vidripack.com\/es\/wp-content\/uploads\/2023\/07\/tarro-miel-05kg-apiari.jpg\",\"datePublished\":\"2023-07-12T07:01:40+00:00\",\"dateModified\":\"2023-07-12T07:31:51+00:00\",\"description\":\"INTRODUCCION: Nuevo envase de vidrio cuyo dise\u00f1o ha sido ganador del Verallia Design Awards 2022. Las formas, influenciadas por las chimeneas de La Pedrera de Gaud\u00ed y por la naturaleza del mundo de la apicultura, crean un patr\u00f3n de siluetas org\u00e1nicas y organizadas. Un envase de elegantes l\u00edneas, con boca de falda alta. Capacidad: 380\u00a0ml Altura: 163\u00a0mm Di\u00e1metro: 68 mm Pack: Pallet: 1.904 unidades\",\"breadcrumb\":{\"@id\":\"https:\/\/vidripack.com\/es\/tarros-vidrio\/tarro-miel-1-kg\/#breadcrumb\"},\"inLanguage\":\"es\",\"potentialAction\":[{\"@type\":\"ReadAction\",\"target\":[\"https:\/\/vidripack.com\/es\/tarros-vidrio\/tarro-miel-1-kg\/\"]}]},{\"@type\":\"ImageObject\",\"inLanguage\":\"es\",\"@id\":\"https:\/\/vidripack.com\/es\/tarros-vidrio\/tarro-miel-1-kg\/#primaryimage\",\"url\":\"https:\/\/vidripack.com\/es\/wp-content\/uploads\/2023\/07\/tarro-miel-05kg-apiari.jpg\",\"contentUrl\":\"https:\/\/vidripack.com\/es\/wp-content\/uploads\/2023\/07\/tarro-miel-05kg-apiari.jpg\",\"width\":500,\"height\":500},{\"@type\":\"BreadcrumbList\",\"@id\":\"https:\/\/vidripack.com\/es\/tarros-vidrio\/tarro-miel-1-kg\/#breadcrumb\",\"itemListElement\":[{\"@type\":\"ListItem\",\"position\":1,\"name\":\"Portada\",\"item\":\"https:\/\/vidripack.com\/es\/\"},{\"@type\":\"ListItem\",\"position\":2,\"name\":\"Cat\u00e1logo de productos\",\"item\":\"https:\/\/vidripack.com\/es\/catalogo-de-productos\/\"},{\"@type\":\"ListItem\",\"position\":3,\"name\":\"Tarro de Miel Apiari 0,5 kg\"}]},{\"@type\":\"WebSite\",\"@id\":\"https:\/\/vidripack.com\/es\/#website\",\"url\":\"https:\/\/vidripack.com\/es\/\",\"name\":\"Vidripack\",\"description\":\"Distribuci\u00f3n de envases y PET\",\"potentialAction\":[{\"@type\":\"SearchAction\",\"target\":{\"@type\":\"EntryPoint\",\"urlTemplate\":\"https:\/\/vidripack.com\/es\/?s={search_term_string}\"},\"query-input\":{\"@type\":\"PropertyValueSpecification\",\"valueRequired\":true,\"valueName\":\"search_term_string\"}}],\"inLanguage\":\"es\"}]}<\/script>\n<!-- \/ Yoast SEO plugin. -->","yoast_head_json":{"title":"Tarro de Miel Apiari 0,5 kg - Vidripack","description":"INTRODUCCION: Nuevo envase de vidrio cuyo dise\u00f1o ha sido ganador del Verallia Design Awards 2022. Las formas, influenciadas por las chimeneas de La Pedrera de Gaud\u00ed y por la naturaleza del mundo de la apicultura, crean un patr\u00f3n de siluetas org\u00e1nicas y organizadas. Un envase de elegantes l\u00edneas, con boca de falda alta. Capacidad: 380\u00a0ml Altura: 163\u00a0mm Di\u00e1metro: 68 mm  Pack: Pallet: 1.904 unidades","robots":{"index":"index","follow":"follow","max-snippet":"max-snippet:-1","max-image-preview":"max-image-preview:large","max-video-preview":"max-video-preview:-1"},"canonical":"https:\/\/vidripack.com\/es\/tarros-vidrio\/tarro-miel-1-kg\/","og_locale":"es_ES","og_type":"article","og_title":"Tarro de Miel Apiari 0,5 kg - Vidripack","og_description":"INTRODUCCION: Nuevo envase de vidrio cuyo dise\u00f1o ha sido ganador del Verallia Design Awards 2022. Las formas, influenciadas por las chimeneas de La Pedrera de Gaud\u00ed y por la naturaleza del mundo de la apicultura, crean un patr\u00f3n de siluetas org\u00e1nicas y organizadas. Un envase de elegantes l\u00edneas, con boca de falda alta. Capacidad: 380\u00a0ml Altura: 163\u00a0mm Di\u00e1metro: 68 mm  Pack: Pallet: 1.904 unidades","og_url":"https:\/\/vidripack.com\/es\/tarros-vidrio\/tarro-miel-1-kg\/","og_site_name":"Vidripack","article_publisher":"https:\/\/www.facebook.com\/Vidripack","article_modified_time":"2023-07-12T07:31:51+00:00","og_image":[{"width":500,"height":500,"url":"https:\/\/vidripack.com\/es\/wp-content\/uploads\/2023\/07\/tarro-miel-05kg-apiari.jpg","type":"image\/jpeg"}],"twitter_card":"summary_large_image","twitter_misc":{"Tiempo de lectura":"1 minuto"},"schema":{"@context":"https:\/\/schema.org","@graph":[{"@type":"WebPage","@id":"https:\/\/vidripack.com\/es\/tarros-vidrio\/tarro-de-miel-apiari-05-kg\/","url":"https:\/\/vidripack.com\/es\/tarros-vidrio\/tarro-miel-1-kg\/","name":"Tarro de Miel Apiari 0,5 kg - Vidripack","isPartOf":{"@id":"https:\/\/vidripack.com\/es\/#website"},"primaryImageOfPage":{"@id":"https:\/\/vidripack.com\/es\/tarros-vidrio\/tarro-miel-1-kg\/#primaryimage"},"image":{"@id":"https:\/\/vidripack.com\/es\/tarros-vidrio\/tarro-miel-1-kg\/#primaryimage"},"thumbnailUrl":"https:\/\/vidripack.com\/es\/wp-content\/uploads\/2023\/07\/tarro-miel-05kg-apiari.jpg","datePublished":"2023-07-12T07:01:40+00:00","dateModified":"2023-07-12T07:31:51+00:00","description":"INTRODUCCION: Nuevo envase de vidrio cuyo dise\u00f1o ha sido ganador del Verallia Design Awards 2022. Las formas, influenciadas por las chimeneas de La Pedrera de Gaud\u00ed y por la naturaleza del mundo de la apicultura, crean un patr\u00f3n de siluetas org\u00e1nicas y organizadas. Un envase de elegantes l\u00edneas, con boca de falda alta. Capacidad: 380\u00a0ml Altura: 163\u00a0mm Di\u00e1metro: 68 mm Pack: Pallet: 1.904 unidades","breadcrumb":{"@id":"https:\/\/vidripack.com\/es\/tarros-vidrio\/tarro-miel-1-kg\/#breadcrumb"},"inLanguage":"es","potentialAction":[{"@type":"ReadAction","target":["https:\/\/vidripack.com\/es\/tarros-vidrio\/tarro-miel-1-kg\/"]}]},{"@type":"ImageObject","inLanguage":"es","@id":"https:\/\/vidripack.com\/es\/tarros-vidrio\/tarro-miel-1-kg\/#primaryimage","url":"https:\/\/vidripack.com\/es\/wp-content\/uploads\/2023\/07\/tarro-miel-05kg-apiari.jpg","contentUrl":"https:\/\/vidripack.com\/es\/wp-content\/uploads\/2023\/07\/tarro-miel-05kg-apiari.jpg","width":500,"height":500},{"@type":"BreadcrumbList","@id":"https:\/\/vidripack.com\/es\/tarros-vidrio\/tarro-miel-1-kg\/#breadcrumb","itemListElement":[{"@type":"ListItem","position":1,"name":"Portada","item":"https:\/\/vidripack.com\/es\/"},{"@type":"ListItem","position":2,"name":"Cat\u00e1logo de productos","item":"https:\/\/vidripack.com\/es\/catalogo-de-productos\/"},{"@type":"ListItem","position":3,"name":"Tarro de Miel Apiari 0,5 kg"}]},{"@type":"WebSite","@id":"https:\/\/vidripack.com\/es\/#website","url":"https:\/\/vidripack.com\/es\/","name":"Vidripack","description":"Distribuci\u00f3n de envases y PET","potentialAction":[{"@type":"SearchAction","target":{"@type":"EntryPoint","urlTemplate":"https:\/\/vidripack.com\/es\/?s={search_term_string}"},"query-input":{"@type":"PropertyValueSpecification","valueRequired":true,"valueName":"search_term_string"}}],"inLanguage":"es"}]}},"_links":{"self":[{"href":"https:\/\/vidripack.com\/es\/wp-json\/wp\/v2\/product\/2871","targetHints":{"allow":["GET"]}}],"collection":[{"href":"https:\/\/vidripack.com\/es\/wp-json\/wp\/v2\/product"}],"about":[{"href":"https:\/\/vidripack.com\/es\/wp-json\/wp\/v2\/types\/product"}],"wp:featuredmedia":[{"embeddable":true,"href":"https:\/\/vidripack.com\/es\/wp-json\/wp\/v2\/media\/2872"}],"wp:attachment":[{"href":"https:\/\/vidripack.com\/es\/wp-json\/wp\/v2\/media?parent=2871"}],"wp:term":[{"taxonomy":"product_brand","embeddable":true,"href":"https:\/\/vidripack.com\/es\/wp-json\/wp\/v2\/product_brand?post=2871"},{"taxonomy":"product_cat","embeddable":true,"href":"https:\/\/vidripack.com\/es\/wp-json\/wp\/v2\/product_cat?post=2871"},{"taxonomy":"product_tag","embeddable":true,"href":"https:\/\/vidripack.com\/es\/wp-json\/wp\/v2\/product_tag?post=2871"}],"curies":[{"name":"wp","href":"https:\/\/api.w.org\/{rel}","templated":true}]}}