{"id":2571,"date":"2020-11-17T11:39:10","date_gmt":"2020-11-17T10:39:10","guid":{"rendered":"https:\/\/vidripack.com\/es\/?post_type=product&#038;p=2571"},"modified":"2021-11-02T09:46:42","modified_gmt":"2021-11-02T08:46:42","slug":"garrafa-galon-2l","status":"publish","type":"product","link":"https:\/\/vidripack.com\/es\/botellas-vidrio\/garrafa-galon-2l\/","title":{"rendered":"Garrafa Galon 2L"},"content":{"rendered":"<p style=\"font-weight: 400;\">Capacidad: 2.000 ml<\/p>\n<p style=\"font-weight: 400;\">Peso: 750 g<\/p>\n<p style=\"font-weight: 400;\">Altura: 262,5 mm<\/p>\n<p style=\"font-weight: 400;\">Di\u00e1metro: 128,6 mm<\/p>\n<p style=\"font-weight: 400;\">Boca:\u00a0ROSCA<\/p>\n<p style=\"font-weight: 400;\">Color:\u00a0Semi-blanco<\/p>\n<p style=\"font-weight: 400;\">\n","protected":false},"excerpt":{"rendered":"<p><strong>INTRODUCCI\u00d3N<\/strong><\/p>\n<p class=\"m_4977737874462142873MsoListParagraph\">Garrafa de vidrio de elegante dise\u00f1o italiano en color semi-blanco.<u><\/u><u><\/u><\/p>\n<p class=\"m_4977737874462142873MsoListParagraph\">Su tap\u00f3n de rosca con vertedor en pl\u00e1stico negro de f\u00e1cil colocaci\u00f3n manual, la convierte en un envase ideal para despachos de vino, mostos y almazaras.<u><\/u><u><\/u><\/p>\n<p class=\"m_4977737874462142873MsoListParagraph\">Un envase pensado para la venta a granel, reutilizable y de f\u00e1cil manipulaci\u00f3n.<\/p>\n<h3 style=\"font-weight: 400;\"><strong>Pack: 12 unidades<\/strong><\/h3>\n<h3 style=\"font-weight: 400;\"><strong>Pallet: 308 unidades<\/strong><\/h3>\n","protected":false},"featured_media":2572,"template":"","meta":[],"product_brand":[],"product_cat":[169,173],"product_tag":[],"class_list":{"0":"post-2571","1":"product","2":"type-product","3":"status-publish","4":"has-post-thumbnail","6":"product_cat-botellas-vidrio","7":"product_cat-vinos-jerez","9":"first","10":"instock","11":"taxable","12":"shipping-taxable","13":"product-type-simple"},"yoast_head":"<!-- This site is optimized with the Yoast SEO plugin v27.2 - https:\/\/yoast.com\/product\/yoast-seo-wordpress\/ -->\n<title>Garrafa de cristal 2 Litros \u21e8 C\u00f3mprala en\u3010VIDRIPACK\u3011<\/title>\n<meta name=\"description\" content=\"\u00bfEst\u00e1s buscando una garrafa de vidrio de 2 litros? En Vidripack la tenemos! Adem\u00e1s, dispones de amplio cat\u00e1logo de envases. \u00a1Entra ahora!\" \/>\n<meta name=\"robots\" content=\"index, follow, max-snippet:-1, max-image-preview:large, max-video-preview:-1\" \/>\n<link rel=\"canonical\" href=\"https:\/\/vidripack.com\/es\/botellas-vidrio\/garrafa-galon-2l\/\" \/>\n<meta property=\"og:locale\" content=\"es_ES\" \/>\n<meta property=\"og:type\" content=\"article\" \/>\n<meta property=\"og:title\" content=\"Garrafa de cristal 2 Litros \u21e8 C\u00f3mprala en\u3010VIDRIPACK\u3011\" \/>\n<meta property=\"og:description\" content=\"\u00bfEst\u00e1s buscando una garrafa de vidrio de 2 litros? En Vidripack la tenemos! Adem\u00e1s, dispones de amplio cat\u00e1logo de envases. \u00a1Entra ahora!\" \/>\n<meta property=\"og:url\" content=\"https:\/\/vidripack.com\/es\/botellas-vidrio\/garrafa-galon-2l\/\" \/>\n<meta property=\"og:site_name\" content=\"Vidripack\" \/>\n<meta property=\"article:publisher\" content=\"https:\/\/www.facebook.com\/Vidripack\" \/>\n<meta property=\"article:modified_time\" content=\"2021-11-02T08:46:42+00:00\" \/>\n<meta property=\"og:image\" content=\"https:\/\/vidripack.com\/es\/wp-content\/uploads\/2020\/11\/garrafa-galon-2l-1.jpg\" \/>\n\t<meta property=\"og:image:width\" content=\"500\" \/>\n\t<meta property=\"og:image:height\" content=\"500\" \/>\n\t<meta property=\"og:image:type\" content=\"image\/jpeg\" \/>\n<meta name=\"twitter:card\" content=\"summary_large_image\" \/>\n<script type=\"application\/ld+json\" class=\"yoast-schema-graph\">{\"@context\":\"https:\/\/schema.org\",\"@graph\":[{\"@type\":\"WebPage\",\"@id\":\"https:\/\/vidripack.com\/es\/botellas-vidrio\/garrafa-galon-2l\/\",\"url\":\"https:\/\/vidripack.com\/es\/botellas-vidrio\/garrafa-galon-2l\/\",\"name\":\"Garrafa de cristal 2 Litros \u21e8 C\u00f3mprala en\u3010VIDRIPACK\u3011\",\"isPartOf\":{\"@id\":\"https:\/\/vidripack.com\/es\/#website\"},\"primaryImageOfPage\":{\"@id\":\"https:\/\/vidripack.com\/es\/botellas-vidrio\/garrafa-galon-2l\/#primaryimage\"},\"image\":{\"@id\":\"https:\/\/vidripack.com\/es\/botellas-vidrio\/garrafa-galon-2l\/#primaryimage\"},\"thumbnailUrl\":\"https:\/\/vidripack.com\/es\/wp-content\/uploads\/2020\/11\/garrafa-galon-2l-1.jpg\",\"datePublished\":\"2020-11-17T10:39:10+00:00\",\"dateModified\":\"2021-11-02T08:46:42+00:00\",\"description\":\"\u00bfEst\u00e1s buscando una garrafa de vidrio de 2 litros? En Vidripack la tenemos! Adem\u00e1s, dispones de amplio cat\u00e1logo de envases. \u00a1Entra ahora!\",\"breadcrumb\":{\"@id\":\"https:\/\/vidripack.com\/es\/botellas-vidrio\/garrafa-galon-2l\/#breadcrumb\"},\"inLanguage\":\"es\",\"potentialAction\":[{\"@type\":\"ReadAction\",\"target\":[\"https:\/\/vidripack.com\/es\/botellas-vidrio\/garrafa-galon-2l\/\"]}]},{\"@type\":\"ImageObject\",\"inLanguage\":\"es\",\"@id\":\"https:\/\/vidripack.com\/es\/botellas-vidrio\/garrafa-galon-2l\/#primaryimage\",\"url\":\"https:\/\/vidripack.com\/es\/wp-content\/uploads\/2020\/11\/garrafa-galon-2l-1.jpg\",\"contentUrl\":\"https:\/\/vidripack.com\/es\/wp-content\/uploads\/2020\/11\/garrafa-galon-2l-1.jpg\",\"width\":500,\"height\":500,\"caption\":\"Garrafa de dos litros de vidrio\"},{\"@type\":\"BreadcrumbList\",\"@id\":\"https:\/\/vidripack.com\/es\/botellas-vidrio\/garrafa-galon-2l\/#breadcrumb\",\"itemListElement\":[{\"@type\":\"ListItem\",\"position\":1,\"name\":\"Portada\",\"item\":\"https:\/\/vidripack.com\/es\/\"},{\"@type\":\"ListItem\",\"position\":2,\"name\":\"Cat\u00e1logo de productos\",\"item\":\"https:\/\/vidripack.com\/es\/catalogo-de-productos\/\"},{\"@type\":\"ListItem\",\"position\":3,\"name\":\"Garrafa Galon 2L\"}]},{\"@type\":\"WebSite\",\"@id\":\"https:\/\/vidripack.com\/es\/#website\",\"url\":\"https:\/\/vidripack.com\/es\/\",\"name\":\"Vidripack\",\"description\":\"Distribuci\u00f3n de envases y PET\",\"potentialAction\":[{\"@type\":\"SearchAction\",\"target\":{\"@type\":\"EntryPoint\",\"urlTemplate\":\"https:\/\/vidripack.com\/es\/?s={search_term_string}\"},\"query-input\":{\"@type\":\"PropertyValueSpecification\",\"valueRequired\":true,\"valueName\":\"search_term_string\"}}],\"inLanguage\":\"es\"}]}<\/script>\n<!-- \/ Yoast SEO plugin. -->","yoast_head_json":{"title":"Garrafa de cristal 2 Litros \u21e8 C\u00f3mprala en\u3010VIDRIPACK\u3011","description":"\u00bfEst\u00e1s buscando una garrafa de vidrio de 2 litros? En Vidripack la tenemos! Adem\u00e1s, dispones de amplio cat\u00e1logo de envases. \u00a1Entra ahora!","robots":{"index":"index","follow":"follow","max-snippet":"max-snippet:-1","max-image-preview":"max-image-preview:large","max-video-preview":"max-video-preview:-1"},"canonical":"https:\/\/vidripack.com\/es\/botellas-vidrio\/garrafa-galon-2l\/","og_locale":"es_ES","og_type":"article","og_title":"Garrafa de cristal 2 Litros \u21e8 C\u00f3mprala en\u3010VIDRIPACK\u3011","og_description":"\u00bfEst\u00e1s buscando una garrafa de vidrio de 2 litros? En Vidripack la tenemos! Adem\u00e1s, dispones de amplio cat\u00e1logo de envases. \u00a1Entra ahora!","og_url":"https:\/\/vidripack.com\/es\/botellas-vidrio\/garrafa-galon-2l\/","og_site_name":"Vidripack","article_publisher":"https:\/\/www.facebook.com\/Vidripack","article_modified_time":"2021-11-02T08:46:42+00:00","og_image":[{"width":500,"height":500,"url":"https:\/\/vidripack.com\/es\/wp-content\/uploads\/2020\/11\/garrafa-galon-2l-1.jpg","type":"image\/jpeg"}],"twitter_card":"summary_large_image","schema":{"@context":"https:\/\/schema.org","@graph":[{"@type":"WebPage","@id":"https:\/\/vidripack.com\/es\/botellas-vidrio\/garrafa-galon-2l\/","url":"https:\/\/vidripack.com\/es\/botellas-vidrio\/garrafa-galon-2l\/","name":"Garrafa de cristal 2 Litros \u21e8 C\u00f3mprala en\u3010VIDRIPACK\u3011","isPartOf":{"@id":"https:\/\/vidripack.com\/es\/#website"},"primaryImageOfPage":{"@id":"https:\/\/vidripack.com\/es\/botellas-vidrio\/garrafa-galon-2l\/#primaryimage"},"image":{"@id":"https:\/\/vidripack.com\/es\/botellas-vidrio\/garrafa-galon-2l\/#primaryimage"},"thumbnailUrl":"https:\/\/vidripack.com\/es\/wp-content\/uploads\/2020\/11\/garrafa-galon-2l-1.jpg","datePublished":"2020-11-17T10:39:10+00:00","dateModified":"2021-11-02T08:46:42+00:00","description":"\u00bfEst\u00e1s buscando una garrafa de vidrio de 2 litros? En Vidripack la tenemos! Adem\u00e1s, dispones de amplio cat\u00e1logo de envases. \u00a1Entra ahora!","breadcrumb":{"@id":"https:\/\/vidripack.com\/es\/botellas-vidrio\/garrafa-galon-2l\/#breadcrumb"},"inLanguage":"es","potentialAction":[{"@type":"ReadAction","target":["https:\/\/vidripack.com\/es\/botellas-vidrio\/garrafa-galon-2l\/"]}]},{"@type":"ImageObject","inLanguage":"es","@id":"https:\/\/vidripack.com\/es\/botellas-vidrio\/garrafa-galon-2l\/#primaryimage","url":"https:\/\/vidripack.com\/es\/wp-content\/uploads\/2020\/11\/garrafa-galon-2l-1.jpg","contentUrl":"https:\/\/vidripack.com\/es\/wp-content\/uploads\/2020\/11\/garrafa-galon-2l-1.jpg","width":500,"height":500,"caption":"Garrafa de dos litros de vidrio"},{"@type":"BreadcrumbList","@id":"https:\/\/vidripack.com\/es\/botellas-vidrio\/garrafa-galon-2l\/#breadcrumb","itemListElement":[{"@type":"ListItem","position":1,"name":"Portada","item":"https:\/\/vidripack.com\/es\/"},{"@type":"ListItem","position":2,"name":"Cat\u00e1logo de productos","item":"https:\/\/vidripack.com\/es\/catalogo-de-productos\/"},{"@type":"ListItem","position":3,"name":"Garrafa Galon 2L"}]},{"@type":"WebSite","@id":"https:\/\/vidripack.com\/es\/#website","url":"https:\/\/vidripack.com\/es\/","name":"Vidripack","description":"Distribuci\u00f3n de envases y PET","potentialAction":[{"@type":"SearchAction","target":{"@type":"EntryPoint","urlTemplate":"https:\/\/vidripack.com\/es\/?s={search_term_string}"},"query-input":{"@type":"PropertyValueSpecification","valueRequired":true,"valueName":"search_term_string"}}],"inLanguage":"es"}]}},"_links":{"self":[{"href":"https:\/\/vidripack.com\/es\/wp-json\/wp\/v2\/product\/2571","targetHints":{"allow":["GET"]}}],"collection":[{"href":"https:\/\/vidripack.com\/es\/wp-json\/wp\/v2\/product"}],"about":[{"href":"https:\/\/vidripack.com\/es\/wp-json\/wp\/v2\/types\/product"}],"wp:featuredmedia":[{"embeddable":true,"href":"https:\/\/vidripack.com\/es\/wp-json\/wp\/v2\/media\/2572"}],"wp:attachment":[{"href":"https:\/\/vidripack.com\/es\/wp-json\/wp\/v2\/media?parent=2571"}],"wp:term":[{"taxonomy":"product_brand","embeddable":true,"href":"https:\/\/vidripack.com\/es\/wp-json\/wp\/v2\/product_brand?post=2571"},{"taxonomy":"product_cat","embeddable":true,"href":"https:\/\/vidripack.com\/es\/wp-json\/wp\/v2\/product_cat?post=2571"},{"taxonomy":"product_tag","embeddable":true,"href":"https:\/\/vidripack.com\/es\/wp-json\/wp\/v2\/product_tag?post=2571"}],"curies":[{"name":"wp","href":"https:\/\/api.w.org\/{rel}","templated":true}]}}