{"id":2428,"date":"2020-03-09T18:45:55","date_gmt":"2020-03-09T17:45:55","guid":{"rendered":"https:\/\/vidripack.com\/es\/?post_type=product&#038;p=2428"},"modified":"2020-03-09T18:45:55","modified_gmt":"2020-03-09T17:45:55","slug":"caribe-70-ecova-guala","status":"publish","type":"product","link":"https:\/\/vidripack.com\/es\/botellas-vidrio\/caribe-70-ecova-guala\/","title":{"rendered":"Caribe 70 Ecova Guala"},"content":{"rendered":"<p>Capacidad: 700 ml<br \/>\nPeso: 370 g<br \/>\nAltura: 279 mm<br \/>\nDi\u00e1metro: 73 mm<br \/>\nBoca: Guala<br \/>\nColor: Blanco<\/p>\n","protected":false},"excerpt":{"rendered":"<p><strong>INTRODUCCI\u00d3N<\/strong><\/p>\n<p>Envases para vinos, cavas y sidras. Disponemos de distintos dise\u00f1os donde poder elegir el modelo que m\u00e1s se ajuste a la personalidad del producto.<\/p>\n<p>Capacidad: 700 ml<br \/>\nAltura: 279 mm<br \/>\nDi\u00e1metro: 73 mm<\/p>\n<h4>Pallet: 1624 Unidades<\/h4>\n","protected":false},"featured_media":2429,"template":"","meta":[],"product_brand":[],"product_cat":[169,175],"product_tag":[],"class_list":{"0":"post-2428","1":"product","2":"type-product","3":"status-publish","4":"has-post-thumbnail","6":"product_cat-botellas-vidrio","7":"product_cat-licores","9":"first","10":"instock","11":"taxable","12":"shipping-taxable","13":"product-type-simple"},"yoast_head":"<!-- This site is optimized with the Yoast SEO plugin v27.2 - https:\/\/yoast.com\/product\/yoast-seo-wordpress\/ -->\n<title>Caribe 70 Ecova Guala - Vidripack<\/title>\n<meta name=\"description\" content=\"INTRODUCCI\u00d3N  Envases para vinos, cavas y sidras. Disponemos de distintos dise\u00f1os donde poder elegir el modelo que m\u00e1s se ajuste a la personalidad del producto.  Capacidad: 700 ml Altura: 279 mm Di\u00e1metro: 73 mm Pallet: 1624 Unidades\" \/>\n<meta name=\"robots\" content=\"index, follow, max-snippet:-1, max-image-preview:large, max-video-preview:-1\" \/>\n<link rel=\"canonical\" href=\"https:\/\/vidripack.com\/es\/botellas-vidrio\/caribe-70-ecova-guala\/\" \/>\n<meta property=\"og:locale\" content=\"es_ES\" \/>\n<meta property=\"og:type\" content=\"article\" \/>\n<meta property=\"og:title\" content=\"Caribe 70 Ecova Guala - Vidripack\" \/>\n<meta property=\"og:description\" content=\"INTRODUCCI\u00d3N  Envases para vinos, cavas y sidras. Disponemos de distintos dise\u00f1os donde poder elegir el modelo que m\u00e1s se ajuste a la personalidad del producto.  Capacidad: 700 ml Altura: 279 mm Di\u00e1metro: 73 mm Pallet: 1624 Unidades\" \/>\n<meta property=\"og:url\" content=\"https:\/\/vidripack.com\/es\/botellas-vidrio\/caribe-70-ecova-guala\/\" \/>\n<meta property=\"og:site_name\" content=\"Vidripack\" \/>\n<meta property=\"article:publisher\" content=\"https:\/\/www.facebook.com\/Vidripack\" \/>\n<meta property=\"og:image\" content=\"https:\/\/vidripack.com\/es\/wp-content\/uploads\/2020\/03\/caribe-70-ecova-guala.jpg\" \/>\n\t<meta property=\"og:image:width\" content=\"500\" \/>\n\t<meta property=\"og:image:height\" content=\"500\" \/>\n\t<meta property=\"og:image:type\" content=\"image\/jpeg\" \/>\n<meta name=\"twitter:card\" content=\"summary_large_image\" \/>\n<script type=\"application\/ld+json\" class=\"yoast-schema-graph\">{\"@context\":\"https:\/\/schema.org\",\"@graph\":[{\"@type\":\"WebPage\",\"@id\":\"https:\/\/vidripack.com\/es\/botellas-vidrio\/caribe-70-ecova-guala\/\",\"url\":\"https:\/\/vidripack.com\/es\/botellas-vidrio\/caribe-70-ecova-guala\/\",\"name\":\"Caribe 70 Ecova Guala - Vidripack\",\"isPartOf\":{\"@id\":\"https:\/\/vidripack.com\/es\/#website\"},\"primaryImageOfPage\":{\"@id\":\"https:\/\/vidripack.com\/es\/botellas-vidrio\/caribe-70-ecova-guala\/#primaryimage\"},\"image\":{\"@id\":\"https:\/\/vidripack.com\/es\/botellas-vidrio\/caribe-70-ecova-guala\/#primaryimage\"},\"thumbnailUrl\":\"https:\/\/vidripack.com\/es\/wp-content\/uploads\/2020\/03\/caribe-70-ecova-guala.jpg\",\"datePublished\":\"2020-03-09T17:45:55+00:00\",\"description\":\"INTRODUCCI\u00d3N Envases para vinos, cavas y sidras. Disponemos de distintos dise\u00f1os donde poder elegir el modelo que m\u00e1s se ajuste a la personalidad del producto. Capacidad: 700 ml Altura: 279 mm Di\u00e1metro: 73 mm Pallet: 1624 Unidades\",\"breadcrumb\":{\"@id\":\"https:\/\/vidripack.com\/es\/botellas-vidrio\/caribe-70-ecova-guala\/#breadcrumb\"},\"inLanguage\":\"es\",\"potentialAction\":[{\"@type\":\"ReadAction\",\"target\":[\"https:\/\/vidripack.com\/es\/botellas-vidrio\/caribe-70-ecova-guala\/\"]}]},{\"@type\":\"ImageObject\",\"inLanguage\":\"es\",\"@id\":\"https:\/\/vidripack.com\/es\/botellas-vidrio\/caribe-70-ecova-guala\/#primaryimage\",\"url\":\"https:\/\/vidripack.com\/es\/wp-content\/uploads\/2020\/03\/caribe-70-ecova-guala.jpg\",\"contentUrl\":\"https:\/\/vidripack.com\/es\/wp-content\/uploads\/2020\/03\/caribe-70-ecova-guala.jpg\",\"width\":500,\"height\":500},{\"@type\":\"BreadcrumbList\",\"@id\":\"https:\/\/vidripack.com\/es\/botellas-vidrio\/caribe-70-ecova-guala\/#breadcrumb\",\"itemListElement\":[{\"@type\":\"ListItem\",\"position\":1,\"name\":\"Portada\",\"item\":\"https:\/\/vidripack.com\/es\/\"},{\"@type\":\"ListItem\",\"position\":2,\"name\":\"Cat\u00e1logo de productos\",\"item\":\"https:\/\/vidripack.com\/es\/catalogo-de-productos\/\"},{\"@type\":\"ListItem\",\"position\":3,\"name\":\"Caribe 70 Ecova Guala\"}]},{\"@type\":\"WebSite\",\"@id\":\"https:\/\/vidripack.com\/es\/#website\",\"url\":\"https:\/\/vidripack.com\/es\/\",\"name\":\"Vidripack\",\"description\":\"Distribuci\u00f3n de envases y PET\",\"potentialAction\":[{\"@type\":\"SearchAction\",\"target\":{\"@type\":\"EntryPoint\",\"urlTemplate\":\"https:\/\/vidripack.com\/es\/?s={search_term_string}\"},\"query-input\":{\"@type\":\"PropertyValueSpecification\",\"valueRequired\":true,\"valueName\":\"search_term_string\"}}],\"inLanguage\":\"es\"}]}<\/script>\n<!-- \/ Yoast SEO plugin. -->","yoast_head_json":{"title":"Caribe 70 Ecova Guala - Vidripack","description":"INTRODUCCI\u00d3N  Envases para vinos, cavas y sidras. Disponemos de distintos dise\u00f1os donde poder elegir el modelo que m\u00e1s se ajuste a la personalidad del producto.  Capacidad: 700 ml Altura: 279 mm Di\u00e1metro: 73 mm Pallet: 1624 Unidades","robots":{"index":"index","follow":"follow","max-snippet":"max-snippet:-1","max-image-preview":"max-image-preview:large","max-video-preview":"max-video-preview:-1"},"canonical":"https:\/\/vidripack.com\/es\/botellas-vidrio\/caribe-70-ecova-guala\/","og_locale":"es_ES","og_type":"article","og_title":"Caribe 70 Ecova Guala - Vidripack","og_description":"INTRODUCCI\u00d3N  Envases para vinos, cavas y sidras. Disponemos de distintos dise\u00f1os donde poder elegir el modelo que m\u00e1s se ajuste a la personalidad del producto.  Capacidad: 700 ml Altura: 279 mm Di\u00e1metro: 73 mm Pallet: 1624 Unidades","og_url":"https:\/\/vidripack.com\/es\/botellas-vidrio\/caribe-70-ecova-guala\/","og_site_name":"Vidripack","article_publisher":"https:\/\/www.facebook.com\/Vidripack","og_image":[{"width":500,"height":500,"url":"https:\/\/vidripack.com\/es\/wp-content\/uploads\/2020\/03\/caribe-70-ecova-guala.jpg","type":"image\/jpeg"}],"twitter_card":"summary_large_image","schema":{"@context":"https:\/\/schema.org","@graph":[{"@type":"WebPage","@id":"https:\/\/vidripack.com\/es\/botellas-vidrio\/caribe-70-ecova-guala\/","url":"https:\/\/vidripack.com\/es\/botellas-vidrio\/caribe-70-ecova-guala\/","name":"Caribe 70 Ecova Guala - Vidripack","isPartOf":{"@id":"https:\/\/vidripack.com\/es\/#website"},"primaryImageOfPage":{"@id":"https:\/\/vidripack.com\/es\/botellas-vidrio\/caribe-70-ecova-guala\/#primaryimage"},"image":{"@id":"https:\/\/vidripack.com\/es\/botellas-vidrio\/caribe-70-ecova-guala\/#primaryimage"},"thumbnailUrl":"https:\/\/vidripack.com\/es\/wp-content\/uploads\/2020\/03\/caribe-70-ecova-guala.jpg","datePublished":"2020-03-09T17:45:55+00:00","description":"INTRODUCCI\u00d3N Envases para vinos, cavas y sidras. Disponemos de distintos dise\u00f1os donde poder elegir el modelo que m\u00e1s se ajuste a la personalidad del producto. Capacidad: 700 ml Altura: 279 mm Di\u00e1metro: 73 mm Pallet: 1624 Unidades","breadcrumb":{"@id":"https:\/\/vidripack.com\/es\/botellas-vidrio\/caribe-70-ecova-guala\/#breadcrumb"},"inLanguage":"es","potentialAction":[{"@type":"ReadAction","target":["https:\/\/vidripack.com\/es\/botellas-vidrio\/caribe-70-ecova-guala\/"]}]},{"@type":"ImageObject","inLanguage":"es","@id":"https:\/\/vidripack.com\/es\/botellas-vidrio\/caribe-70-ecova-guala\/#primaryimage","url":"https:\/\/vidripack.com\/es\/wp-content\/uploads\/2020\/03\/caribe-70-ecova-guala.jpg","contentUrl":"https:\/\/vidripack.com\/es\/wp-content\/uploads\/2020\/03\/caribe-70-ecova-guala.jpg","width":500,"height":500},{"@type":"BreadcrumbList","@id":"https:\/\/vidripack.com\/es\/botellas-vidrio\/caribe-70-ecova-guala\/#breadcrumb","itemListElement":[{"@type":"ListItem","position":1,"name":"Portada","item":"https:\/\/vidripack.com\/es\/"},{"@type":"ListItem","position":2,"name":"Cat\u00e1logo de productos","item":"https:\/\/vidripack.com\/es\/catalogo-de-productos\/"},{"@type":"ListItem","position":3,"name":"Caribe 70 Ecova Guala"}]},{"@type":"WebSite","@id":"https:\/\/vidripack.com\/es\/#website","url":"https:\/\/vidripack.com\/es\/","name":"Vidripack","description":"Distribuci\u00f3n de envases y PET","potentialAction":[{"@type":"SearchAction","target":{"@type":"EntryPoint","urlTemplate":"https:\/\/vidripack.com\/es\/?s={search_term_string}"},"query-input":{"@type":"PropertyValueSpecification","valueRequired":true,"valueName":"search_term_string"}}],"inLanguage":"es"}]}},"_links":{"self":[{"href":"https:\/\/vidripack.com\/es\/wp-json\/wp\/v2\/product\/2428","targetHints":{"allow":["GET"]}}],"collection":[{"href":"https:\/\/vidripack.com\/es\/wp-json\/wp\/v2\/product"}],"about":[{"href":"https:\/\/vidripack.com\/es\/wp-json\/wp\/v2\/types\/product"}],"wp:featuredmedia":[{"embeddable":true,"href":"https:\/\/vidripack.com\/es\/wp-json\/wp\/v2\/media\/2429"}],"wp:attachment":[{"href":"https:\/\/vidripack.com\/es\/wp-json\/wp\/v2\/media?parent=2428"}],"wp:term":[{"taxonomy":"product_brand","embeddable":true,"href":"https:\/\/vidripack.com\/es\/wp-json\/wp\/v2\/product_brand?post=2428"},{"taxonomy":"product_cat","embeddable":true,"href":"https:\/\/vidripack.com\/es\/wp-json\/wp\/v2\/product_cat?post=2428"},{"taxonomy":"product_tag","embeddable":true,"href":"https:\/\/vidripack.com\/es\/wp-json\/wp\/v2\/product_tag?post=2428"}],"curies":[{"name":"wp","href":"https:\/\/api.w.org\/{rel}","templated":true}]}}