{"id":2139,"date":"2017-05-03T11:11:36","date_gmt":"2017-05-03T11:11:36","guid":{"rendered":"http:\/\/vidripack.com\/es\/?post_type=product&#038;p=2139"},"modified":"2020-03-23T09:50:22","modified_gmt":"2020-03-23T08:50:22","slug":"envase-pet-panal-miel-250-375","status":"publish","type":"product","link":"https:\/\/vidripack.com\/es\/envases-plastico\/envase-pet-panal-miel-250-375\/","title":{"rendered":"Envase PET panal miel 250-375"},"content":{"rendered":"<p>Capacidad: 250-375\u00a0ml<\/p>\n<p>Color: Transparente<\/p>\n<p>&nbsp;<\/p>\n<p>Tap\u00f3n: antigoteo dorado<\/p>\n","protected":false},"excerpt":{"rendered":"<p><strong>INTRODUCCI\u00d3N<\/strong><\/p>\n<p>Envases fabricados en PET para vinos, aceites y otros productos. Disponemos de una amplia gama de envases de pl\u00e1stico para que la presentaci\u00f3n del producto final sea perfecta.<\/p>\n<p>Capacidad: 250-375\u00a0ml<br \/>\nColor: Transparente<br \/>\nTap\u00f3n:\u00a0antigoteo dorado<\/p>\n","protected":false},"featured_media":2140,"template":"","meta":[],"product_brand":[],"product_cat":[178,177],"product_tag":[],"class_list":{"0":"post-2139","1":"product","2":"type-product","3":"status-publish","4":"has-post-thumbnail","6":"product_cat-botellas","7":"product_cat-envases-plastico","9":"first","10":"instock","11":"taxable","12":"shipping-taxable","13":"product-type-simple"},"yoast_head":"<!-- This site is optimized with the Yoast SEO plugin v27.2 - https:\/\/yoast.com\/product\/yoast-seo-wordpress\/ -->\n<title>Envase PET panal miel 250-375 - Vidripack<\/title>\n<meta name=\"description\" content=\"INTRODUCCI\u00d3N  Envases fabricados en PET para vinos, aceites y otros productos. Disponemos de una amplia gama de envases de pl\u00e1stico para que la presentaci\u00f3n del producto final sea perfecta.  Capacidad: 250-375\u00a0ml Color: Transparente Tap\u00f3n:\u00a0antigoteo dorado\" \/>\n<meta name=\"robots\" content=\"index, follow, max-snippet:-1, max-image-preview:large, max-video-preview:-1\" \/>\n<link rel=\"canonical\" href=\"https:\/\/vidripack.com\/es\/envases-plastico\/envase-pet-panal-miel-250-375\/\" \/>\n<meta property=\"og:locale\" content=\"es_ES\" \/>\n<meta property=\"og:type\" content=\"article\" \/>\n<meta property=\"og:title\" content=\"Envase PET panal miel 250-375 - Vidripack\" \/>\n<meta property=\"og:description\" content=\"INTRODUCCI\u00d3N  Envases fabricados en PET para vinos, aceites y otros productos. Disponemos de una amplia gama de envases de pl\u00e1stico para que la presentaci\u00f3n del producto final sea perfecta.  Capacidad: 250-375\u00a0ml Color: Transparente Tap\u00f3n:\u00a0antigoteo dorado\" \/>\n<meta property=\"og:url\" content=\"https:\/\/vidripack.com\/es\/envases-plastico\/envase-pet-panal-miel-250-375\/\" \/>\n<meta property=\"og:site_name\" content=\"Vidripack\" \/>\n<meta property=\"article:publisher\" content=\"https:\/\/www.facebook.com\/Vidripack\" \/>\n<meta property=\"article:modified_time\" content=\"2020-03-23T08:50:22+00:00\" \/>\n<meta property=\"og:image\" content=\"https:\/\/vidripack.com\/es\/wp-content\/uploads\/2017\/05\/ENVASE-PET-PANAL-MIEL-250-ML-\u2013-375-ML-TAPON-ANTIGOTEO-DORADO.jpg\" \/>\n\t<meta property=\"og:image:width\" content=\"500\" \/>\n\t<meta property=\"og:image:height\" content=\"500\" \/>\n\t<meta property=\"og:image:type\" content=\"image\/jpeg\" \/>\n<meta name=\"twitter:card\" content=\"summary_large_image\" \/>\n<script type=\"application\/ld+json\" class=\"yoast-schema-graph\">{\"@context\":\"https:\/\/schema.org\",\"@graph\":[{\"@type\":\"WebPage\",\"@id\":\"https:\/\/vidripack.com\/es\/envases-plastico\/envase-pet-panal-miel-250-375\/\",\"url\":\"https:\/\/vidripack.com\/es\/envases-plastico\/envase-pet-panal-miel-250-375\/\",\"name\":\"Envase PET panal miel 250-375 - Vidripack\",\"isPartOf\":{\"@id\":\"https:\/\/vidripack.com\/es\/#website\"},\"primaryImageOfPage\":{\"@id\":\"https:\/\/vidripack.com\/es\/envases-plastico\/envase-pet-panal-miel-250-375\/#primaryimage\"},\"image\":{\"@id\":\"https:\/\/vidripack.com\/es\/envases-plastico\/envase-pet-panal-miel-250-375\/#primaryimage\"},\"thumbnailUrl\":\"https:\/\/vidripack.com\/es\/wp-content\/uploads\/2017\/05\/ENVASE-PET-PANAL-MIEL-250-ML-\u2013-375-ML-TAPON-ANTIGOTEO-DORADO.jpg\",\"datePublished\":\"2017-05-03T11:11:36+00:00\",\"dateModified\":\"2020-03-23T08:50:22+00:00\",\"description\":\"INTRODUCCI\u00d3N Envases fabricados en PET para vinos, aceites y otros productos. Disponemos de una amplia gama de envases de pl\u00e1stico para que la presentaci\u00f3n del producto final sea perfecta. Capacidad: 250-375\u00a0ml Color: Transparente Tap\u00f3n:\u00a0antigoteo dorado\",\"breadcrumb\":{\"@id\":\"https:\/\/vidripack.com\/es\/envases-plastico\/envase-pet-panal-miel-250-375\/#breadcrumb\"},\"inLanguage\":\"es\",\"potentialAction\":[{\"@type\":\"ReadAction\",\"target\":[\"https:\/\/vidripack.com\/es\/envases-plastico\/envase-pet-panal-miel-250-375\/\"]}]},{\"@type\":\"ImageObject\",\"inLanguage\":\"es\",\"@id\":\"https:\/\/vidripack.com\/es\/envases-plastico\/envase-pet-panal-miel-250-375\/#primaryimage\",\"url\":\"https:\/\/vidripack.com\/es\/wp-content\/uploads\/2017\/05\/ENVASE-PET-PANAL-MIEL-250-ML-\u2013-375-ML-TAPON-ANTIGOTEO-DORADO.jpg\",\"contentUrl\":\"https:\/\/vidripack.com\/es\/wp-content\/uploads\/2017\/05\/ENVASE-PET-PANAL-MIEL-250-ML-\u2013-375-ML-TAPON-ANTIGOTEO-DORADO.jpg\",\"width\":500,\"height\":500,\"caption\":\"ENVASE PET PANAL MIEL 250 ML 375 ML\"},{\"@type\":\"BreadcrumbList\",\"@id\":\"https:\/\/vidripack.com\/es\/envases-plastico\/envase-pet-panal-miel-250-375\/#breadcrumb\",\"itemListElement\":[{\"@type\":\"ListItem\",\"position\":1,\"name\":\"Portada\",\"item\":\"https:\/\/vidripack.com\/es\/\"},{\"@type\":\"ListItem\",\"position\":2,\"name\":\"Cat\u00e1logo de productos\",\"item\":\"https:\/\/vidripack.com\/es\/catalogo-de-productos\/\"},{\"@type\":\"ListItem\",\"position\":3,\"name\":\"Envase PET panal miel 250-375\"}]},{\"@type\":\"WebSite\",\"@id\":\"https:\/\/vidripack.com\/es\/#website\",\"url\":\"https:\/\/vidripack.com\/es\/\",\"name\":\"Vidripack\",\"description\":\"Distribuci\u00f3n de envases y PET\",\"potentialAction\":[{\"@type\":\"SearchAction\",\"target\":{\"@type\":\"EntryPoint\",\"urlTemplate\":\"https:\/\/vidripack.com\/es\/?s={search_term_string}\"},\"query-input\":{\"@type\":\"PropertyValueSpecification\",\"valueRequired\":true,\"valueName\":\"search_term_string\"}}],\"inLanguage\":\"es\"}]}<\/script>\n<!-- \/ Yoast SEO plugin. -->","yoast_head_json":{"title":"Envase PET panal miel 250-375 - Vidripack","description":"INTRODUCCI\u00d3N  Envases fabricados en PET para vinos, aceites y otros productos. Disponemos de una amplia gama de envases de pl\u00e1stico para que la presentaci\u00f3n del producto final sea perfecta.  Capacidad: 250-375\u00a0ml Color: Transparente Tap\u00f3n:\u00a0antigoteo dorado","robots":{"index":"index","follow":"follow","max-snippet":"max-snippet:-1","max-image-preview":"max-image-preview:large","max-video-preview":"max-video-preview:-1"},"canonical":"https:\/\/vidripack.com\/es\/envases-plastico\/envase-pet-panal-miel-250-375\/","og_locale":"es_ES","og_type":"article","og_title":"Envase PET panal miel 250-375 - Vidripack","og_description":"INTRODUCCI\u00d3N  Envases fabricados en PET para vinos, aceites y otros productos. Disponemos de una amplia gama de envases de pl\u00e1stico para que la presentaci\u00f3n del producto final sea perfecta.  Capacidad: 250-375\u00a0ml Color: Transparente Tap\u00f3n:\u00a0antigoteo dorado","og_url":"https:\/\/vidripack.com\/es\/envases-plastico\/envase-pet-panal-miel-250-375\/","og_site_name":"Vidripack","article_publisher":"https:\/\/www.facebook.com\/Vidripack","article_modified_time":"2020-03-23T08:50:22+00:00","og_image":[{"width":500,"height":500,"url":"https:\/\/vidripack.com\/es\/wp-content\/uploads\/2017\/05\/ENVASE-PET-PANAL-MIEL-250-ML-\u2013-375-ML-TAPON-ANTIGOTEO-DORADO.jpg","type":"image\/jpeg"}],"twitter_card":"summary_large_image","schema":{"@context":"https:\/\/schema.org","@graph":[{"@type":"WebPage","@id":"https:\/\/vidripack.com\/es\/envases-plastico\/envase-pet-panal-miel-250-375\/","url":"https:\/\/vidripack.com\/es\/envases-plastico\/envase-pet-panal-miel-250-375\/","name":"Envase PET panal miel 250-375 - Vidripack","isPartOf":{"@id":"https:\/\/vidripack.com\/es\/#website"},"primaryImageOfPage":{"@id":"https:\/\/vidripack.com\/es\/envases-plastico\/envase-pet-panal-miel-250-375\/#primaryimage"},"image":{"@id":"https:\/\/vidripack.com\/es\/envases-plastico\/envase-pet-panal-miel-250-375\/#primaryimage"},"thumbnailUrl":"https:\/\/vidripack.com\/es\/wp-content\/uploads\/2017\/05\/ENVASE-PET-PANAL-MIEL-250-ML-\u2013-375-ML-TAPON-ANTIGOTEO-DORADO.jpg","datePublished":"2017-05-03T11:11:36+00:00","dateModified":"2020-03-23T08:50:22+00:00","description":"INTRODUCCI\u00d3N Envases fabricados en PET para vinos, aceites y otros productos. Disponemos de una amplia gama de envases de pl\u00e1stico para que la presentaci\u00f3n del producto final sea perfecta. Capacidad: 250-375\u00a0ml Color: Transparente Tap\u00f3n:\u00a0antigoteo dorado","breadcrumb":{"@id":"https:\/\/vidripack.com\/es\/envases-plastico\/envase-pet-panal-miel-250-375\/#breadcrumb"},"inLanguage":"es","potentialAction":[{"@type":"ReadAction","target":["https:\/\/vidripack.com\/es\/envases-plastico\/envase-pet-panal-miel-250-375\/"]}]},{"@type":"ImageObject","inLanguage":"es","@id":"https:\/\/vidripack.com\/es\/envases-plastico\/envase-pet-panal-miel-250-375\/#primaryimage","url":"https:\/\/vidripack.com\/es\/wp-content\/uploads\/2017\/05\/ENVASE-PET-PANAL-MIEL-250-ML-\u2013-375-ML-TAPON-ANTIGOTEO-DORADO.jpg","contentUrl":"https:\/\/vidripack.com\/es\/wp-content\/uploads\/2017\/05\/ENVASE-PET-PANAL-MIEL-250-ML-\u2013-375-ML-TAPON-ANTIGOTEO-DORADO.jpg","width":500,"height":500,"caption":"ENVASE PET PANAL MIEL 250 ML 375 ML"},{"@type":"BreadcrumbList","@id":"https:\/\/vidripack.com\/es\/envases-plastico\/envase-pet-panal-miel-250-375\/#breadcrumb","itemListElement":[{"@type":"ListItem","position":1,"name":"Portada","item":"https:\/\/vidripack.com\/es\/"},{"@type":"ListItem","position":2,"name":"Cat\u00e1logo de productos","item":"https:\/\/vidripack.com\/es\/catalogo-de-productos\/"},{"@type":"ListItem","position":3,"name":"Envase PET panal miel 250-375"}]},{"@type":"WebSite","@id":"https:\/\/vidripack.com\/es\/#website","url":"https:\/\/vidripack.com\/es\/","name":"Vidripack","description":"Distribuci\u00f3n de envases y PET","potentialAction":[{"@type":"SearchAction","target":{"@type":"EntryPoint","urlTemplate":"https:\/\/vidripack.com\/es\/?s={search_term_string}"},"query-input":{"@type":"PropertyValueSpecification","valueRequired":true,"valueName":"search_term_string"}}],"inLanguage":"es"}]}},"_links":{"self":[{"href":"https:\/\/vidripack.com\/es\/wp-json\/wp\/v2\/product\/2139","targetHints":{"allow":["GET"]}}],"collection":[{"href":"https:\/\/vidripack.com\/es\/wp-json\/wp\/v2\/product"}],"about":[{"href":"https:\/\/vidripack.com\/es\/wp-json\/wp\/v2\/types\/product"}],"wp:featuredmedia":[{"embeddable":true,"href":"https:\/\/vidripack.com\/es\/wp-json\/wp\/v2\/media\/2140"}],"wp:attachment":[{"href":"https:\/\/vidripack.com\/es\/wp-json\/wp\/v2\/media?parent=2139"}],"wp:term":[{"taxonomy":"product_brand","embeddable":true,"href":"https:\/\/vidripack.com\/es\/wp-json\/wp\/v2\/product_brand?post=2139"},{"taxonomy":"product_cat","embeddable":true,"href":"https:\/\/vidripack.com\/es\/wp-json\/wp\/v2\/product_cat?post=2139"},{"taxonomy":"product_tag","embeddable":true,"href":"https:\/\/vidripack.com\/es\/wp-json\/wp\/v2\/product_tag?post=2139"}],"curies":[{"name":"wp","href":"https:\/\/api.w.org\/{rel}","templated":true}]}}