{"id":2132,"date":"2017-05-03T10:46:40","date_gmt":"2017-05-03T10:46:40","guid":{"rendered":"http:\/\/vidripack.com\/es\/?post_type=product&#038;p=2132"},"modified":"2020-03-10T09:20:47","modified_gmt":"2020-03-10T08:20:47","slug":"cubo-6500","status":"publish","type":"product","link":"https:\/\/vidripack.com\/es\/envases-plastico\/cubo-6500\/","title":{"rendered":"Cubo 6500"},"content":{"rendered":"<p>Capacidad: 6.500\u00a0ml<\/p>\n<p>Formato:\u00a0Redondo<\/p>\n<p>Color: Transparente<\/p>\n<p>Tapa:\u00a0Cierre herm\u00e9tico con precinto<\/p>\n<p>Asa:\u00a0S\u00ed (de polipropileno)<\/p>\n<p>Material:\u00a0Polipropileno copolimero de uso alimentario<\/p>\n<p>Datos de uso: Temperatura m\u00ednima: &#8211; 40o C \/ Temperatura m\u00e1xima: 110o C<\/p>\n<p>Sectores de uso: C\u00e1rnicos, l\u00e1cteos, cremas, pat\u00e9s, encurtidos, frutos secos, legumbres&#8230;<\/p>\n<p>Aplicaciones: Envases para productos frescos, cocidos, congelados y aptos para microondas<\/p>\n","protected":false},"excerpt":{"rendered":"<p><strong>INTRODUCCI\u00d3N<\/strong><\/p>\n<p>Tarrinas y cubos\u00a0fabricados\u00a0para el envasado\u00a0de distintos productos de alimentaci\u00f3n, en una gran diversidad de formatos que permiten ajustar su capacidad y caracter\u00edsticas al contenido al que est\u00e1n destinados.<\/p>\n<p>Capacidad: 6.500\u00a0ml<br \/>\nFormato:\u00a0Redondo<br \/>\nTapa:\u00a0Cierre herm\u00e9tico con precinto<\/p>\n","protected":false},"featured_media":2133,"template":"","meta":[],"product_brand":[],"product_cat":[146,177],"product_tag":[],"class_list":{"0":"post-2132","1":"product","2":"type-product","3":"status-publish","4":"has-post-thumbnail","6":"product_cat-cubos-y-tarrinas","7":"product_cat-envases-plastico","9":"first","10":"instock","11":"taxable","12":"shipping-taxable","13":"product-type-simple"},"yoast_head":"<!-- This site is optimized with the Yoast SEO plugin v27.2 - https:\/\/yoast.com\/product\/yoast-seo-wordpress\/ -->\n<title>Cubo 6500 - Vidripack<\/title>\n<meta name=\"description\" content=\"INTRODUCCI\u00d3N  Tarrinas y cubos\u00a0fabricados\u00a0para el envasado\u00a0de distintos productos de alimentaci\u00f3n, en una gran diversidad de formatos que permiten ajustar su capacidad y caracter\u00edsticas al contenido al que est\u00e1n destinados.  Capacidad: 6.500\u00a0ml Formato:\u00a0Redondo Tapa:\u00a0Cierre herm\u00e9tico con precinto\" \/>\n<meta name=\"robots\" content=\"index, follow, max-snippet:-1, max-image-preview:large, max-video-preview:-1\" \/>\n<link rel=\"canonical\" href=\"https:\/\/vidripack.com\/es\/envases-plastico\/cubo-6500\/\" \/>\n<meta property=\"og:locale\" content=\"es_ES\" \/>\n<meta property=\"og:type\" content=\"article\" \/>\n<meta property=\"og:title\" content=\"Cubo 6500 - Vidripack\" \/>\n<meta property=\"og:description\" content=\"INTRODUCCI\u00d3N  Tarrinas y cubos\u00a0fabricados\u00a0para el envasado\u00a0de distintos productos de alimentaci\u00f3n, en una gran diversidad de formatos que permiten ajustar su capacidad y caracter\u00edsticas al contenido al que est\u00e1n destinados.  Capacidad: 6.500\u00a0ml Formato:\u00a0Redondo Tapa:\u00a0Cierre herm\u00e9tico con precinto\" \/>\n<meta property=\"og:url\" content=\"https:\/\/vidripack.com\/es\/envases-plastico\/cubo-6500\/\" \/>\n<meta property=\"og:site_name\" content=\"Vidripack\" \/>\n<meta property=\"article:publisher\" content=\"https:\/\/www.facebook.com\/Vidripack\" \/>\n<meta property=\"article:modified_time\" content=\"2020-03-10T08:20:47+00:00\" \/>\n<meta property=\"og:image\" content=\"https:\/\/vidripack.com\/es\/wp-content\/uploads\/2017\/05\/Cubo-6.500-ml.jpg\" \/>\n\t<meta property=\"og:image:width\" content=\"500\" \/>\n\t<meta property=\"og:image:height\" content=\"500\" \/>\n\t<meta property=\"og:image:type\" content=\"image\/jpeg\" \/>\n<meta name=\"twitter:card\" content=\"summary_large_image\" \/>\n<script type=\"application\/ld+json\" class=\"yoast-schema-graph\">{\"@context\":\"https:\/\/schema.org\",\"@graph\":[{\"@type\":\"WebPage\",\"@id\":\"https:\/\/vidripack.com\/es\/envases-plastico\/cubo-6500\/\",\"url\":\"https:\/\/vidripack.com\/es\/envases-plastico\/cubo-6500\/\",\"name\":\"Cubo 6500 - Vidripack\",\"isPartOf\":{\"@id\":\"https:\/\/vidripack.com\/es\/#website\"},\"primaryImageOfPage\":{\"@id\":\"https:\/\/vidripack.com\/es\/envases-plastico\/cubo-6500\/#primaryimage\"},\"image\":{\"@id\":\"https:\/\/vidripack.com\/es\/envases-plastico\/cubo-6500\/#primaryimage\"},\"thumbnailUrl\":\"https:\/\/vidripack.com\/es\/wp-content\/uploads\/2017\/05\/Cubo-6.500-ml.jpg\",\"datePublished\":\"2017-05-03T10:46:40+00:00\",\"dateModified\":\"2020-03-10T08:20:47+00:00\",\"description\":\"INTRODUCCI\u00d3N Tarrinas y cubos\u00a0fabricados\u00a0para el envasado\u00a0de distintos productos de alimentaci\u00f3n, en una gran diversidad de formatos que permiten ajustar su capacidad y caracter\u00edsticas al contenido al que est\u00e1n destinados. Capacidad: 6.500\u00a0ml Formato:\u00a0Redondo Tapa:\u00a0Cierre herm\u00e9tico con precinto\",\"breadcrumb\":{\"@id\":\"https:\/\/vidripack.com\/es\/envases-plastico\/cubo-6500\/#breadcrumb\"},\"inLanguage\":\"es\",\"potentialAction\":[{\"@type\":\"ReadAction\",\"target\":[\"https:\/\/vidripack.com\/es\/envases-plastico\/cubo-6500\/\"]}]},{\"@type\":\"ImageObject\",\"inLanguage\":\"es\",\"@id\":\"https:\/\/vidripack.com\/es\/envases-plastico\/cubo-6500\/#primaryimage\",\"url\":\"https:\/\/vidripack.com\/es\/wp-content\/uploads\/2017\/05\/Cubo-6.500-ml.jpg\",\"contentUrl\":\"https:\/\/vidripack.com\/es\/wp-content\/uploads\/2017\/05\/Cubo-6.500-ml.jpg\",\"width\":500,\"height\":500,\"caption\":\"Cubo 6.500 ml\"},{\"@type\":\"BreadcrumbList\",\"@id\":\"https:\/\/vidripack.com\/es\/envases-plastico\/cubo-6500\/#breadcrumb\",\"itemListElement\":[{\"@type\":\"ListItem\",\"position\":1,\"name\":\"Portada\",\"item\":\"https:\/\/vidripack.com\/es\/\"},{\"@type\":\"ListItem\",\"position\":2,\"name\":\"Cat\u00e1logo de productos\",\"item\":\"https:\/\/vidripack.com\/es\/catalogo-de-productos\/\"},{\"@type\":\"ListItem\",\"position\":3,\"name\":\"Cubo 6500\"}]},{\"@type\":\"WebSite\",\"@id\":\"https:\/\/vidripack.com\/es\/#website\",\"url\":\"https:\/\/vidripack.com\/es\/\",\"name\":\"Vidripack\",\"description\":\"Distribuci\u00f3n de envases y PET\",\"potentialAction\":[{\"@type\":\"SearchAction\",\"target\":{\"@type\":\"EntryPoint\",\"urlTemplate\":\"https:\/\/vidripack.com\/es\/?s={search_term_string}\"},\"query-input\":{\"@type\":\"PropertyValueSpecification\",\"valueRequired\":true,\"valueName\":\"search_term_string\"}}],\"inLanguage\":\"es\"}]}<\/script>\n<!-- \/ Yoast SEO plugin. -->","yoast_head_json":{"title":"Cubo 6500 - Vidripack","description":"INTRODUCCI\u00d3N  Tarrinas y cubos\u00a0fabricados\u00a0para el envasado\u00a0de distintos productos de alimentaci\u00f3n, en una gran diversidad de formatos que permiten ajustar su capacidad y caracter\u00edsticas al contenido al que est\u00e1n destinados.  Capacidad: 6.500\u00a0ml Formato:\u00a0Redondo Tapa:\u00a0Cierre herm\u00e9tico con precinto","robots":{"index":"index","follow":"follow","max-snippet":"max-snippet:-1","max-image-preview":"max-image-preview:large","max-video-preview":"max-video-preview:-1"},"canonical":"https:\/\/vidripack.com\/es\/envases-plastico\/cubo-6500\/","og_locale":"es_ES","og_type":"article","og_title":"Cubo 6500 - Vidripack","og_description":"INTRODUCCI\u00d3N  Tarrinas y cubos\u00a0fabricados\u00a0para el envasado\u00a0de distintos productos de alimentaci\u00f3n, en una gran diversidad de formatos que permiten ajustar su capacidad y caracter\u00edsticas al contenido al que est\u00e1n destinados.  Capacidad: 6.500\u00a0ml Formato:\u00a0Redondo Tapa:\u00a0Cierre herm\u00e9tico con precinto","og_url":"https:\/\/vidripack.com\/es\/envases-plastico\/cubo-6500\/","og_site_name":"Vidripack","article_publisher":"https:\/\/www.facebook.com\/Vidripack","article_modified_time":"2020-03-10T08:20:47+00:00","og_image":[{"width":500,"height":500,"url":"https:\/\/vidripack.com\/es\/wp-content\/uploads\/2017\/05\/Cubo-6.500-ml.jpg","type":"image\/jpeg"}],"twitter_card":"summary_large_image","schema":{"@context":"https:\/\/schema.org","@graph":[{"@type":"WebPage","@id":"https:\/\/vidripack.com\/es\/envases-plastico\/cubo-6500\/","url":"https:\/\/vidripack.com\/es\/envases-plastico\/cubo-6500\/","name":"Cubo 6500 - Vidripack","isPartOf":{"@id":"https:\/\/vidripack.com\/es\/#website"},"primaryImageOfPage":{"@id":"https:\/\/vidripack.com\/es\/envases-plastico\/cubo-6500\/#primaryimage"},"image":{"@id":"https:\/\/vidripack.com\/es\/envases-plastico\/cubo-6500\/#primaryimage"},"thumbnailUrl":"https:\/\/vidripack.com\/es\/wp-content\/uploads\/2017\/05\/Cubo-6.500-ml.jpg","datePublished":"2017-05-03T10:46:40+00:00","dateModified":"2020-03-10T08:20:47+00:00","description":"INTRODUCCI\u00d3N Tarrinas y cubos\u00a0fabricados\u00a0para el envasado\u00a0de distintos productos de alimentaci\u00f3n, en una gran diversidad de formatos que permiten ajustar su capacidad y caracter\u00edsticas al contenido al que est\u00e1n destinados. Capacidad: 6.500\u00a0ml Formato:\u00a0Redondo Tapa:\u00a0Cierre herm\u00e9tico con precinto","breadcrumb":{"@id":"https:\/\/vidripack.com\/es\/envases-plastico\/cubo-6500\/#breadcrumb"},"inLanguage":"es","potentialAction":[{"@type":"ReadAction","target":["https:\/\/vidripack.com\/es\/envases-plastico\/cubo-6500\/"]}]},{"@type":"ImageObject","inLanguage":"es","@id":"https:\/\/vidripack.com\/es\/envases-plastico\/cubo-6500\/#primaryimage","url":"https:\/\/vidripack.com\/es\/wp-content\/uploads\/2017\/05\/Cubo-6.500-ml.jpg","contentUrl":"https:\/\/vidripack.com\/es\/wp-content\/uploads\/2017\/05\/Cubo-6.500-ml.jpg","width":500,"height":500,"caption":"Cubo 6.500 ml"},{"@type":"BreadcrumbList","@id":"https:\/\/vidripack.com\/es\/envases-plastico\/cubo-6500\/#breadcrumb","itemListElement":[{"@type":"ListItem","position":1,"name":"Portada","item":"https:\/\/vidripack.com\/es\/"},{"@type":"ListItem","position":2,"name":"Cat\u00e1logo de productos","item":"https:\/\/vidripack.com\/es\/catalogo-de-productos\/"},{"@type":"ListItem","position":3,"name":"Cubo 6500"}]},{"@type":"WebSite","@id":"https:\/\/vidripack.com\/es\/#website","url":"https:\/\/vidripack.com\/es\/","name":"Vidripack","description":"Distribuci\u00f3n de envases y PET","potentialAction":[{"@type":"SearchAction","target":{"@type":"EntryPoint","urlTemplate":"https:\/\/vidripack.com\/es\/?s={search_term_string}"},"query-input":{"@type":"PropertyValueSpecification","valueRequired":true,"valueName":"search_term_string"}}],"inLanguage":"es"}]}},"_links":{"self":[{"href":"https:\/\/vidripack.com\/es\/wp-json\/wp\/v2\/product\/2132","targetHints":{"allow":["GET"]}}],"collection":[{"href":"https:\/\/vidripack.com\/es\/wp-json\/wp\/v2\/product"}],"about":[{"href":"https:\/\/vidripack.com\/es\/wp-json\/wp\/v2\/types\/product"}],"wp:featuredmedia":[{"embeddable":true,"href":"https:\/\/vidripack.com\/es\/wp-json\/wp\/v2\/media\/2133"}],"wp:attachment":[{"href":"https:\/\/vidripack.com\/es\/wp-json\/wp\/v2\/media?parent=2132"}],"wp:term":[{"taxonomy":"product_brand","embeddable":true,"href":"https:\/\/vidripack.com\/es\/wp-json\/wp\/v2\/product_brand?post=2132"},{"taxonomy":"product_cat","embeddable":true,"href":"https:\/\/vidripack.com\/es\/wp-json\/wp\/v2\/product_cat?post=2132"},{"taxonomy":"product_tag","embeddable":true,"href":"https:\/\/vidripack.com\/es\/wp-json\/wp\/v2\/product_tag?post=2132"}],"curies":[{"name":"wp","href":"https:\/\/api.w.org\/{rel}","templated":true}]}}