{"id":1972,"date":"2016-11-16T08:34:13","date_gmt":"2016-11-16T08:34:13","guid":{"rendered":"http:\/\/vidripack.com\/es\/?post_type=product&#038;p=1972"},"modified":"2021-04-05T10:37:51","modified_gmt":"2021-04-05T08:37:51","slug":"botella-dorica-250","status":"publish","type":"product","link":"https:\/\/vidripack.com\/es\/aceites-zumos\/botella-dorica-250\/","title":{"rendered":"Botella d\u00f3rica 250"},"content":{"rendered":"<p>Capacidad: 250 ml<\/p>\n<p>Peso: 255 g<\/p>\n<p>Altura: 224\u00a0mm<\/p>\n<p>Di\u00e1metro: 50,5\u00a0mm<\/p>\n<p>Boca:\u00a0Rosca BVP<\/p>\n<p>Color: Verde av. blanco, canela<\/p>\n","protected":false},"excerpt":{"rendered":"<p><strong>INTRODUCCI\u00d3N<\/strong><\/p>\n<p>Envases de vidrio para aceites y vinagres. Un producto de calidad precisa de un envase a su altura. Disponemos de diferentes modelos dentro de esta categor\u00eda adapt\u00e1ndonos a la capacidad y forma que m\u00e1s convenga al producto.<\/p>\n<p>Capacidad: 250 ml<br \/>\nAltura: 224\u00a0mm<br \/>\nDi\u00e1metro: 50,5 mm<\/p>\n<h4>Pallet: 3.542 unidades<\/h4>\n","protected":false},"featured_media":1980,"template":"","meta":[],"product_brand":[],"product_cat":[176,169],"product_tag":[],"class_list":{"0":"post-1972","1":"product","2":"type-product","3":"status-publish","4":"has-post-thumbnail","6":"product_cat-aceites-zumos","7":"product_cat-botellas-vidrio","9":"first","10":"instock","11":"taxable","12":"shipping-taxable","13":"product-type-simple"},"yoast_head":"<!-- This site is optimized with the Yoast SEO plugin v27.2 - https:\/\/yoast.com\/product\/yoast-seo-wordpress\/ -->\n<title>Botella d\u00f3rica 250 - Vidripack<\/title>\n<meta name=\"description\" content=\"INTRODUCCI\u00d3N  Envases de vidrio para aceites y vinagres. Un producto de calidad precisa de un envase a su altura. Disponemos de diferentes modelos dentro de esta categor\u00eda adapt\u00e1ndonos a la capacidad y forma que m\u00e1s convenga al producto.  Capacidad: 250 ml Altura: 224\u00a0mm Di\u00e1metro: 50,5 mm Pallet: 3.542 unidades\" \/>\n<meta name=\"robots\" content=\"index, follow, max-snippet:-1, max-image-preview:large, max-video-preview:-1\" \/>\n<link rel=\"canonical\" href=\"https:\/\/vidripack.com\/es\/vidrio\/botella-dorica-500\/\" \/>\n<meta property=\"og:locale\" content=\"es_ES\" \/>\n<meta property=\"og:type\" content=\"article\" \/>\n<meta property=\"og:title\" content=\"Botella d\u00f3rica 250 - Vidripack\" \/>\n<meta property=\"og:description\" content=\"INTRODUCCI\u00d3N  Envases de vidrio para aceites y vinagres. Un producto de calidad precisa de un envase a su altura. Disponemos de diferentes modelos dentro de esta categor\u00eda adapt\u00e1ndonos a la capacidad y forma que m\u00e1s convenga al producto.  Capacidad: 250 ml Altura: 224\u00a0mm Di\u00e1metro: 50,5 mm Pallet: 3.542 unidades\" \/>\n<meta property=\"og:url\" content=\"https:\/\/vidripack.com\/es\/vidrio\/botella-dorica-500\/\" \/>\n<meta property=\"og:site_name\" content=\"Vidripack\" \/>\n<meta property=\"article:publisher\" content=\"https:\/\/www.facebook.com\/Vidripack\" \/>\n<meta property=\"article:modified_time\" content=\"2021-04-05T08:37:51+00:00\" \/>\n<meta property=\"og:image\" content=\"https:\/\/vidripack.com\/es\/wp-content\/uploads\/2016\/11\/dorica-250-verde.jpg\" \/>\n\t<meta property=\"og:image:width\" content=\"500\" \/>\n\t<meta property=\"og:image:height\" content=\"500\" \/>\n\t<meta property=\"og:image:type\" content=\"image\/jpeg\" \/>\n<meta name=\"twitter:card\" content=\"summary_large_image\" \/>\n<script type=\"application\/ld+json\" class=\"yoast-schema-graph\">{\"@context\":\"https:\/\/schema.org\",\"@graph\":[{\"@type\":\"WebPage\",\"@id\":\"https:\/\/vidripack.com\/es\/aceites-zumos\/botella-dorica-250\/\",\"url\":\"https:\/\/vidripack.com\/es\/vidrio\/botella-dorica-500\/\",\"name\":\"Botella d\u00f3rica 250 - Vidripack\",\"isPartOf\":{\"@id\":\"https:\/\/vidripack.com\/es\/#website\"},\"primaryImageOfPage\":{\"@id\":\"https:\/\/vidripack.com\/es\/vidrio\/botella-dorica-500\/#primaryimage\"},\"image\":{\"@id\":\"https:\/\/vidripack.com\/es\/vidrio\/botella-dorica-500\/#primaryimage\"},\"thumbnailUrl\":\"https:\/\/vidripack.com\/es\/wp-content\/uploads\/2016\/11\/dorica-250-verde.jpg\",\"datePublished\":\"2016-11-16T08:34:13+00:00\",\"dateModified\":\"2021-04-05T08:37:51+00:00\",\"description\":\"INTRODUCCI\u00d3N Envases de vidrio para aceites y vinagres. Un producto de calidad precisa de un envase a su altura. Disponemos de diferentes modelos dentro de esta categor\u00eda adapt\u00e1ndonos a la capacidad y forma que m\u00e1s convenga al producto. Capacidad: 250 ml Altura: 224\u00a0mm Di\u00e1metro: 50,5 mm Pallet: 3.542 unidades\",\"breadcrumb\":{\"@id\":\"https:\/\/vidripack.com\/es\/vidrio\/botella-dorica-500\/#breadcrumb\"},\"inLanguage\":\"es\",\"potentialAction\":[{\"@type\":\"ReadAction\",\"target\":[\"https:\/\/vidripack.com\/es\/vidrio\/botella-dorica-500\/\"]}]},{\"@type\":\"ImageObject\",\"inLanguage\":\"es\",\"@id\":\"https:\/\/vidripack.com\/es\/vidrio\/botella-dorica-500\/#primaryimage\",\"url\":\"https:\/\/vidripack.com\/es\/wp-content\/uploads\/2016\/11\/dorica-250-verde.jpg\",\"contentUrl\":\"https:\/\/vidripack.com\/es\/wp-content\/uploads\/2016\/11\/dorica-250-verde.jpg\",\"width\":500,\"height\":500,\"caption\":\"dorica-250-verde\"},{\"@type\":\"BreadcrumbList\",\"@id\":\"https:\/\/vidripack.com\/es\/vidrio\/botella-dorica-500\/#breadcrumb\",\"itemListElement\":[{\"@type\":\"ListItem\",\"position\":1,\"name\":\"Portada\",\"item\":\"https:\/\/vidripack.com\/es\/\"},{\"@type\":\"ListItem\",\"position\":2,\"name\":\"Cat\u00e1logo de productos\",\"item\":\"https:\/\/vidripack.com\/es\/catalogo-de-productos\/\"},{\"@type\":\"ListItem\",\"position\":3,\"name\":\"Botella d\u00f3rica 250\"}]},{\"@type\":\"WebSite\",\"@id\":\"https:\/\/vidripack.com\/es\/#website\",\"url\":\"https:\/\/vidripack.com\/es\/\",\"name\":\"Vidripack\",\"description\":\"Distribuci\u00f3n de envases y PET\",\"potentialAction\":[{\"@type\":\"SearchAction\",\"target\":{\"@type\":\"EntryPoint\",\"urlTemplate\":\"https:\/\/vidripack.com\/es\/?s={search_term_string}\"},\"query-input\":{\"@type\":\"PropertyValueSpecification\",\"valueRequired\":true,\"valueName\":\"search_term_string\"}}],\"inLanguage\":\"es\"}]}<\/script>\n<!-- \/ Yoast SEO plugin. -->","yoast_head_json":{"title":"Botella d\u00f3rica 250 - Vidripack","description":"INTRODUCCI\u00d3N  Envases de vidrio para aceites y vinagres. Un producto de calidad precisa de un envase a su altura. Disponemos de diferentes modelos dentro de esta categor\u00eda adapt\u00e1ndonos a la capacidad y forma que m\u00e1s convenga al producto.  Capacidad: 250 ml Altura: 224\u00a0mm Di\u00e1metro: 50,5 mm Pallet: 3.542 unidades","robots":{"index":"index","follow":"follow","max-snippet":"max-snippet:-1","max-image-preview":"max-image-preview:large","max-video-preview":"max-video-preview:-1"},"canonical":"https:\/\/vidripack.com\/es\/vidrio\/botella-dorica-500\/","og_locale":"es_ES","og_type":"article","og_title":"Botella d\u00f3rica 250 - Vidripack","og_description":"INTRODUCCI\u00d3N  Envases de vidrio para aceites y vinagres. Un producto de calidad precisa de un envase a su altura. Disponemos de diferentes modelos dentro de esta categor\u00eda adapt\u00e1ndonos a la capacidad y forma que m\u00e1s convenga al producto.  Capacidad: 250 ml Altura: 224\u00a0mm Di\u00e1metro: 50,5 mm Pallet: 3.542 unidades","og_url":"https:\/\/vidripack.com\/es\/vidrio\/botella-dorica-500\/","og_site_name":"Vidripack","article_publisher":"https:\/\/www.facebook.com\/Vidripack","article_modified_time":"2021-04-05T08:37:51+00:00","og_image":[{"width":500,"height":500,"url":"https:\/\/vidripack.com\/es\/wp-content\/uploads\/2016\/11\/dorica-250-verde.jpg","type":"image\/jpeg"}],"twitter_card":"summary_large_image","schema":{"@context":"https:\/\/schema.org","@graph":[{"@type":"WebPage","@id":"https:\/\/vidripack.com\/es\/aceites-zumos\/botella-dorica-250\/","url":"https:\/\/vidripack.com\/es\/vidrio\/botella-dorica-500\/","name":"Botella d\u00f3rica 250 - Vidripack","isPartOf":{"@id":"https:\/\/vidripack.com\/es\/#website"},"primaryImageOfPage":{"@id":"https:\/\/vidripack.com\/es\/vidrio\/botella-dorica-500\/#primaryimage"},"image":{"@id":"https:\/\/vidripack.com\/es\/vidrio\/botella-dorica-500\/#primaryimage"},"thumbnailUrl":"https:\/\/vidripack.com\/es\/wp-content\/uploads\/2016\/11\/dorica-250-verde.jpg","datePublished":"2016-11-16T08:34:13+00:00","dateModified":"2021-04-05T08:37:51+00:00","description":"INTRODUCCI\u00d3N Envases de vidrio para aceites y vinagres. Un producto de calidad precisa de un envase a su altura. Disponemos de diferentes modelos dentro de esta categor\u00eda adapt\u00e1ndonos a la capacidad y forma que m\u00e1s convenga al producto. Capacidad: 250 ml Altura: 224\u00a0mm Di\u00e1metro: 50,5 mm Pallet: 3.542 unidades","breadcrumb":{"@id":"https:\/\/vidripack.com\/es\/vidrio\/botella-dorica-500\/#breadcrumb"},"inLanguage":"es","potentialAction":[{"@type":"ReadAction","target":["https:\/\/vidripack.com\/es\/vidrio\/botella-dorica-500\/"]}]},{"@type":"ImageObject","inLanguage":"es","@id":"https:\/\/vidripack.com\/es\/vidrio\/botella-dorica-500\/#primaryimage","url":"https:\/\/vidripack.com\/es\/wp-content\/uploads\/2016\/11\/dorica-250-verde.jpg","contentUrl":"https:\/\/vidripack.com\/es\/wp-content\/uploads\/2016\/11\/dorica-250-verde.jpg","width":500,"height":500,"caption":"dorica-250-verde"},{"@type":"BreadcrumbList","@id":"https:\/\/vidripack.com\/es\/vidrio\/botella-dorica-500\/#breadcrumb","itemListElement":[{"@type":"ListItem","position":1,"name":"Portada","item":"https:\/\/vidripack.com\/es\/"},{"@type":"ListItem","position":2,"name":"Cat\u00e1logo de productos","item":"https:\/\/vidripack.com\/es\/catalogo-de-productos\/"},{"@type":"ListItem","position":3,"name":"Botella d\u00f3rica 250"}]},{"@type":"WebSite","@id":"https:\/\/vidripack.com\/es\/#website","url":"https:\/\/vidripack.com\/es\/","name":"Vidripack","description":"Distribuci\u00f3n de envases y PET","potentialAction":[{"@type":"SearchAction","target":{"@type":"EntryPoint","urlTemplate":"https:\/\/vidripack.com\/es\/?s={search_term_string}"},"query-input":{"@type":"PropertyValueSpecification","valueRequired":true,"valueName":"search_term_string"}}],"inLanguage":"es"}]}},"_links":{"self":[{"href":"https:\/\/vidripack.com\/es\/wp-json\/wp\/v2\/product\/1972","targetHints":{"allow":["GET"]}}],"collection":[{"href":"https:\/\/vidripack.com\/es\/wp-json\/wp\/v2\/product"}],"about":[{"href":"https:\/\/vidripack.com\/es\/wp-json\/wp\/v2\/types\/product"}],"wp:featuredmedia":[{"embeddable":true,"href":"https:\/\/vidripack.com\/es\/wp-json\/wp\/v2\/media\/1980"}],"wp:attachment":[{"href":"https:\/\/vidripack.com\/es\/wp-json\/wp\/v2\/media?parent=1972"}],"wp:term":[{"taxonomy":"product_brand","embeddable":true,"href":"https:\/\/vidripack.com\/es\/wp-json\/wp\/v2\/product_brand?post=1972"},{"taxonomy":"product_cat","embeddable":true,"href":"https:\/\/vidripack.com\/es\/wp-json\/wp\/v2\/product_cat?post=1972"},{"taxonomy":"product_tag","embeddable":true,"href":"https:\/\/vidripack.com\/es\/wp-json\/wp\/v2\/product_tag?post=1972"}],"curies":[{"name":"wp","href":"https:\/\/api.w.org\/{rel}","templated":true}]}}