{"id":1922,"date":"2016-11-15T12:25:07","date_gmt":"2016-11-15T12:25:07","guid":{"rendered":"http:\/\/vidripack.com\/es\/?post_type=product&#038;p=1922"},"modified":"2021-03-31T18:20:51","modified_gmt":"2021-03-31T16:20:51","slug":"tarro-yogurt-155","status":"publish","type":"product","link":"https:\/\/vidripack.com\/es\/tarros-vidrio\/tarro-yogurt-155\/","title":{"rendered":"Tarro Yogurt 155"},"content":{"rendered":"<p>Capacidad: 155 ml<\/p>\n<p>Peso: 85 g<\/p>\n<p>Altura: 72\u00a0mm<\/p>\n<p>Di\u00e1metro: 62 mm<\/p>\n<p>Boca:\u00a0Termosellado<\/p>\n<p>Color:\u00a0Vidrio blanco<\/p>\n","protected":false},"excerpt":{"rendered":"<p><strong>INTRODUCCI\u00d3N<\/strong><\/p>\n<p>Tarros y recipientes creados especialmente para la conservaci\u00f3n de productos alimenticios, con una gran capacidad de resistencia que les dota de una alta durabilidad.<\/p>\n<p>Capacidad: 155\u00a0ml<br \/>\nAltura: 72\u00a0mm<br \/>\nDi\u00e1metro: 62 mm<\/p>\n<h4>Pallet: 6.327 unidades<\/h4>\n","protected":false},"featured_media":2051,"template":"","meta":[],"product_brand":[],"product_cat":[63],"product_tag":[],"class_list":{"0":"post-1922","1":"product","2":"type-product","3":"status-publish","4":"has-post-thumbnail","6":"product_cat-tarros-vidrio","8":"first","9":"instock","10":"taxable","11":"shipping-taxable","12":"product-type-simple"},"yoast_head":"<!-- This site is optimized with the Yoast SEO plugin v27.2 - https:\/\/yoast.com\/product\/yoast-seo-wordpress\/ -->\n<title>Tarros de Yogurt \u21e8 C\u00f3mpralos en \u3010VIDRIPACK\u3011<\/title>\n<meta name=\"description\" content=\"Si est\u00e1s buscando tarros de cristal para alimentaci\u00f3n, en Vidripack tenemos la soluci\u00f3n. \u00a1Encuentra tus tarros de yogurt aqu\u00ed!\" \/>\n<meta name=\"robots\" content=\"index, follow, max-snippet:-1, max-image-preview:large, max-video-preview:-1\" \/>\n<link rel=\"canonical\" href=\"https:\/\/vidripack.com\/es\/tarros-vidrio\/tarro-yogurt-155\/\" \/>\n<meta property=\"og:locale\" content=\"es_ES\" \/>\n<meta property=\"og:type\" content=\"article\" \/>\n<meta property=\"og:title\" content=\"Tarros de Yogurt \u21e8 C\u00f3mpralos en \u3010VIDRIPACK\u3011\" \/>\n<meta property=\"og:description\" content=\"Si est\u00e1s buscando tarros de cristal para alimentaci\u00f3n, en Vidripack tenemos la soluci\u00f3n. \u00a1Encuentra tus tarros de yogurt aqu\u00ed!\" \/>\n<meta property=\"og:url\" content=\"https:\/\/vidripack.com\/es\/tarros-vidrio\/tarro-yogurt-155\/\" \/>\n<meta property=\"og:site_name\" content=\"Vidripack\" \/>\n<meta property=\"article:publisher\" content=\"https:\/\/www.facebook.com\/Vidripack\" \/>\n<meta property=\"article:modified_time\" content=\"2021-03-31T16:20:51+00:00\" \/>\n<meta property=\"og:image\" content=\"https:\/\/vidripack.com\/es\/wp-content\/uploads\/2016\/11\/yogurt.jpg\" \/>\n\t<meta property=\"og:image:width\" content=\"500\" \/>\n\t<meta property=\"og:image:height\" content=\"500\" \/>\n\t<meta property=\"og:image:type\" content=\"image\/jpeg\" \/>\n<meta name=\"twitter:card\" content=\"summary_large_image\" \/>\n<script type=\"application\/ld+json\" class=\"yoast-schema-graph\">{\"@context\":\"https:\/\/schema.org\",\"@graph\":[{\"@type\":\"WebPage\",\"@id\":\"https:\/\/vidripack.com\/es\/tarros-vidrio\/tarro-yogurt-155\/\",\"url\":\"https:\/\/vidripack.com\/es\/tarros-vidrio\/tarro-yogurt-155\/\",\"name\":\"Tarros de Yogurt \u21e8 C\u00f3mpralos en \u3010VIDRIPACK\u3011\",\"isPartOf\":{\"@id\":\"https:\/\/vidripack.com\/es\/#website\"},\"primaryImageOfPage\":{\"@id\":\"https:\/\/vidripack.com\/es\/tarros-vidrio\/tarro-yogurt-155\/#primaryimage\"},\"image\":{\"@id\":\"https:\/\/vidripack.com\/es\/tarros-vidrio\/tarro-yogurt-155\/#primaryimage\"},\"thumbnailUrl\":\"https:\/\/vidripack.com\/es\/wp-content\/uploads\/2016\/11\/yogurt.jpg\",\"datePublished\":\"2016-11-15T12:25:07+00:00\",\"dateModified\":\"2021-03-31T16:20:51+00:00\",\"description\":\"Si est\u00e1s buscando tarros de cristal para alimentaci\u00f3n, en Vidripack tenemos la soluci\u00f3n. \u00a1Encuentra tus tarros de yogurt aqu\u00ed!\",\"breadcrumb\":{\"@id\":\"https:\/\/vidripack.com\/es\/tarros-vidrio\/tarro-yogurt-155\/#breadcrumb\"},\"inLanguage\":\"es\",\"potentialAction\":[{\"@type\":\"ReadAction\",\"target\":[\"https:\/\/vidripack.com\/es\/tarros-vidrio\/tarro-yogurt-155\/\"]}]},{\"@type\":\"ImageObject\",\"inLanguage\":\"es\",\"@id\":\"https:\/\/vidripack.com\/es\/tarros-vidrio\/tarro-yogurt-155\/#primaryimage\",\"url\":\"https:\/\/vidripack.com\/es\/wp-content\/uploads\/2016\/11\/yogurt.jpg\",\"contentUrl\":\"https:\/\/vidripack.com\/es\/wp-content\/uploads\/2016\/11\/yogurt.jpg\",\"width\":500,\"height\":500,\"caption\":\"Tarro Yogurt 155\"},{\"@type\":\"BreadcrumbList\",\"@id\":\"https:\/\/vidripack.com\/es\/tarros-vidrio\/tarro-yogurt-155\/#breadcrumb\",\"itemListElement\":[{\"@type\":\"ListItem\",\"position\":1,\"name\":\"Portada\",\"item\":\"https:\/\/vidripack.com\/es\/\"},{\"@type\":\"ListItem\",\"position\":2,\"name\":\"Cat\u00e1logo de productos\",\"item\":\"https:\/\/vidripack.com\/es\/catalogo-de-productos\/\"},{\"@type\":\"ListItem\",\"position\":3,\"name\":\"Tarro Yogurt 155\"}]},{\"@type\":\"WebSite\",\"@id\":\"https:\/\/vidripack.com\/es\/#website\",\"url\":\"https:\/\/vidripack.com\/es\/\",\"name\":\"Vidripack\",\"description\":\"Distribuci\u00f3n de envases y PET\",\"potentialAction\":[{\"@type\":\"SearchAction\",\"target\":{\"@type\":\"EntryPoint\",\"urlTemplate\":\"https:\/\/vidripack.com\/es\/?s={search_term_string}\"},\"query-input\":{\"@type\":\"PropertyValueSpecification\",\"valueRequired\":true,\"valueName\":\"search_term_string\"}}],\"inLanguage\":\"es\"}]}<\/script>\n<!-- \/ Yoast SEO plugin. -->","yoast_head_json":{"title":"Tarros de Yogurt \u21e8 C\u00f3mpralos en \u3010VIDRIPACK\u3011","description":"Si est\u00e1s buscando tarros de cristal para alimentaci\u00f3n, en Vidripack tenemos la soluci\u00f3n. \u00a1Encuentra tus tarros de yogurt aqu\u00ed!","robots":{"index":"index","follow":"follow","max-snippet":"max-snippet:-1","max-image-preview":"max-image-preview:large","max-video-preview":"max-video-preview:-1"},"canonical":"https:\/\/vidripack.com\/es\/tarros-vidrio\/tarro-yogurt-155\/","og_locale":"es_ES","og_type":"article","og_title":"Tarros de Yogurt \u21e8 C\u00f3mpralos en \u3010VIDRIPACK\u3011","og_description":"Si est\u00e1s buscando tarros de cristal para alimentaci\u00f3n, en Vidripack tenemos la soluci\u00f3n. \u00a1Encuentra tus tarros de yogurt aqu\u00ed!","og_url":"https:\/\/vidripack.com\/es\/tarros-vidrio\/tarro-yogurt-155\/","og_site_name":"Vidripack","article_publisher":"https:\/\/www.facebook.com\/Vidripack","article_modified_time":"2021-03-31T16:20:51+00:00","og_image":[{"width":500,"height":500,"url":"https:\/\/vidripack.com\/es\/wp-content\/uploads\/2016\/11\/yogurt.jpg","type":"image\/jpeg"}],"twitter_card":"summary_large_image","schema":{"@context":"https:\/\/schema.org","@graph":[{"@type":"WebPage","@id":"https:\/\/vidripack.com\/es\/tarros-vidrio\/tarro-yogurt-155\/","url":"https:\/\/vidripack.com\/es\/tarros-vidrio\/tarro-yogurt-155\/","name":"Tarros de Yogurt \u21e8 C\u00f3mpralos en \u3010VIDRIPACK\u3011","isPartOf":{"@id":"https:\/\/vidripack.com\/es\/#website"},"primaryImageOfPage":{"@id":"https:\/\/vidripack.com\/es\/tarros-vidrio\/tarro-yogurt-155\/#primaryimage"},"image":{"@id":"https:\/\/vidripack.com\/es\/tarros-vidrio\/tarro-yogurt-155\/#primaryimage"},"thumbnailUrl":"https:\/\/vidripack.com\/es\/wp-content\/uploads\/2016\/11\/yogurt.jpg","datePublished":"2016-11-15T12:25:07+00:00","dateModified":"2021-03-31T16:20:51+00:00","description":"Si est\u00e1s buscando tarros de cristal para alimentaci\u00f3n, en Vidripack tenemos la soluci\u00f3n. \u00a1Encuentra tus tarros de yogurt aqu\u00ed!","breadcrumb":{"@id":"https:\/\/vidripack.com\/es\/tarros-vidrio\/tarro-yogurt-155\/#breadcrumb"},"inLanguage":"es","potentialAction":[{"@type":"ReadAction","target":["https:\/\/vidripack.com\/es\/tarros-vidrio\/tarro-yogurt-155\/"]}]},{"@type":"ImageObject","inLanguage":"es","@id":"https:\/\/vidripack.com\/es\/tarros-vidrio\/tarro-yogurt-155\/#primaryimage","url":"https:\/\/vidripack.com\/es\/wp-content\/uploads\/2016\/11\/yogurt.jpg","contentUrl":"https:\/\/vidripack.com\/es\/wp-content\/uploads\/2016\/11\/yogurt.jpg","width":500,"height":500,"caption":"Tarro Yogurt 155"},{"@type":"BreadcrumbList","@id":"https:\/\/vidripack.com\/es\/tarros-vidrio\/tarro-yogurt-155\/#breadcrumb","itemListElement":[{"@type":"ListItem","position":1,"name":"Portada","item":"https:\/\/vidripack.com\/es\/"},{"@type":"ListItem","position":2,"name":"Cat\u00e1logo de productos","item":"https:\/\/vidripack.com\/es\/catalogo-de-productos\/"},{"@type":"ListItem","position":3,"name":"Tarro Yogurt 155"}]},{"@type":"WebSite","@id":"https:\/\/vidripack.com\/es\/#website","url":"https:\/\/vidripack.com\/es\/","name":"Vidripack","description":"Distribuci\u00f3n de envases y PET","potentialAction":[{"@type":"SearchAction","target":{"@type":"EntryPoint","urlTemplate":"https:\/\/vidripack.com\/es\/?s={search_term_string}"},"query-input":{"@type":"PropertyValueSpecification","valueRequired":true,"valueName":"search_term_string"}}],"inLanguage":"es"}]}},"_links":{"self":[{"href":"https:\/\/vidripack.com\/es\/wp-json\/wp\/v2\/product\/1922","targetHints":{"allow":["GET"]}}],"collection":[{"href":"https:\/\/vidripack.com\/es\/wp-json\/wp\/v2\/product"}],"about":[{"href":"https:\/\/vidripack.com\/es\/wp-json\/wp\/v2\/types\/product"}],"wp:featuredmedia":[{"embeddable":true,"href":"https:\/\/vidripack.com\/es\/wp-json\/wp\/v2\/media\/2051"}],"wp:attachment":[{"href":"https:\/\/vidripack.com\/es\/wp-json\/wp\/v2\/media?parent=1922"}],"wp:term":[{"taxonomy":"product_brand","embeddable":true,"href":"https:\/\/vidripack.com\/es\/wp-json\/wp\/v2\/product_brand?post=1922"},{"taxonomy":"product_cat","embeddable":true,"href":"https:\/\/vidripack.com\/es\/wp-json\/wp\/v2\/product_cat?post=1922"},{"taxonomy":"product_tag","embeddable":true,"href":"https:\/\/vidripack.com\/es\/wp-json\/wp\/v2\/product_tag?post=1922"}],"curies":[{"name":"wp","href":"https:\/\/api.w.org\/{rel}","templated":true}]}}