{"id":1832,"date":"2016-11-15T10:19:30","date_gmt":"2016-11-15T10:19:30","guid":{"rendered":"http:\/\/vidripack.com\/es\/?post_type=product&#038;p=1832"},"modified":"2016-11-16T08:18:26","modified_gmt":"2016-11-16T08:18:26","slug":"tarro-atun-435","status":"publish","type":"product","link":"https:\/\/vidripack.com\/es\/tarros-vidrio\/tarro-atun-435\/","title":{"rendered":"Tarro At\u00fan 435"},"content":{"rendered":"<p>Capacidad: 435 ml<\/p>\n<p>Peso: 230 g<\/p>\n<p>Altura: 115\u00a0mm<\/p>\n<p>Di\u00e1metro: 77 mm<\/p>\n<p>Boca:\u00a0TO 82<\/p>\n<p>Color:\u00a0Vidrio blanco<\/p>\n<h2><\/h2>\n<p>&nbsp;<\/p>\n","protected":false},"excerpt":{"rendered":"<p><strong>INTRODUCCI\u00d3N<\/strong><\/p>\n<p>Tarros y recipientes creados especialmente para la conservaci\u00f3n de productos alimenticios, con una gran capacidad de resistencia que les dota de una alta durabilidad.<\/p>\n<p>Capacidad: 435\u00a0ml<br \/>\nAltura: 115\u00a0mm<br \/>\nDi\u00e1metro: 77 mm<\/p>\n<h4>Pallet: 1.372 unidades<\/h4>\n","protected":false},"featured_media":1961,"template":"","meta":[],"product_brand":[],"product_cat":[63],"product_tag":[],"class_list":{"0":"post-1832","1":"product","2":"type-product","3":"status-publish","4":"has-post-thumbnail","6":"product_cat-tarros-vidrio","8":"first","9":"instock","10":"taxable","11":"shipping-taxable","12":"product-type-simple"},"yoast_head":"<!-- This site is optimized with the Yoast SEO plugin v27.2 - https:\/\/yoast.com\/product\/yoast-seo-wordpress\/ -->\n<title>Tarro At\u00fan 435 - Vidripack<\/title>\n<meta name=\"description\" content=\"INTRODUCCI\u00d3N  Tarros y recipientes creados especialmente para la conservaci\u00f3n de productos alimenticios, con una gran capacidad de resistencia que les dota de una alta durabilidad.  Capacidad: 435\u00a0ml Altura: 115\u00a0mm Di\u00e1metro: 77 mm Pallet: 1.372 unidades\" \/>\n<meta name=\"robots\" content=\"index, follow, max-snippet:-1, max-image-preview:large, max-video-preview:-1\" \/>\n<link rel=\"canonical\" href=\"https:\/\/vidripack.com\/es\/tarros-vidrio\/tarro-atun-435\/\" \/>\n<meta property=\"og:locale\" content=\"es_ES\" \/>\n<meta property=\"og:type\" content=\"article\" \/>\n<meta property=\"og:title\" content=\"Tarro At\u00fan 435 - Vidripack\" \/>\n<meta property=\"og:description\" content=\"INTRODUCCI\u00d3N  Tarros y recipientes creados especialmente para la conservaci\u00f3n de productos alimenticios, con una gran capacidad de resistencia que les dota de una alta durabilidad.  Capacidad: 435\u00a0ml Altura: 115\u00a0mm Di\u00e1metro: 77 mm Pallet: 1.372 unidades\" \/>\n<meta property=\"og:url\" content=\"https:\/\/vidripack.com\/es\/tarros-vidrio\/tarro-atun-435\/\" \/>\n<meta property=\"og:site_name\" content=\"Vidripack\" \/>\n<meta property=\"article:publisher\" content=\"https:\/\/www.facebook.com\/Vidripack\" \/>\n<meta property=\"article:modified_time\" content=\"2016-11-16T08:18:26+00:00\" \/>\n<meta property=\"og:image\" content=\"https:\/\/vidripack.com\/es\/wp-content\/uploads\/2016\/11\/atun-435.jpg\" \/>\n\t<meta property=\"og:image:width\" content=\"500\" \/>\n\t<meta property=\"og:image:height\" content=\"500\" \/>\n\t<meta property=\"og:image:type\" content=\"image\/jpeg\" \/>\n<meta name=\"twitter:card\" content=\"summary_large_image\" \/>\n<script type=\"application\/ld+json\" class=\"yoast-schema-graph\">{\"@context\":\"https:\/\/schema.org\",\"@graph\":[{\"@type\":\"WebPage\",\"@id\":\"https:\/\/vidripack.com\/es\/tarros-vidrio\/tarro-atun-435\/\",\"url\":\"https:\/\/vidripack.com\/es\/tarros-vidrio\/tarro-atun-435\/\",\"name\":\"Tarro At\u00fan 435 - Vidripack\",\"isPartOf\":{\"@id\":\"https:\/\/vidripack.com\/es\/#website\"},\"primaryImageOfPage\":{\"@id\":\"https:\/\/vidripack.com\/es\/tarros-vidrio\/tarro-atun-435\/#primaryimage\"},\"image\":{\"@id\":\"https:\/\/vidripack.com\/es\/tarros-vidrio\/tarro-atun-435\/#primaryimage\"},\"thumbnailUrl\":\"https:\/\/vidripack.com\/es\/wp-content\/uploads\/2016\/11\/atun-435.jpg\",\"datePublished\":\"2016-11-15T10:19:30+00:00\",\"dateModified\":\"2016-11-16T08:18:26+00:00\",\"description\":\"INTRODUCCI\u00d3N Tarros y recipientes creados especialmente para la conservaci\u00f3n de productos alimenticios, con una gran capacidad de resistencia que les dota de una alta durabilidad. Capacidad: 435\u00a0ml Altura: 115\u00a0mm Di\u00e1metro: 77 mm Pallet: 1.372 unidades\",\"breadcrumb\":{\"@id\":\"https:\/\/vidripack.com\/es\/tarros-vidrio\/tarro-atun-435\/#breadcrumb\"},\"inLanguage\":\"es\",\"potentialAction\":[{\"@type\":\"ReadAction\",\"target\":[\"https:\/\/vidripack.com\/es\/tarros-vidrio\/tarro-atun-435\/\"]}]},{\"@type\":\"ImageObject\",\"inLanguage\":\"es\",\"@id\":\"https:\/\/vidripack.com\/es\/tarros-vidrio\/tarro-atun-435\/#primaryimage\",\"url\":\"https:\/\/vidripack.com\/es\/wp-content\/uploads\/2016\/11\/atun-435.jpg\",\"contentUrl\":\"https:\/\/vidripack.com\/es\/wp-content\/uploads\/2016\/11\/atun-435.jpg\",\"width\":500,\"height\":500,\"caption\":\"Tarro At\u00fan 435\"},{\"@type\":\"BreadcrumbList\",\"@id\":\"https:\/\/vidripack.com\/es\/tarros-vidrio\/tarro-atun-435\/#breadcrumb\",\"itemListElement\":[{\"@type\":\"ListItem\",\"position\":1,\"name\":\"Portada\",\"item\":\"https:\/\/vidripack.com\/es\/\"},{\"@type\":\"ListItem\",\"position\":2,\"name\":\"Cat\u00e1logo de productos\",\"item\":\"https:\/\/vidripack.com\/es\/catalogo-de-productos\/\"},{\"@type\":\"ListItem\",\"position\":3,\"name\":\"Tarro At\u00fan 435\"}]},{\"@type\":\"WebSite\",\"@id\":\"https:\/\/vidripack.com\/es\/#website\",\"url\":\"https:\/\/vidripack.com\/es\/\",\"name\":\"Vidripack\",\"description\":\"Distribuci\u00f3n de envases y PET\",\"potentialAction\":[{\"@type\":\"SearchAction\",\"target\":{\"@type\":\"EntryPoint\",\"urlTemplate\":\"https:\/\/vidripack.com\/es\/?s={search_term_string}\"},\"query-input\":{\"@type\":\"PropertyValueSpecification\",\"valueRequired\":true,\"valueName\":\"search_term_string\"}}],\"inLanguage\":\"es\"}]}<\/script>\n<!-- \/ Yoast SEO plugin. -->","yoast_head_json":{"title":"Tarro At\u00fan 435 - Vidripack","description":"INTRODUCCI\u00d3N  Tarros y recipientes creados especialmente para la conservaci\u00f3n de productos alimenticios, con una gran capacidad de resistencia que les dota de una alta durabilidad.  Capacidad: 435\u00a0ml Altura: 115\u00a0mm Di\u00e1metro: 77 mm Pallet: 1.372 unidades","robots":{"index":"index","follow":"follow","max-snippet":"max-snippet:-1","max-image-preview":"max-image-preview:large","max-video-preview":"max-video-preview:-1"},"canonical":"https:\/\/vidripack.com\/es\/tarros-vidrio\/tarro-atun-435\/","og_locale":"es_ES","og_type":"article","og_title":"Tarro At\u00fan 435 - Vidripack","og_description":"INTRODUCCI\u00d3N  Tarros y recipientes creados especialmente para la conservaci\u00f3n de productos alimenticios, con una gran capacidad de resistencia que les dota de una alta durabilidad.  Capacidad: 435\u00a0ml Altura: 115\u00a0mm Di\u00e1metro: 77 mm Pallet: 1.372 unidades","og_url":"https:\/\/vidripack.com\/es\/tarros-vidrio\/tarro-atun-435\/","og_site_name":"Vidripack","article_publisher":"https:\/\/www.facebook.com\/Vidripack","article_modified_time":"2016-11-16T08:18:26+00:00","og_image":[{"width":500,"height":500,"url":"https:\/\/vidripack.com\/es\/wp-content\/uploads\/2016\/11\/atun-435.jpg","type":"image\/jpeg"}],"twitter_card":"summary_large_image","schema":{"@context":"https:\/\/schema.org","@graph":[{"@type":"WebPage","@id":"https:\/\/vidripack.com\/es\/tarros-vidrio\/tarro-atun-435\/","url":"https:\/\/vidripack.com\/es\/tarros-vidrio\/tarro-atun-435\/","name":"Tarro At\u00fan 435 - Vidripack","isPartOf":{"@id":"https:\/\/vidripack.com\/es\/#website"},"primaryImageOfPage":{"@id":"https:\/\/vidripack.com\/es\/tarros-vidrio\/tarro-atun-435\/#primaryimage"},"image":{"@id":"https:\/\/vidripack.com\/es\/tarros-vidrio\/tarro-atun-435\/#primaryimage"},"thumbnailUrl":"https:\/\/vidripack.com\/es\/wp-content\/uploads\/2016\/11\/atun-435.jpg","datePublished":"2016-11-15T10:19:30+00:00","dateModified":"2016-11-16T08:18:26+00:00","description":"INTRODUCCI\u00d3N Tarros y recipientes creados especialmente para la conservaci\u00f3n de productos alimenticios, con una gran capacidad de resistencia que les dota de una alta durabilidad. Capacidad: 435\u00a0ml Altura: 115\u00a0mm Di\u00e1metro: 77 mm Pallet: 1.372 unidades","breadcrumb":{"@id":"https:\/\/vidripack.com\/es\/tarros-vidrio\/tarro-atun-435\/#breadcrumb"},"inLanguage":"es","potentialAction":[{"@type":"ReadAction","target":["https:\/\/vidripack.com\/es\/tarros-vidrio\/tarro-atun-435\/"]}]},{"@type":"ImageObject","inLanguage":"es","@id":"https:\/\/vidripack.com\/es\/tarros-vidrio\/tarro-atun-435\/#primaryimage","url":"https:\/\/vidripack.com\/es\/wp-content\/uploads\/2016\/11\/atun-435.jpg","contentUrl":"https:\/\/vidripack.com\/es\/wp-content\/uploads\/2016\/11\/atun-435.jpg","width":500,"height":500,"caption":"Tarro At\u00fan 435"},{"@type":"BreadcrumbList","@id":"https:\/\/vidripack.com\/es\/tarros-vidrio\/tarro-atun-435\/#breadcrumb","itemListElement":[{"@type":"ListItem","position":1,"name":"Portada","item":"https:\/\/vidripack.com\/es\/"},{"@type":"ListItem","position":2,"name":"Cat\u00e1logo de productos","item":"https:\/\/vidripack.com\/es\/catalogo-de-productos\/"},{"@type":"ListItem","position":3,"name":"Tarro At\u00fan 435"}]},{"@type":"WebSite","@id":"https:\/\/vidripack.com\/es\/#website","url":"https:\/\/vidripack.com\/es\/","name":"Vidripack","description":"Distribuci\u00f3n de envases y PET","potentialAction":[{"@type":"SearchAction","target":{"@type":"EntryPoint","urlTemplate":"https:\/\/vidripack.com\/es\/?s={search_term_string}"},"query-input":{"@type":"PropertyValueSpecification","valueRequired":true,"valueName":"search_term_string"}}],"inLanguage":"es"}]}},"_links":{"self":[{"href":"https:\/\/vidripack.com\/es\/wp-json\/wp\/v2\/product\/1832","targetHints":{"allow":["GET"]}}],"collection":[{"href":"https:\/\/vidripack.com\/es\/wp-json\/wp\/v2\/product"}],"about":[{"href":"https:\/\/vidripack.com\/es\/wp-json\/wp\/v2\/types\/product"}],"wp:featuredmedia":[{"embeddable":true,"href":"https:\/\/vidripack.com\/es\/wp-json\/wp\/v2\/media\/1961"}],"wp:attachment":[{"href":"https:\/\/vidripack.com\/es\/wp-json\/wp\/v2\/media?parent=1832"}],"wp:term":[{"taxonomy":"product_brand","embeddable":true,"href":"https:\/\/vidripack.com\/es\/wp-json\/wp\/v2\/product_brand?post=1832"},{"taxonomy":"product_cat","embeddable":true,"href":"https:\/\/vidripack.com\/es\/wp-json\/wp\/v2\/product_cat?post=1832"},{"taxonomy":"product_tag","embeddable":true,"href":"https:\/\/vidripack.com\/es\/wp-json\/wp\/v2\/product_tag?post=1832"}],"curies":[{"name":"wp","href":"https:\/\/api.w.org\/{rel}","templated":true}]}}