{"id":1587,"date":"2016-10-28T07:55:39","date_gmt":"2016-10-28T07:55:39","guid":{"rendered":"http:\/\/vidripack.com\/es\/?post_type=product&#038;p=1587"},"modified":"2026-03-30T19:38:14","modified_gmt":"2026-03-30T17:38:14","slug":"botella-lg-1000-e2","status":"publish","type":"product","link":"https:\/\/vidripack.com\/es\/envases-plastico\/botella-lg-1000-e2\/","title":{"rendered":"BOTELLA LG 1000 E2"},"content":{"rendered":"<p>Capacidad: 1000\u00a0ml<\/p>\n<p>Altura: 267\u00a0mm<\/p>\n<p>Di\u00e1metro:\u00a079\u00a0mm<\/p>\n<p>Boca: 29\u00a0mm<\/p>\n<p>Color: Blanco<\/p>\n","protected":false},"excerpt":{"rendered":"<p><strong>INTRODUCCI\u00d3N<\/strong><\/p>\n<p>Envases fabricados en PET para vinos, aceites y otros productos. Disponemos de una amplia gama de envases de pl\u00e1stico para que la presentaci\u00f3n del producto final sea perfecta.<\/p>\n<p>Capacidad: 1000 ml<br \/>\nAltura: 267\u00a0mm<br \/>\nDi\u00e1metro: 79 mm<\/p>\n<h4>Pack: \u00a0unidades<\/h4>\n<h4>Pallet: \u00a0unidades<\/h4>\n","protected":false},"featured_media":1748,"template":"","meta":[],"product_brand":[],"product_cat":[178,177],"product_tag":[],"class_list":{"0":"post-1587","1":"product","2":"type-product","3":"status-publish","4":"has-post-thumbnail","6":"product_cat-botellas","7":"product_cat-envases-plastico","9":"first","10":"instock","11":"taxable","12":"shipping-taxable","13":"product-type-simple"},"yoast_head":"<!-- This site is optimized with the Yoast SEO plugin v27.2 - https:\/\/yoast.com\/product\/yoast-seo-wordpress\/ -->\n<title>BOTELLA LG 1000 E2 - Vidripack<\/title>\n<meta name=\"description\" content=\"INTRODUCCI\u00d3N  Envases fabricados en PET para vinos, aceites y otros productos. Disponemos de una amplia gama de envases de pl\u00e1stico para que la presentaci\u00f3n del producto final sea perfecta.  Capacidad: 1000 ml Altura: 267\u00a0mm Di\u00e1metro: 79 mm Pack: \u00a0unidades Pallet: \u00a0unidades\" \/>\n<meta name=\"robots\" content=\"index, follow, max-snippet:-1, max-image-preview:large, max-video-preview:-1\" \/>\n<link rel=\"canonical\" href=\"https:\/\/vidripack.com\/es\/envases-plastico\/botella-lg-1000-e2\/\" \/>\n<meta property=\"og:locale\" content=\"es_ES\" \/>\n<meta property=\"og:type\" content=\"article\" \/>\n<meta property=\"og:title\" content=\"BOTELLA LG 1000 E2 - Vidripack\" \/>\n<meta property=\"og:description\" content=\"INTRODUCCI\u00d3N  Envases fabricados en PET para vinos, aceites y otros productos. Disponemos de una amplia gama de envases de pl\u00e1stico para que la presentaci\u00f3n del producto final sea perfecta.  Capacidad: 1000 ml Altura: 267\u00a0mm Di\u00e1metro: 79 mm Pack: \u00a0unidades Pallet: \u00a0unidades\" \/>\n<meta property=\"og:url\" content=\"https:\/\/vidripack.com\/es\/envases-plastico\/botella-lg-1000-e2\/\" \/>\n<meta property=\"og:site_name\" content=\"Vidripack\" \/>\n<meta property=\"article:publisher\" content=\"https:\/\/www.facebook.com\/Vidripack\" \/>\n<meta property=\"article:modified_time\" content=\"2026-03-30T17:38:14+00:00\" \/>\n<meta property=\"og:image\" content=\"https:\/\/vidripack.com\/es\/wp-content\/uploads\/2016\/10\/LG-1000-E2.jpg\" \/>\n\t<meta property=\"og:image:width\" content=\"500\" \/>\n\t<meta property=\"og:image:height\" content=\"500\" \/>\n\t<meta property=\"og:image:type\" content=\"image\/jpeg\" \/>\n<meta name=\"twitter:card\" content=\"summary_large_image\" \/>\n<meta name=\"twitter:label1\" content=\"Tiempo de lectura\" \/>\n\t<meta name=\"twitter:data1\" content=\"1 minuto\" \/>\n<script type=\"application\/ld+json\" class=\"yoast-schema-graph\">{\"@context\":\"https:\/\/schema.org\",\"@graph\":[{\"@type\":\"WebPage\",\"@id\":\"https:\/\/vidripack.com\/es\/envases-plastico\/botella-lg-1000-e2\/\",\"url\":\"https:\/\/vidripack.com\/es\/envases-plastico\/botella-lg-1000-e2\/\",\"name\":\"BOTELLA LG 1000 E2 - Vidripack\",\"isPartOf\":{\"@id\":\"https:\/\/vidripack.com\/es\/#website\"},\"primaryImageOfPage\":{\"@id\":\"https:\/\/vidripack.com\/es\/envases-plastico\/botella-lg-1000-e2\/#primaryimage\"},\"image\":{\"@id\":\"https:\/\/vidripack.com\/es\/envases-plastico\/botella-lg-1000-e2\/#primaryimage\"},\"thumbnailUrl\":\"https:\/\/vidripack.com\/es\/wp-content\/uploads\/2016\/10\/LG-1000-E2.jpg\",\"datePublished\":\"2016-10-28T07:55:39+00:00\",\"dateModified\":\"2026-03-30T17:38:14+00:00\",\"description\":\"INTRODUCCI\u00d3N Envases fabricados en PET para vinos, aceites y otros productos. Disponemos de una amplia gama de envases de pl\u00e1stico para que la presentaci\u00f3n del producto final sea perfecta. Capacidad: 1000 ml Altura: 267\u00a0mm Di\u00e1metro: 79 mm Pack: \u00a0unidades Pallet: \u00a0unidades\",\"breadcrumb\":{\"@id\":\"https:\/\/vidripack.com\/es\/envases-plastico\/botella-lg-1000-e2\/#breadcrumb\"},\"inLanguage\":\"es\",\"potentialAction\":[{\"@type\":\"ReadAction\",\"target\":[\"https:\/\/vidripack.com\/es\/envases-plastico\/botella-lg-1000-e2\/\"]}]},{\"@type\":\"ImageObject\",\"inLanguage\":\"es\",\"@id\":\"https:\/\/vidripack.com\/es\/envases-plastico\/botella-lg-1000-e2\/#primaryimage\",\"url\":\"https:\/\/vidripack.com\/es\/wp-content\/uploads\/2016\/10\/LG-1000-E2.jpg\",\"contentUrl\":\"https:\/\/vidripack.com\/es\/wp-content\/uploads\/2016\/10\/LG-1000-E2.jpg\",\"width\":500,\"height\":500,\"caption\":\"LG 1000 E2\"},{\"@type\":\"BreadcrumbList\",\"@id\":\"https:\/\/vidripack.com\/es\/envases-plastico\/botella-lg-1000-e2\/#breadcrumb\",\"itemListElement\":[{\"@type\":\"ListItem\",\"position\":1,\"name\":\"Portada\",\"item\":\"https:\/\/vidripack.com\/es\/\"},{\"@type\":\"ListItem\",\"position\":2,\"name\":\"Cat\u00e1logo de productos\",\"item\":\"https:\/\/vidripack.com\/es\/catalogo-de-productos\/\"},{\"@type\":\"ListItem\",\"position\":3,\"name\":\"BOTELLA LG 1000 E2\"}]},{\"@type\":\"WebSite\",\"@id\":\"https:\/\/vidripack.com\/es\/#website\",\"url\":\"https:\/\/vidripack.com\/es\/\",\"name\":\"Vidripack\",\"description\":\"Distribuci\u00f3n de envases y PET\",\"potentialAction\":[{\"@type\":\"SearchAction\",\"target\":{\"@type\":\"EntryPoint\",\"urlTemplate\":\"https:\/\/vidripack.com\/es\/?s={search_term_string}\"},\"query-input\":{\"@type\":\"PropertyValueSpecification\",\"valueRequired\":true,\"valueName\":\"search_term_string\"}}],\"inLanguage\":\"es\"}]}<\/script>\n<!-- \/ Yoast SEO plugin. -->","yoast_head_json":{"title":"BOTELLA LG 1000 E2 - Vidripack","description":"INTRODUCCI\u00d3N  Envases fabricados en PET para vinos, aceites y otros productos. Disponemos de una amplia gama de envases de pl\u00e1stico para que la presentaci\u00f3n del producto final sea perfecta.  Capacidad: 1000 ml Altura: 267\u00a0mm Di\u00e1metro: 79 mm Pack: \u00a0unidades Pallet: \u00a0unidades","robots":{"index":"index","follow":"follow","max-snippet":"max-snippet:-1","max-image-preview":"max-image-preview:large","max-video-preview":"max-video-preview:-1"},"canonical":"https:\/\/vidripack.com\/es\/envases-plastico\/botella-lg-1000-e2\/","og_locale":"es_ES","og_type":"article","og_title":"BOTELLA LG 1000 E2 - Vidripack","og_description":"INTRODUCCI\u00d3N  Envases fabricados en PET para vinos, aceites y otros productos. Disponemos de una amplia gama de envases de pl\u00e1stico para que la presentaci\u00f3n del producto final sea perfecta.  Capacidad: 1000 ml Altura: 267\u00a0mm Di\u00e1metro: 79 mm Pack: \u00a0unidades Pallet: \u00a0unidades","og_url":"https:\/\/vidripack.com\/es\/envases-plastico\/botella-lg-1000-e2\/","og_site_name":"Vidripack","article_publisher":"https:\/\/www.facebook.com\/Vidripack","article_modified_time":"2026-03-30T17:38:14+00:00","og_image":[{"width":500,"height":500,"url":"https:\/\/vidripack.com\/es\/wp-content\/uploads\/2016\/10\/LG-1000-E2.jpg","type":"image\/jpeg"}],"twitter_card":"summary_large_image","twitter_misc":{"Tiempo de lectura":"1 minuto"},"schema":{"@context":"https:\/\/schema.org","@graph":[{"@type":"WebPage","@id":"https:\/\/vidripack.com\/es\/envases-plastico\/botella-lg-1000-e2\/","url":"https:\/\/vidripack.com\/es\/envases-plastico\/botella-lg-1000-e2\/","name":"BOTELLA LG 1000 E2 - Vidripack","isPartOf":{"@id":"https:\/\/vidripack.com\/es\/#website"},"primaryImageOfPage":{"@id":"https:\/\/vidripack.com\/es\/envases-plastico\/botella-lg-1000-e2\/#primaryimage"},"image":{"@id":"https:\/\/vidripack.com\/es\/envases-plastico\/botella-lg-1000-e2\/#primaryimage"},"thumbnailUrl":"https:\/\/vidripack.com\/es\/wp-content\/uploads\/2016\/10\/LG-1000-E2.jpg","datePublished":"2016-10-28T07:55:39+00:00","dateModified":"2026-03-30T17:38:14+00:00","description":"INTRODUCCI\u00d3N Envases fabricados en PET para vinos, aceites y otros productos. Disponemos de una amplia gama de envases de pl\u00e1stico para que la presentaci\u00f3n del producto final sea perfecta. Capacidad: 1000 ml Altura: 267\u00a0mm Di\u00e1metro: 79 mm Pack: \u00a0unidades Pallet: \u00a0unidades","breadcrumb":{"@id":"https:\/\/vidripack.com\/es\/envases-plastico\/botella-lg-1000-e2\/#breadcrumb"},"inLanguage":"es","potentialAction":[{"@type":"ReadAction","target":["https:\/\/vidripack.com\/es\/envases-plastico\/botella-lg-1000-e2\/"]}]},{"@type":"ImageObject","inLanguage":"es","@id":"https:\/\/vidripack.com\/es\/envases-plastico\/botella-lg-1000-e2\/#primaryimage","url":"https:\/\/vidripack.com\/es\/wp-content\/uploads\/2016\/10\/LG-1000-E2.jpg","contentUrl":"https:\/\/vidripack.com\/es\/wp-content\/uploads\/2016\/10\/LG-1000-E2.jpg","width":500,"height":500,"caption":"LG 1000 E2"},{"@type":"BreadcrumbList","@id":"https:\/\/vidripack.com\/es\/envases-plastico\/botella-lg-1000-e2\/#breadcrumb","itemListElement":[{"@type":"ListItem","position":1,"name":"Portada","item":"https:\/\/vidripack.com\/es\/"},{"@type":"ListItem","position":2,"name":"Cat\u00e1logo de productos","item":"https:\/\/vidripack.com\/es\/catalogo-de-productos\/"},{"@type":"ListItem","position":3,"name":"BOTELLA LG 1000 E2"}]},{"@type":"WebSite","@id":"https:\/\/vidripack.com\/es\/#website","url":"https:\/\/vidripack.com\/es\/","name":"Vidripack","description":"Distribuci\u00f3n de envases y PET","potentialAction":[{"@type":"SearchAction","target":{"@type":"EntryPoint","urlTemplate":"https:\/\/vidripack.com\/es\/?s={search_term_string}"},"query-input":{"@type":"PropertyValueSpecification","valueRequired":true,"valueName":"search_term_string"}}],"inLanguage":"es"}]}},"_links":{"self":[{"href":"https:\/\/vidripack.com\/es\/wp-json\/wp\/v2\/product\/1587","targetHints":{"allow":["GET"]}}],"collection":[{"href":"https:\/\/vidripack.com\/es\/wp-json\/wp\/v2\/product"}],"about":[{"href":"https:\/\/vidripack.com\/es\/wp-json\/wp\/v2\/types\/product"}],"wp:featuredmedia":[{"embeddable":true,"href":"https:\/\/vidripack.com\/es\/wp-json\/wp\/v2\/media\/1748"}],"wp:attachment":[{"href":"https:\/\/vidripack.com\/es\/wp-json\/wp\/v2\/media?parent=1587"}],"wp:term":[{"taxonomy":"product_brand","embeddable":true,"href":"https:\/\/vidripack.com\/es\/wp-json\/wp\/v2\/product_brand?post=1587"},{"taxonomy":"product_cat","embeddable":true,"href":"https:\/\/vidripack.com\/es\/wp-json\/wp\/v2\/product_cat?post=1587"},{"taxonomy":"product_tag","embeddable":true,"href":"https:\/\/vidripack.com\/es\/wp-json\/wp\/v2\/product_tag?post=1587"}],"curies":[{"name":"wp","href":"https:\/\/api.w.org\/{rel}","templated":true}]}}