{"id":1499,"date":"2016-10-26T10:00:38","date_gmt":"2016-10-26T10:00:38","guid":{"rendered":"http:\/\/vidripack.com\/es\/?post_type=product&#038;p=1499"},"modified":"2020-03-10T10:32:05","modified_gmt":"2020-03-10T09:32:05","slug":"garrafa-lg-5000-bj","status":"publish","type":"product","link":"https:\/\/vidripack.com\/es\/envases-plastico\/garrafa-lg-5000-bj\/","title":{"rendered":"Garrafa LG 5000 BJ"},"content":{"rendered":"<p>Capacidad: 5000\u00a0ml<\/p>\n<p>Altura: 319 mm<\/p>\n<p>Di\u00e1metro: 165\u00a0mm<\/p>\n<p>Boca: 42 mm<\/p>\n<p>Color: Blanco<\/p>\n<p>&nbsp;<\/p>\n","protected":false},"excerpt":{"rendered":"<p><strong>INTRODUCCI\u00d3N<\/strong><\/p>\n<p>Envases fabricados en PET para vinos, aceites y otros productos. Disponemos de una amplia gama de envases de pl\u00e1stico para que la presentaci\u00f3n del producto final sea perfecta.<\/p>\n<p>Capacidad: 5000 ml<br \/>\nAltura:\u00a0319 mm<br \/>\nDi\u00e1metro: 165 mm<\/p>\n<h4>Pack: 46 unidades<\/h4>\n<h4>Pallet: 322 unidades<\/h4>\n","protected":false},"featured_media":1740,"template":"","meta":[],"product_brand":[],"product_cat":[177,179],"product_tag":[],"class_list":{"0":"post-1499","1":"product","2":"type-product","3":"status-publish","4":"has-post-thumbnail","6":"product_cat-envases-plastico","7":"product_cat-garrafas","9":"first","10":"instock","11":"taxable","12":"shipping-taxable","13":"product-type-simple"},"yoast_head":"<!-- This site is optimized with the Yoast SEO plugin v27.2 - https:\/\/yoast.com\/product\/yoast-seo-wordpress\/ -->\n<title>Garrafa LG 5000 BJ - Vidripack<\/title>\n<meta name=\"description\" content=\"INTRODUCCI\u00d3N  Envases fabricados en PET para vinos, aceites y otros productos. Disponemos de una amplia gama de envases de pl\u00e1stico para que la presentaci\u00f3n del producto final sea perfecta.  Capacidad: 5000 ml Altura:\u00a0319 mm Di\u00e1metro: 165 mm Pack: 46 unidades Pallet: 322 unidades\" \/>\n<meta name=\"robots\" content=\"index, follow, max-snippet:-1, max-image-preview:large, max-video-preview:-1\" \/>\n<link rel=\"canonical\" href=\"https:\/\/vidripack.com\/es\/envases-plastico\/garrafa-lg-5000-bj\/\" \/>\n<meta property=\"og:locale\" content=\"es_ES\" \/>\n<meta property=\"og:type\" content=\"article\" \/>\n<meta property=\"og:title\" content=\"Garrafa LG 5000 BJ - Vidripack\" \/>\n<meta property=\"og:description\" content=\"INTRODUCCI\u00d3N  Envases fabricados en PET para vinos, aceites y otros productos. Disponemos de una amplia gama de envases de pl\u00e1stico para que la presentaci\u00f3n del producto final sea perfecta.  Capacidad: 5000 ml Altura:\u00a0319 mm Di\u00e1metro: 165 mm Pack: 46 unidades Pallet: 322 unidades\" \/>\n<meta property=\"og:url\" content=\"https:\/\/vidripack.com\/es\/envases-plastico\/garrafa-lg-5000-bj\/\" \/>\n<meta property=\"og:site_name\" content=\"Vidripack\" \/>\n<meta property=\"article:publisher\" content=\"https:\/\/www.facebook.com\/Vidripack\" \/>\n<meta property=\"article:modified_time\" content=\"2020-03-10T09:32:05+00:00\" \/>\n<meta property=\"og:image\" content=\"https:\/\/vidripack.com\/es\/wp-content\/uploads\/2016\/10\/LG-5000-BJ.jpg\" \/>\n\t<meta property=\"og:image:width\" content=\"500\" \/>\n\t<meta property=\"og:image:height\" content=\"500\" \/>\n\t<meta property=\"og:image:type\" content=\"image\/jpeg\" \/>\n<meta name=\"twitter:card\" content=\"summary_large_image\" \/>\n<script type=\"application\/ld+json\" class=\"yoast-schema-graph\">{\"@context\":\"https:\/\/schema.org\",\"@graph\":[{\"@type\":\"WebPage\",\"@id\":\"https:\/\/vidripack.com\/es\/envases-plastico\/garrafa-lg-5000-bj\/\",\"url\":\"https:\/\/vidripack.com\/es\/envases-plastico\/garrafa-lg-5000-bj\/\",\"name\":\"Garrafa LG 5000 BJ - Vidripack\",\"isPartOf\":{\"@id\":\"https:\/\/vidripack.com\/es\/#website\"},\"primaryImageOfPage\":{\"@id\":\"https:\/\/vidripack.com\/es\/envases-plastico\/garrafa-lg-5000-bj\/#primaryimage\"},\"image\":{\"@id\":\"https:\/\/vidripack.com\/es\/envases-plastico\/garrafa-lg-5000-bj\/#primaryimage\"},\"thumbnailUrl\":\"https:\/\/vidripack.com\/es\/wp-content\/uploads\/2016\/10\/LG-5000-BJ.jpg\",\"datePublished\":\"2016-10-26T10:00:38+00:00\",\"dateModified\":\"2020-03-10T09:32:05+00:00\",\"description\":\"INTRODUCCI\u00d3N Envases fabricados en PET para vinos, aceites y otros productos. Disponemos de una amplia gama de envases de pl\u00e1stico para que la presentaci\u00f3n del producto final sea perfecta. Capacidad: 5000 ml Altura:\u00a0319 mm Di\u00e1metro: 165 mm Pack: 46 unidades Pallet: 322 unidades\",\"breadcrumb\":{\"@id\":\"https:\/\/vidripack.com\/es\/envases-plastico\/garrafa-lg-5000-bj\/#breadcrumb\"},\"inLanguage\":\"es\",\"potentialAction\":[{\"@type\":\"ReadAction\",\"target\":[\"https:\/\/vidripack.com\/es\/envases-plastico\/garrafa-lg-5000-bj\/\"]}]},{\"@type\":\"ImageObject\",\"inLanguage\":\"es\",\"@id\":\"https:\/\/vidripack.com\/es\/envases-plastico\/garrafa-lg-5000-bj\/#primaryimage\",\"url\":\"https:\/\/vidripack.com\/es\/wp-content\/uploads\/2016\/10\/LG-5000-BJ.jpg\",\"contentUrl\":\"https:\/\/vidripack.com\/es\/wp-content\/uploads\/2016\/10\/LG-5000-BJ.jpg\",\"width\":500,\"height\":500,\"caption\":\"LG 5000 BJ\"},{\"@type\":\"BreadcrumbList\",\"@id\":\"https:\/\/vidripack.com\/es\/envases-plastico\/garrafa-lg-5000-bj\/#breadcrumb\",\"itemListElement\":[{\"@type\":\"ListItem\",\"position\":1,\"name\":\"Portada\",\"item\":\"https:\/\/vidripack.com\/es\/\"},{\"@type\":\"ListItem\",\"position\":2,\"name\":\"Cat\u00e1logo de productos\",\"item\":\"https:\/\/vidripack.com\/es\/catalogo-de-productos\/\"},{\"@type\":\"ListItem\",\"position\":3,\"name\":\"Garrafa LG 5000 BJ\"}]},{\"@type\":\"WebSite\",\"@id\":\"https:\/\/vidripack.com\/es\/#website\",\"url\":\"https:\/\/vidripack.com\/es\/\",\"name\":\"Vidripack\",\"description\":\"Distribuci\u00f3n de envases y PET\",\"potentialAction\":[{\"@type\":\"SearchAction\",\"target\":{\"@type\":\"EntryPoint\",\"urlTemplate\":\"https:\/\/vidripack.com\/es\/?s={search_term_string}\"},\"query-input\":{\"@type\":\"PropertyValueSpecification\",\"valueRequired\":true,\"valueName\":\"search_term_string\"}}],\"inLanguage\":\"es\"}]}<\/script>\n<!-- \/ Yoast SEO plugin. -->","yoast_head_json":{"title":"Garrafa LG 5000 BJ - Vidripack","description":"INTRODUCCI\u00d3N  Envases fabricados en PET para vinos, aceites y otros productos. Disponemos de una amplia gama de envases de pl\u00e1stico para que la presentaci\u00f3n del producto final sea perfecta.  Capacidad: 5000 ml Altura:\u00a0319 mm Di\u00e1metro: 165 mm Pack: 46 unidades Pallet: 322 unidades","robots":{"index":"index","follow":"follow","max-snippet":"max-snippet:-1","max-image-preview":"max-image-preview:large","max-video-preview":"max-video-preview:-1"},"canonical":"https:\/\/vidripack.com\/es\/envases-plastico\/garrafa-lg-5000-bj\/","og_locale":"es_ES","og_type":"article","og_title":"Garrafa LG 5000 BJ - Vidripack","og_description":"INTRODUCCI\u00d3N  Envases fabricados en PET para vinos, aceites y otros productos. Disponemos de una amplia gama de envases de pl\u00e1stico para que la presentaci\u00f3n del producto final sea perfecta.  Capacidad: 5000 ml Altura:\u00a0319 mm Di\u00e1metro: 165 mm Pack: 46 unidades Pallet: 322 unidades","og_url":"https:\/\/vidripack.com\/es\/envases-plastico\/garrafa-lg-5000-bj\/","og_site_name":"Vidripack","article_publisher":"https:\/\/www.facebook.com\/Vidripack","article_modified_time":"2020-03-10T09:32:05+00:00","og_image":[{"width":500,"height":500,"url":"https:\/\/vidripack.com\/es\/wp-content\/uploads\/2016\/10\/LG-5000-BJ.jpg","type":"image\/jpeg"}],"twitter_card":"summary_large_image","schema":{"@context":"https:\/\/schema.org","@graph":[{"@type":"WebPage","@id":"https:\/\/vidripack.com\/es\/envases-plastico\/garrafa-lg-5000-bj\/","url":"https:\/\/vidripack.com\/es\/envases-plastico\/garrafa-lg-5000-bj\/","name":"Garrafa LG 5000 BJ - Vidripack","isPartOf":{"@id":"https:\/\/vidripack.com\/es\/#website"},"primaryImageOfPage":{"@id":"https:\/\/vidripack.com\/es\/envases-plastico\/garrafa-lg-5000-bj\/#primaryimage"},"image":{"@id":"https:\/\/vidripack.com\/es\/envases-plastico\/garrafa-lg-5000-bj\/#primaryimage"},"thumbnailUrl":"https:\/\/vidripack.com\/es\/wp-content\/uploads\/2016\/10\/LG-5000-BJ.jpg","datePublished":"2016-10-26T10:00:38+00:00","dateModified":"2020-03-10T09:32:05+00:00","description":"INTRODUCCI\u00d3N Envases fabricados en PET para vinos, aceites y otros productos. Disponemos de una amplia gama de envases de pl\u00e1stico para que la presentaci\u00f3n del producto final sea perfecta. Capacidad: 5000 ml Altura:\u00a0319 mm Di\u00e1metro: 165 mm Pack: 46 unidades Pallet: 322 unidades","breadcrumb":{"@id":"https:\/\/vidripack.com\/es\/envases-plastico\/garrafa-lg-5000-bj\/#breadcrumb"},"inLanguage":"es","potentialAction":[{"@type":"ReadAction","target":["https:\/\/vidripack.com\/es\/envases-plastico\/garrafa-lg-5000-bj\/"]}]},{"@type":"ImageObject","inLanguage":"es","@id":"https:\/\/vidripack.com\/es\/envases-plastico\/garrafa-lg-5000-bj\/#primaryimage","url":"https:\/\/vidripack.com\/es\/wp-content\/uploads\/2016\/10\/LG-5000-BJ.jpg","contentUrl":"https:\/\/vidripack.com\/es\/wp-content\/uploads\/2016\/10\/LG-5000-BJ.jpg","width":500,"height":500,"caption":"LG 5000 BJ"},{"@type":"BreadcrumbList","@id":"https:\/\/vidripack.com\/es\/envases-plastico\/garrafa-lg-5000-bj\/#breadcrumb","itemListElement":[{"@type":"ListItem","position":1,"name":"Portada","item":"https:\/\/vidripack.com\/es\/"},{"@type":"ListItem","position":2,"name":"Cat\u00e1logo de productos","item":"https:\/\/vidripack.com\/es\/catalogo-de-productos\/"},{"@type":"ListItem","position":3,"name":"Garrafa LG 5000 BJ"}]},{"@type":"WebSite","@id":"https:\/\/vidripack.com\/es\/#website","url":"https:\/\/vidripack.com\/es\/","name":"Vidripack","description":"Distribuci\u00f3n de envases y PET","potentialAction":[{"@type":"SearchAction","target":{"@type":"EntryPoint","urlTemplate":"https:\/\/vidripack.com\/es\/?s={search_term_string}"},"query-input":{"@type":"PropertyValueSpecification","valueRequired":true,"valueName":"search_term_string"}}],"inLanguage":"es"}]}},"_links":{"self":[{"href":"https:\/\/vidripack.com\/es\/wp-json\/wp\/v2\/product\/1499","targetHints":{"allow":["GET"]}}],"collection":[{"href":"https:\/\/vidripack.com\/es\/wp-json\/wp\/v2\/product"}],"about":[{"href":"https:\/\/vidripack.com\/es\/wp-json\/wp\/v2\/types\/product"}],"wp:featuredmedia":[{"embeddable":true,"href":"https:\/\/vidripack.com\/es\/wp-json\/wp\/v2\/media\/1740"}],"wp:attachment":[{"href":"https:\/\/vidripack.com\/es\/wp-json\/wp\/v2\/media?parent=1499"}],"wp:term":[{"taxonomy":"product_brand","embeddable":true,"href":"https:\/\/vidripack.com\/es\/wp-json\/wp\/v2\/product_brand?post=1499"},{"taxonomy":"product_cat","embeddable":true,"href":"https:\/\/vidripack.com\/es\/wp-json\/wp\/v2\/product_cat?post=1499"},{"taxonomy":"product_tag","embeddable":true,"href":"https:\/\/vidripack.com\/es\/wp-json\/wp\/v2\/product_tag?post=1499"}],"curies":[{"name":"wp","href":"https:\/\/api.w.org\/{rel}","templated":true}]}}