{"id":1297,"date":"2016-10-05T14:15:18","date_gmt":"2016-10-05T14:15:18","guid":{"rendered":"http:\/\/vidripack.com\/es\/?post_type=product&#038;p=1297"},"modified":"2020-08-31T11:49:26","modified_gmt":"2020-08-31T09:49:26","slug":"botella-33-ret","status":"publish","type":"product","link":"https:\/\/vidripack.com\/es\/botellas-vidrio\/botella-33-ret\/","title":{"rendered":"Botella 33 RET"},"content":{"rendered":"<p>Capacidad: 330 ml<\/p>\n<p>Peso: 250 g<\/p>\n<p>Altura: 226 mm<\/p>\n<p>Di\u00e1metro: 61,9 mm<\/p>\n<p>Boca: CORONA\u00a026<\/p>\n<p>Color: Topacio especial<\/p>\n","protected":false},"excerpt":{"rendered":"<p><strong>INTRODUCCI\u00d3N<\/strong><\/p>\n<p>Envases para cervezas, refrescos y otras bebidas. Disponemos de distintos dise\u00f1os donde poder elegir el modelo que m\u00e1s se ajuste a la personalidad del producto.<\/p>\n<p>Capacidad: 330 ml<br \/>\nAltura:\u00a0226 mm<br \/>\nDi\u00e1metro:\u00a061,9 mm<\/p>\n<h4>Pallet: 2.664\u00a0unidades<\/h4>\n","protected":false},"featured_media":2493,"template":"","meta":[],"product_brand":[],"product_cat":[169,174],"product_tag":[],"class_list":{"0":"post-1297","1":"product","2":"type-product","3":"status-publish","4":"has-post-thumbnail","6":"product_cat-botellas-vidrio","7":"product_cat-cervezas-cavas","9":"first","10":"instock","11":"taxable","12":"shipping-taxable","13":"product-type-simple"},"yoast_head":"<!-- This site is optimized with the Yoast SEO plugin v27.2 - https:\/\/yoast.com\/product\/yoast-seo-wordpress\/ -->\n<title>Botella 33 RET - Vidripack<\/title>\n<meta name=\"description\" content=\"INTRODUCCI\u00d3N  Envases para cervezas, refrescos y otras bebidas. Disponemos de distintos dise\u00f1os donde poder elegir el modelo que m\u00e1s se ajuste a la personalidad del producto.  Capacidad: 330 ml Altura:\u00a0226 mm Di\u00e1metro:\u00a061,9 mm Pallet: 2.664\u00a0unidades\" \/>\n<meta name=\"robots\" content=\"index, follow, max-snippet:-1, max-image-preview:large, max-video-preview:-1\" \/>\n<link rel=\"canonical\" href=\"https:\/\/vidripack.com\/es\/botellas-vidrio\/botella-33-ret\/\" \/>\n<meta property=\"og:locale\" content=\"es_ES\" \/>\n<meta property=\"og:type\" content=\"article\" \/>\n<meta property=\"og:title\" content=\"Botella 33 RET - Vidripack\" \/>\n<meta property=\"og:description\" content=\"INTRODUCCI\u00d3N  Envases para cervezas, refrescos y otras bebidas. Disponemos de distintos dise\u00f1os donde poder elegir el modelo que m\u00e1s se ajuste a la personalidad del producto.  Capacidad: 330 ml Altura:\u00a0226 mm Di\u00e1metro:\u00a061,9 mm Pallet: 2.664\u00a0unidades\" \/>\n<meta property=\"og:url\" content=\"https:\/\/vidripack.com\/es\/botellas-vidrio\/botella-33-ret\/\" \/>\n<meta property=\"og:site_name\" content=\"Vidripack\" \/>\n<meta property=\"article:publisher\" content=\"https:\/\/www.facebook.com\/Vidripack\" \/>\n<meta property=\"article:modified_time\" content=\"2020-08-31T09:49:26+00:00\" \/>\n<meta property=\"og:image\" content=\"https:\/\/vidripack.com\/es\/wp-content\/uploads\/2016\/10\/cerveza-3.jpg\" \/>\n\t<meta property=\"og:image:width\" content=\"500\" \/>\n\t<meta property=\"og:image:height\" content=\"500\" \/>\n\t<meta property=\"og:image:type\" content=\"image\/jpeg\" \/>\n<meta name=\"twitter:card\" content=\"summary_large_image\" \/>\n<script type=\"application\/ld+json\" class=\"yoast-schema-graph\">{\"@context\":\"https:\/\/schema.org\",\"@graph\":[{\"@type\":\"WebPage\",\"@id\":\"https:\/\/vidripack.com\/es\/botellas-vidrio\/botella-33-ret\/\",\"url\":\"https:\/\/vidripack.com\/es\/botellas-vidrio\/botella-33-ret\/\",\"name\":\"Botella 33 RET - Vidripack\",\"isPartOf\":{\"@id\":\"https:\/\/vidripack.com\/es\/#website\"},\"primaryImageOfPage\":{\"@id\":\"https:\/\/vidripack.com\/es\/botellas-vidrio\/botella-33-ret\/#primaryimage\"},\"image\":{\"@id\":\"https:\/\/vidripack.com\/es\/botellas-vidrio\/botella-33-ret\/#primaryimage\"},\"thumbnailUrl\":\"https:\/\/vidripack.com\/es\/wp-content\/uploads\/2016\/10\/cerveza-3.jpg\",\"datePublished\":\"2016-10-05T14:15:18+00:00\",\"dateModified\":\"2020-08-31T09:49:26+00:00\",\"description\":\"INTRODUCCI\u00d3N Envases para cervezas, refrescos y otras bebidas. Disponemos de distintos dise\u00f1os donde poder elegir el modelo que m\u00e1s se ajuste a la personalidad del producto. Capacidad: 330 ml Altura:\u00a0226 mm Di\u00e1metro:\u00a061,9 mm Pallet: 2.664\u00a0unidades\",\"breadcrumb\":{\"@id\":\"https:\/\/vidripack.com\/es\/botellas-vidrio\/botella-33-ret\/#breadcrumb\"},\"inLanguage\":\"es\",\"potentialAction\":[{\"@type\":\"ReadAction\",\"target\":[\"https:\/\/vidripack.com\/es\/botellas-vidrio\/botella-33-ret\/\"]}]},{\"@type\":\"ImageObject\",\"inLanguage\":\"es\",\"@id\":\"https:\/\/vidripack.com\/es\/botellas-vidrio\/botella-33-ret\/#primaryimage\",\"url\":\"https:\/\/vidripack.com\/es\/wp-content\/uploads\/2016\/10\/cerveza-3.jpg\",\"contentUrl\":\"https:\/\/vidripack.com\/es\/wp-content\/uploads\/2016\/10\/cerveza-3.jpg\",\"width\":500,\"height\":500},{\"@type\":\"BreadcrumbList\",\"@id\":\"https:\/\/vidripack.com\/es\/botellas-vidrio\/botella-33-ret\/#breadcrumb\",\"itemListElement\":[{\"@type\":\"ListItem\",\"position\":1,\"name\":\"Portada\",\"item\":\"https:\/\/vidripack.com\/es\/\"},{\"@type\":\"ListItem\",\"position\":2,\"name\":\"Cat\u00e1logo de productos\",\"item\":\"https:\/\/vidripack.com\/es\/catalogo-de-productos\/\"},{\"@type\":\"ListItem\",\"position\":3,\"name\":\"Botella 33 RET\"}]},{\"@type\":\"WebSite\",\"@id\":\"https:\/\/vidripack.com\/es\/#website\",\"url\":\"https:\/\/vidripack.com\/es\/\",\"name\":\"Vidripack\",\"description\":\"Distribuci\u00f3n de envases y PET\",\"potentialAction\":[{\"@type\":\"SearchAction\",\"target\":{\"@type\":\"EntryPoint\",\"urlTemplate\":\"https:\/\/vidripack.com\/es\/?s={search_term_string}\"},\"query-input\":{\"@type\":\"PropertyValueSpecification\",\"valueRequired\":true,\"valueName\":\"search_term_string\"}}],\"inLanguage\":\"es\"}]}<\/script>\n<!-- \/ Yoast SEO plugin. -->","yoast_head_json":{"title":"Botella 33 RET - Vidripack","description":"INTRODUCCI\u00d3N  Envases para cervezas, refrescos y otras bebidas. Disponemos de distintos dise\u00f1os donde poder elegir el modelo que m\u00e1s se ajuste a la personalidad del producto.  Capacidad: 330 ml Altura:\u00a0226 mm Di\u00e1metro:\u00a061,9 mm Pallet: 2.664\u00a0unidades","robots":{"index":"index","follow":"follow","max-snippet":"max-snippet:-1","max-image-preview":"max-image-preview:large","max-video-preview":"max-video-preview:-1"},"canonical":"https:\/\/vidripack.com\/es\/botellas-vidrio\/botella-33-ret\/","og_locale":"es_ES","og_type":"article","og_title":"Botella 33 RET - Vidripack","og_description":"INTRODUCCI\u00d3N  Envases para cervezas, refrescos y otras bebidas. Disponemos de distintos dise\u00f1os donde poder elegir el modelo que m\u00e1s se ajuste a la personalidad del producto.  Capacidad: 330 ml Altura:\u00a0226 mm Di\u00e1metro:\u00a061,9 mm Pallet: 2.664\u00a0unidades","og_url":"https:\/\/vidripack.com\/es\/botellas-vidrio\/botella-33-ret\/","og_site_name":"Vidripack","article_publisher":"https:\/\/www.facebook.com\/Vidripack","article_modified_time":"2020-08-31T09:49:26+00:00","og_image":[{"width":500,"height":500,"url":"https:\/\/vidripack.com\/es\/wp-content\/uploads\/2016\/10\/cerveza-3.jpg","type":"image\/jpeg"}],"twitter_card":"summary_large_image","schema":{"@context":"https:\/\/schema.org","@graph":[{"@type":"WebPage","@id":"https:\/\/vidripack.com\/es\/botellas-vidrio\/botella-33-ret\/","url":"https:\/\/vidripack.com\/es\/botellas-vidrio\/botella-33-ret\/","name":"Botella 33 RET - Vidripack","isPartOf":{"@id":"https:\/\/vidripack.com\/es\/#website"},"primaryImageOfPage":{"@id":"https:\/\/vidripack.com\/es\/botellas-vidrio\/botella-33-ret\/#primaryimage"},"image":{"@id":"https:\/\/vidripack.com\/es\/botellas-vidrio\/botella-33-ret\/#primaryimage"},"thumbnailUrl":"https:\/\/vidripack.com\/es\/wp-content\/uploads\/2016\/10\/cerveza-3.jpg","datePublished":"2016-10-05T14:15:18+00:00","dateModified":"2020-08-31T09:49:26+00:00","description":"INTRODUCCI\u00d3N Envases para cervezas, refrescos y otras bebidas. Disponemos de distintos dise\u00f1os donde poder elegir el modelo que m\u00e1s se ajuste a la personalidad del producto. Capacidad: 330 ml Altura:\u00a0226 mm Di\u00e1metro:\u00a061,9 mm Pallet: 2.664\u00a0unidades","breadcrumb":{"@id":"https:\/\/vidripack.com\/es\/botellas-vidrio\/botella-33-ret\/#breadcrumb"},"inLanguage":"es","potentialAction":[{"@type":"ReadAction","target":["https:\/\/vidripack.com\/es\/botellas-vidrio\/botella-33-ret\/"]}]},{"@type":"ImageObject","inLanguage":"es","@id":"https:\/\/vidripack.com\/es\/botellas-vidrio\/botella-33-ret\/#primaryimage","url":"https:\/\/vidripack.com\/es\/wp-content\/uploads\/2016\/10\/cerveza-3.jpg","contentUrl":"https:\/\/vidripack.com\/es\/wp-content\/uploads\/2016\/10\/cerveza-3.jpg","width":500,"height":500},{"@type":"BreadcrumbList","@id":"https:\/\/vidripack.com\/es\/botellas-vidrio\/botella-33-ret\/#breadcrumb","itemListElement":[{"@type":"ListItem","position":1,"name":"Portada","item":"https:\/\/vidripack.com\/es\/"},{"@type":"ListItem","position":2,"name":"Cat\u00e1logo de productos","item":"https:\/\/vidripack.com\/es\/catalogo-de-productos\/"},{"@type":"ListItem","position":3,"name":"Botella 33 RET"}]},{"@type":"WebSite","@id":"https:\/\/vidripack.com\/es\/#website","url":"https:\/\/vidripack.com\/es\/","name":"Vidripack","description":"Distribuci\u00f3n de envases y PET","potentialAction":[{"@type":"SearchAction","target":{"@type":"EntryPoint","urlTemplate":"https:\/\/vidripack.com\/es\/?s={search_term_string}"},"query-input":{"@type":"PropertyValueSpecification","valueRequired":true,"valueName":"search_term_string"}}],"inLanguage":"es"}]}},"_links":{"self":[{"href":"https:\/\/vidripack.com\/es\/wp-json\/wp\/v2\/product\/1297","targetHints":{"allow":["GET"]}}],"collection":[{"href":"https:\/\/vidripack.com\/es\/wp-json\/wp\/v2\/product"}],"about":[{"href":"https:\/\/vidripack.com\/es\/wp-json\/wp\/v2\/types\/product"}],"wp:featuredmedia":[{"embeddable":true,"href":"https:\/\/vidripack.com\/es\/wp-json\/wp\/v2\/media\/2493"}],"wp:attachment":[{"href":"https:\/\/vidripack.com\/es\/wp-json\/wp\/v2\/media?parent=1297"}],"wp:term":[{"taxonomy":"product_brand","embeddable":true,"href":"https:\/\/vidripack.com\/es\/wp-json\/wp\/v2\/product_brand?post=1297"},{"taxonomy":"product_cat","embeddable":true,"href":"https:\/\/vidripack.com\/es\/wp-json\/wp\/v2\/product_cat?post=1297"},{"taxonomy":"product_tag","embeddable":true,"href":"https:\/\/vidripack.com\/es\/wp-json\/wp\/v2\/product_tag?post=1297"}],"curies":[{"name":"wp","href":"https:\/\/api.w.org\/{rel}","templated":true}]}}