{"id":1271,"date":"2016-10-05T10:14:14","date_gmt":"2016-10-05T10:14:14","guid":{"rendered":"http:\/\/vidripack.com\/es\/?post_type=product&#038;p=1271"},"modified":"2021-01-04T12:33:15","modified_gmt":"2021-01-04T11:33:15","slug":"botella-rhin-75-ecova","status":"publish","type":"product","link":"https:\/\/vidripack.com\/es\/botellas-vidrio\/botella-rhin-75-ecova\/","title":{"rendered":"Rhin 75 Ecova"},"content":{"rendered":"<p>Capacidad: 770 ml<\/p>\n<p>Peso: 380\u00a0g<\/p>\n<p>Altura: 323\u00a0mm<\/p>\n<p>Di\u00e1metro: 75,7 mm<\/p>\n<p>Boca: Corcho<\/p>\n<p>Color: Vidrio blanco, verde, canela<\/p>\n","protected":false},"excerpt":{"rendered":"<p><strong>INTRODUCCI\u00d3N<\/strong><\/p>\n<p>Envases para vinos, cavas y sidras. Disponemos de distintos dise\u00f1os donde poder elegir el modelo que m\u00e1s se ajuste a la personalidad del producto.<\/p>\n<p>Capacidad: 770 ml<br \/>\nAltura: 323\u00a0mm<br \/>\nDi\u00e1metro: 75,7\u00a0mm<\/p>\n<h4>Pallet: 1.338 unidades<\/h4>\n","protected":false},"featured_media":1272,"template":"","meta":[],"product_brand":[],"product_cat":[169,172],"product_tag":[],"class_list":{"0":"post-1271","1":"product","2":"type-product","3":"status-publish","4":"has-post-thumbnail","6":"product_cat-botellas-vidrio","7":"product_cat-rhin","9":"first","10":"instock","11":"taxable","12":"shipping-taxable","13":"product-type-simple"},"yoast_head":"<!-- This site is optimized with the Yoast SEO plugin v27.2 - https:\/\/yoast.com\/product\/yoast-seo-wordpress\/ -->\n<title>Rhin 75 Ecova - Vidripack<\/title>\n<meta name=\"description\" content=\"INTRODUCCI\u00d3N  Envases para vinos, cavas y sidras. Disponemos de distintos dise\u00f1os donde poder elegir el modelo que m\u00e1s se ajuste a la personalidad del producto.  Capacidad: 770 ml Altura: 323\u00a0mm Di\u00e1metro: 75,7\u00a0mm Pallet: 1.338 unidades\" \/>\n<meta name=\"robots\" content=\"index, follow, max-snippet:-1, max-image-preview:large, max-video-preview:-1\" \/>\n<link rel=\"canonical\" href=\"https:\/\/vidripack.com\/es\/vidrio\/botella-rhin-75-baja-re\/\" \/>\n<meta property=\"og:locale\" content=\"es_ES\" \/>\n<meta property=\"og:type\" content=\"article\" \/>\n<meta property=\"og:title\" content=\"Rhin 75 Ecova - Vidripack\" \/>\n<meta property=\"og:description\" content=\"INTRODUCCI\u00d3N  Envases para vinos, cavas y sidras. Disponemos de distintos dise\u00f1os donde poder elegir el modelo que m\u00e1s se ajuste a la personalidad del producto.  Capacidad: 770 ml Altura: 323\u00a0mm Di\u00e1metro: 75,7\u00a0mm Pallet: 1.338 unidades\" \/>\n<meta property=\"og:url\" content=\"https:\/\/vidripack.com\/es\/vidrio\/botella-rhin-75-baja-re\/\" \/>\n<meta property=\"og:site_name\" content=\"Vidripack\" \/>\n<meta property=\"article:publisher\" content=\"https:\/\/www.facebook.com\/Vidripack\" \/>\n<meta property=\"article:modified_time\" content=\"2021-01-04T11:33:15+00:00\" \/>\n<meta property=\"og:image\" content=\"https:\/\/vidripack.com\/es\/wp-content\/uploads\/2016\/10\/RHIN-75-ECOVA-b.jpg\" \/>\n\t<meta property=\"og:image:width\" content=\"500\" \/>\n\t<meta property=\"og:image:height\" content=\"500\" \/>\n\t<meta property=\"og:image:type\" content=\"image\/jpeg\" \/>\n<meta name=\"twitter:card\" content=\"summary_large_image\" \/>\n<script type=\"application\/ld+json\" class=\"yoast-schema-graph\">{\"@context\":\"https:\/\/schema.org\",\"@graph\":[{\"@type\":\"WebPage\",\"@id\":\"https:\/\/vidripack.com\/es\/botellas-vidrio\/botella-rhin-75-ecova\/\",\"url\":\"https:\/\/vidripack.com\/es\/vidrio\/botella-rhin-75-baja-re\/\",\"name\":\"Rhin 75 Ecova - Vidripack\",\"isPartOf\":{\"@id\":\"https:\/\/vidripack.com\/es\/#website\"},\"primaryImageOfPage\":{\"@id\":\"https:\/\/vidripack.com\/es\/vidrio\/botella-rhin-75-baja-re\/#primaryimage\"},\"image\":{\"@id\":\"https:\/\/vidripack.com\/es\/vidrio\/botella-rhin-75-baja-re\/#primaryimage\"},\"thumbnailUrl\":\"https:\/\/vidripack.com\/es\/wp-content\/uploads\/2016\/10\/RHIN-75-ECOVA-b.jpg\",\"datePublished\":\"2016-10-05T10:14:14+00:00\",\"dateModified\":\"2021-01-04T11:33:15+00:00\",\"description\":\"INTRODUCCI\u00d3N Envases para vinos, cavas y sidras. Disponemos de distintos dise\u00f1os donde poder elegir el modelo que m\u00e1s se ajuste a la personalidad del producto. Capacidad: 770 ml Altura: 323\u00a0mm Di\u00e1metro: 75,7\u00a0mm Pallet: 1.338 unidades\",\"breadcrumb\":{\"@id\":\"https:\/\/vidripack.com\/es\/vidrio\/botella-rhin-75-baja-re\/#breadcrumb\"},\"inLanguage\":\"es\",\"potentialAction\":[{\"@type\":\"ReadAction\",\"target\":[\"https:\/\/vidripack.com\/es\/vidrio\/botella-rhin-75-baja-re\/\"]}]},{\"@type\":\"ImageObject\",\"inLanguage\":\"es\",\"@id\":\"https:\/\/vidripack.com\/es\/vidrio\/botella-rhin-75-baja-re\/#primaryimage\",\"url\":\"https:\/\/vidripack.com\/es\/wp-content\/uploads\/2016\/10\/RHIN-75-ECOVA-b.jpg\",\"contentUrl\":\"https:\/\/vidripack.com\/es\/wp-content\/uploads\/2016\/10\/RHIN-75-ECOVA-b.jpg\",\"width\":500,\"height\":500,\"caption\":\"RHIN 75 ECOVA\"},{\"@type\":\"BreadcrumbList\",\"@id\":\"https:\/\/vidripack.com\/es\/vidrio\/botella-rhin-75-baja-re\/#breadcrumb\",\"itemListElement\":[{\"@type\":\"ListItem\",\"position\":1,\"name\":\"Portada\",\"item\":\"https:\/\/vidripack.com\/es\/\"},{\"@type\":\"ListItem\",\"position\":2,\"name\":\"Cat\u00e1logo de productos\",\"item\":\"https:\/\/vidripack.com\/es\/catalogo-de-productos\/\"},{\"@type\":\"ListItem\",\"position\":3,\"name\":\"Rhin 75 Ecova\"}]},{\"@type\":\"WebSite\",\"@id\":\"https:\/\/vidripack.com\/es\/#website\",\"url\":\"https:\/\/vidripack.com\/es\/\",\"name\":\"Vidripack\",\"description\":\"Distribuci\u00f3n de envases y PET\",\"potentialAction\":[{\"@type\":\"SearchAction\",\"target\":{\"@type\":\"EntryPoint\",\"urlTemplate\":\"https:\/\/vidripack.com\/es\/?s={search_term_string}\"},\"query-input\":{\"@type\":\"PropertyValueSpecification\",\"valueRequired\":true,\"valueName\":\"search_term_string\"}}],\"inLanguage\":\"es\"}]}<\/script>\n<!-- \/ Yoast SEO plugin. -->","yoast_head_json":{"title":"Rhin 75 Ecova - Vidripack","description":"INTRODUCCI\u00d3N  Envases para vinos, cavas y sidras. Disponemos de distintos dise\u00f1os donde poder elegir el modelo que m\u00e1s se ajuste a la personalidad del producto.  Capacidad: 770 ml Altura: 323\u00a0mm Di\u00e1metro: 75,7\u00a0mm Pallet: 1.338 unidades","robots":{"index":"index","follow":"follow","max-snippet":"max-snippet:-1","max-image-preview":"max-image-preview:large","max-video-preview":"max-video-preview:-1"},"canonical":"https:\/\/vidripack.com\/es\/vidrio\/botella-rhin-75-baja-re\/","og_locale":"es_ES","og_type":"article","og_title":"Rhin 75 Ecova - Vidripack","og_description":"INTRODUCCI\u00d3N  Envases para vinos, cavas y sidras. Disponemos de distintos dise\u00f1os donde poder elegir el modelo que m\u00e1s se ajuste a la personalidad del producto.  Capacidad: 770 ml Altura: 323\u00a0mm Di\u00e1metro: 75,7\u00a0mm Pallet: 1.338 unidades","og_url":"https:\/\/vidripack.com\/es\/vidrio\/botella-rhin-75-baja-re\/","og_site_name":"Vidripack","article_publisher":"https:\/\/www.facebook.com\/Vidripack","article_modified_time":"2021-01-04T11:33:15+00:00","og_image":[{"width":500,"height":500,"url":"https:\/\/vidripack.com\/es\/wp-content\/uploads\/2016\/10\/RHIN-75-ECOVA-b.jpg","type":"image\/jpeg"}],"twitter_card":"summary_large_image","schema":{"@context":"https:\/\/schema.org","@graph":[{"@type":"WebPage","@id":"https:\/\/vidripack.com\/es\/botellas-vidrio\/botella-rhin-75-ecova\/","url":"https:\/\/vidripack.com\/es\/vidrio\/botella-rhin-75-baja-re\/","name":"Rhin 75 Ecova - Vidripack","isPartOf":{"@id":"https:\/\/vidripack.com\/es\/#website"},"primaryImageOfPage":{"@id":"https:\/\/vidripack.com\/es\/vidrio\/botella-rhin-75-baja-re\/#primaryimage"},"image":{"@id":"https:\/\/vidripack.com\/es\/vidrio\/botella-rhin-75-baja-re\/#primaryimage"},"thumbnailUrl":"https:\/\/vidripack.com\/es\/wp-content\/uploads\/2016\/10\/RHIN-75-ECOVA-b.jpg","datePublished":"2016-10-05T10:14:14+00:00","dateModified":"2021-01-04T11:33:15+00:00","description":"INTRODUCCI\u00d3N Envases para vinos, cavas y sidras. Disponemos de distintos dise\u00f1os donde poder elegir el modelo que m\u00e1s se ajuste a la personalidad del producto. Capacidad: 770 ml Altura: 323\u00a0mm Di\u00e1metro: 75,7\u00a0mm Pallet: 1.338 unidades","breadcrumb":{"@id":"https:\/\/vidripack.com\/es\/vidrio\/botella-rhin-75-baja-re\/#breadcrumb"},"inLanguage":"es","potentialAction":[{"@type":"ReadAction","target":["https:\/\/vidripack.com\/es\/vidrio\/botella-rhin-75-baja-re\/"]}]},{"@type":"ImageObject","inLanguage":"es","@id":"https:\/\/vidripack.com\/es\/vidrio\/botella-rhin-75-baja-re\/#primaryimage","url":"https:\/\/vidripack.com\/es\/wp-content\/uploads\/2016\/10\/RHIN-75-ECOVA-b.jpg","contentUrl":"https:\/\/vidripack.com\/es\/wp-content\/uploads\/2016\/10\/RHIN-75-ECOVA-b.jpg","width":500,"height":500,"caption":"RHIN 75 ECOVA"},{"@type":"BreadcrumbList","@id":"https:\/\/vidripack.com\/es\/vidrio\/botella-rhin-75-baja-re\/#breadcrumb","itemListElement":[{"@type":"ListItem","position":1,"name":"Portada","item":"https:\/\/vidripack.com\/es\/"},{"@type":"ListItem","position":2,"name":"Cat\u00e1logo de productos","item":"https:\/\/vidripack.com\/es\/catalogo-de-productos\/"},{"@type":"ListItem","position":3,"name":"Rhin 75 Ecova"}]},{"@type":"WebSite","@id":"https:\/\/vidripack.com\/es\/#website","url":"https:\/\/vidripack.com\/es\/","name":"Vidripack","description":"Distribuci\u00f3n de envases y PET","potentialAction":[{"@type":"SearchAction","target":{"@type":"EntryPoint","urlTemplate":"https:\/\/vidripack.com\/es\/?s={search_term_string}"},"query-input":{"@type":"PropertyValueSpecification","valueRequired":true,"valueName":"search_term_string"}}],"inLanguage":"es"}]}},"_links":{"self":[{"href":"https:\/\/vidripack.com\/es\/wp-json\/wp\/v2\/product\/1271","targetHints":{"allow":["GET"]}}],"collection":[{"href":"https:\/\/vidripack.com\/es\/wp-json\/wp\/v2\/product"}],"about":[{"href":"https:\/\/vidripack.com\/es\/wp-json\/wp\/v2\/types\/product"}],"wp:featuredmedia":[{"embeddable":true,"href":"https:\/\/vidripack.com\/es\/wp-json\/wp\/v2\/media\/1272"}],"wp:attachment":[{"href":"https:\/\/vidripack.com\/es\/wp-json\/wp\/v2\/media?parent=1271"}],"wp:term":[{"taxonomy":"product_brand","embeddable":true,"href":"https:\/\/vidripack.com\/es\/wp-json\/wp\/v2\/product_brand?post=1271"},{"taxonomy":"product_cat","embeddable":true,"href":"https:\/\/vidripack.com\/es\/wp-json\/wp\/v2\/product_cat?post=1271"},{"taxonomy":"product_tag","embeddable":true,"href":"https:\/\/vidripack.com\/es\/wp-json\/wp\/v2\/product_tag?post=1271"}],"curies":[{"name":"wp","href":"https:\/\/api.w.org\/{rel}","templated":true}]}}