{"id":1249,"date":"2016-10-05T09:08:53","date_gmt":"2016-10-05T09:08:53","guid":{"rendered":"http:\/\/vidripack.com\/es\/?post_type=product&#038;p=1249"},"modified":"2021-07-05T11:47:10","modified_gmt":"2021-07-05T09:47:10","slug":"botella-borg-75-ecova-optima","status":"publish","type":"product","link":"https:\/\/vidripack.com\/es\/botellas-vidrio\/botella-borg-75-ecova-optima\/","title":{"rendered":"Botella Borgo\u00f1a 75 Ecova \u00d3ptima"},"content":{"rendered":"<p>Capacidad: 750 ml<\/p>\n<p>Peso: 395\u00a0g<\/p>\n<p>Altura: 295 mm<\/p>\n<p>Di\u00e1metro: 80,3 mm<\/p>\n<p>Boca: Corcho<\/p>\n<p>Color:\u00a0Canela, blanco<\/p>\n","protected":false},"excerpt":{"rendered":"<p><strong>Descripci\u00f3n de la Botella Borgo\u00f1a<\/strong><\/p>\n<p>Envases para vinos, cavas y sidras. Con este <strong>modelo de botella borgo\u00f1a<\/strong> podr\u00e1s darle un toque especial a tu producto.<\/p>\n<p>Capacidad: 750 ml<br \/>\nAltura: 295 mm<br \/>\nDi\u00e1metro: 80,3 mm<\/p>\n<h4>Pallet: 1.358 unidades<\/h4>\n","protected":false},"featured_media":2499,"template":"","meta":[],"product_brand":[],"product_cat":[171,169],"product_tag":[],"class_list":{"0":"post-1249","1":"product","2":"type-product","3":"status-publish","4":"has-post-thumbnail","6":"product_cat-borgonas","7":"product_cat-botellas-vidrio","9":"first","10":"instock","11":"taxable","12":"shipping-taxable","13":"product-type-simple"},"yoast_head":"<!-- This site is optimized with the Yoast SEO plugin v27.2 - https:\/\/yoast.com\/product\/yoast-seo-wordpress\/ -->\n<title>Botellas Borgo\u00f1a \u21e8 C\u00f3mpralas aqu\u00ed \u3010VIDRIPACK \u3011<\/title>\n<meta name=\"description\" content=\"\u00bfEst\u00e1s buscando botellas borgo\u00f1a para tu producto? Entra y conoce nuestro amplio cat\u00e1logo de botellas de vidrio y envases.\" \/>\n<meta name=\"robots\" content=\"index, follow, max-snippet:-1, max-image-preview:large, max-video-preview:-1\" \/>\n<link rel=\"canonical\" href=\"https:\/\/vidripack.com\/es\/botellas-vidrio\/botella-borg-75-expresion\/\" \/>\n<meta property=\"og:locale\" content=\"es_ES\" \/>\n<meta property=\"og:type\" content=\"article\" \/>\n<meta property=\"og:title\" content=\"Botellas Borgo\u00f1a \u21e8 C\u00f3mpralas aqu\u00ed \u3010VIDRIPACK \u3011\" \/>\n<meta property=\"og:description\" content=\"\u00bfEst\u00e1s buscando botellas borgo\u00f1a para tu producto? Entra y conoce nuestro amplio cat\u00e1logo de botellas de vidrio y envases.\" \/>\n<meta property=\"og:url\" content=\"https:\/\/vidripack.com\/es\/botellas-vidrio\/botella-borg-75-expresion\/\" \/>\n<meta property=\"og:site_name\" content=\"Vidripack\" \/>\n<meta property=\"article:publisher\" content=\"https:\/\/www.facebook.com\/Vidripack\" \/>\n<meta property=\"article:modified_time\" content=\"2021-07-05T09:47:10+00:00\" \/>\n<meta property=\"og:image\" content=\"https:\/\/vidripack.com\/es\/wp-content\/uploads\/2016\/10\/BORG-75-ECOVA-OPTIMA-c-2.jpg\" \/>\n\t<meta property=\"og:image:width\" content=\"500\" \/>\n\t<meta property=\"og:image:height\" content=\"500\" \/>\n\t<meta property=\"og:image:type\" content=\"image\/jpeg\" \/>\n<meta name=\"twitter:card\" content=\"summary_large_image\" \/>\n<script type=\"application\/ld+json\" class=\"yoast-schema-graph\">{\"@context\":\"https:\/\/schema.org\",\"@graph\":[{\"@type\":\"WebPage\",\"@id\":\"https:\/\/vidripack.com\/es\/botellas-vidrio\/botella-borg-75-ecova-optima\/\",\"url\":\"https:\/\/vidripack.com\/es\/botellas-vidrio\/botella-borg-75-expresion\/\",\"name\":\"Botellas Borgo\u00f1a \u21e8 C\u00f3mpralas aqu\u00ed \u3010VIDRIPACK \u3011\",\"isPartOf\":{\"@id\":\"https:\/\/vidripack.com\/es\/#website\"},\"primaryImageOfPage\":{\"@id\":\"https:\/\/vidripack.com\/es\/botellas-vidrio\/botella-borg-75-expresion\/#primaryimage\"},\"image\":{\"@id\":\"https:\/\/vidripack.com\/es\/botellas-vidrio\/botella-borg-75-expresion\/#primaryimage\"},\"thumbnailUrl\":\"https:\/\/vidripack.com\/es\/wp-content\/uploads\/2016\/10\/BORG-75-ECOVA-OPTIMA-c-2.jpg\",\"datePublished\":\"2016-10-05T09:08:53+00:00\",\"dateModified\":\"2021-07-05T09:47:10+00:00\",\"description\":\"\u00bfEst\u00e1s buscando botellas borgo\u00f1a para tu producto? Entra y conoce nuestro amplio cat\u00e1logo de botellas de vidrio y envases.\",\"breadcrumb\":{\"@id\":\"https:\/\/vidripack.com\/es\/botellas-vidrio\/botella-borg-75-expresion\/#breadcrumb\"},\"inLanguage\":\"es\",\"potentialAction\":[{\"@type\":\"ReadAction\",\"target\":[\"https:\/\/vidripack.com\/es\/botellas-vidrio\/botella-borg-75-expresion\/\"]}]},{\"@type\":\"ImageObject\",\"inLanguage\":\"es\",\"@id\":\"https:\/\/vidripack.com\/es\/botellas-vidrio\/botella-borg-75-expresion\/#primaryimage\",\"url\":\"https:\/\/vidripack.com\/es\/wp-content\/uploads\/2016\/10\/BORG-75-ECOVA-OPTIMA-c-2.jpg\",\"contentUrl\":\"https:\/\/vidripack.com\/es\/wp-content\/uploads\/2016\/10\/BORG-75-ECOVA-OPTIMA-c-2.jpg\",\"width\":500,\"height\":500},{\"@type\":\"BreadcrumbList\",\"@id\":\"https:\/\/vidripack.com\/es\/botellas-vidrio\/botella-borg-75-expresion\/#breadcrumb\",\"itemListElement\":[{\"@type\":\"ListItem\",\"position\":1,\"name\":\"Portada\",\"item\":\"https:\/\/vidripack.com\/es\/\"},{\"@type\":\"ListItem\",\"position\":2,\"name\":\"Cat\u00e1logo de productos\",\"item\":\"https:\/\/vidripack.com\/es\/catalogo-de-productos\/\"},{\"@type\":\"ListItem\",\"position\":3,\"name\":\"Botella Borgo\u00f1a 75 Ecova \u00d3ptima\"}]},{\"@type\":\"WebSite\",\"@id\":\"https:\/\/vidripack.com\/es\/#website\",\"url\":\"https:\/\/vidripack.com\/es\/\",\"name\":\"Vidripack\",\"description\":\"Distribuci\u00f3n de envases y PET\",\"potentialAction\":[{\"@type\":\"SearchAction\",\"target\":{\"@type\":\"EntryPoint\",\"urlTemplate\":\"https:\/\/vidripack.com\/es\/?s={search_term_string}\"},\"query-input\":{\"@type\":\"PropertyValueSpecification\",\"valueRequired\":true,\"valueName\":\"search_term_string\"}}],\"inLanguage\":\"es\"}]}<\/script>\n<!-- \/ Yoast SEO plugin. -->","yoast_head_json":{"title":"Botellas Borgo\u00f1a \u21e8 C\u00f3mpralas aqu\u00ed \u3010VIDRIPACK \u3011","description":"\u00bfEst\u00e1s buscando botellas borgo\u00f1a para tu producto? Entra y conoce nuestro amplio cat\u00e1logo de botellas de vidrio y envases.","robots":{"index":"index","follow":"follow","max-snippet":"max-snippet:-1","max-image-preview":"max-image-preview:large","max-video-preview":"max-video-preview:-1"},"canonical":"https:\/\/vidripack.com\/es\/botellas-vidrio\/botella-borg-75-expresion\/","og_locale":"es_ES","og_type":"article","og_title":"Botellas Borgo\u00f1a \u21e8 C\u00f3mpralas aqu\u00ed \u3010VIDRIPACK \u3011","og_description":"\u00bfEst\u00e1s buscando botellas borgo\u00f1a para tu producto? Entra y conoce nuestro amplio cat\u00e1logo de botellas de vidrio y envases.","og_url":"https:\/\/vidripack.com\/es\/botellas-vidrio\/botella-borg-75-expresion\/","og_site_name":"Vidripack","article_publisher":"https:\/\/www.facebook.com\/Vidripack","article_modified_time":"2021-07-05T09:47:10+00:00","og_image":[{"width":500,"height":500,"url":"https:\/\/vidripack.com\/es\/wp-content\/uploads\/2016\/10\/BORG-75-ECOVA-OPTIMA-c-2.jpg","type":"image\/jpeg"}],"twitter_card":"summary_large_image","schema":{"@context":"https:\/\/schema.org","@graph":[{"@type":"WebPage","@id":"https:\/\/vidripack.com\/es\/botellas-vidrio\/botella-borg-75-ecova-optima\/","url":"https:\/\/vidripack.com\/es\/botellas-vidrio\/botella-borg-75-expresion\/","name":"Botellas Borgo\u00f1a \u21e8 C\u00f3mpralas aqu\u00ed \u3010VIDRIPACK \u3011","isPartOf":{"@id":"https:\/\/vidripack.com\/es\/#website"},"primaryImageOfPage":{"@id":"https:\/\/vidripack.com\/es\/botellas-vidrio\/botella-borg-75-expresion\/#primaryimage"},"image":{"@id":"https:\/\/vidripack.com\/es\/botellas-vidrio\/botella-borg-75-expresion\/#primaryimage"},"thumbnailUrl":"https:\/\/vidripack.com\/es\/wp-content\/uploads\/2016\/10\/BORG-75-ECOVA-OPTIMA-c-2.jpg","datePublished":"2016-10-05T09:08:53+00:00","dateModified":"2021-07-05T09:47:10+00:00","description":"\u00bfEst\u00e1s buscando botellas borgo\u00f1a para tu producto? Entra y conoce nuestro amplio cat\u00e1logo de botellas de vidrio y envases.","breadcrumb":{"@id":"https:\/\/vidripack.com\/es\/botellas-vidrio\/botella-borg-75-expresion\/#breadcrumb"},"inLanguage":"es","potentialAction":[{"@type":"ReadAction","target":["https:\/\/vidripack.com\/es\/botellas-vidrio\/botella-borg-75-expresion\/"]}]},{"@type":"ImageObject","inLanguage":"es","@id":"https:\/\/vidripack.com\/es\/botellas-vidrio\/botella-borg-75-expresion\/#primaryimage","url":"https:\/\/vidripack.com\/es\/wp-content\/uploads\/2016\/10\/BORG-75-ECOVA-OPTIMA-c-2.jpg","contentUrl":"https:\/\/vidripack.com\/es\/wp-content\/uploads\/2016\/10\/BORG-75-ECOVA-OPTIMA-c-2.jpg","width":500,"height":500},{"@type":"BreadcrumbList","@id":"https:\/\/vidripack.com\/es\/botellas-vidrio\/botella-borg-75-expresion\/#breadcrumb","itemListElement":[{"@type":"ListItem","position":1,"name":"Portada","item":"https:\/\/vidripack.com\/es\/"},{"@type":"ListItem","position":2,"name":"Cat\u00e1logo de productos","item":"https:\/\/vidripack.com\/es\/catalogo-de-productos\/"},{"@type":"ListItem","position":3,"name":"Botella Borgo\u00f1a 75 Ecova \u00d3ptima"}]},{"@type":"WebSite","@id":"https:\/\/vidripack.com\/es\/#website","url":"https:\/\/vidripack.com\/es\/","name":"Vidripack","description":"Distribuci\u00f3n de envases y PET","potentialAction":[{"@type":"SearchAction","target":{"@type":"EntryPoint","urlTemplate":"https:\/\/vidripack.com\/es\/?s={search_term_string}"},"query-input":{"@type":"PropertyValueSpecification","valueRequired":true,"valueName":"search_term_string"}}],"inLanguage":"es"}]}},"_links":{"self":[{"href":"https:\/\/vidripack.com\/es\/wp-json\/wp\/v2\/product\/1249","targetHints":{"allow":["GET"]}}],"collection":[{"href":"https:\/\/vidripack.com\/es\/wp-json\/wp\/v2\/product"}],"about":[{"href":"https:\/\/vidripack.com\/es\/wp-json\/wp\/v2\/types\/product"}],"wp:featuredmedia":[{"embeddable":true,"href":"https:\/\/vidripack.com\/es\/wp-json\/wp\/v2\/media\/2499"}],"wp:attachment":[{"href":"https:\/\/vidripack.com\/es\/wp-json\/wp\/v2\/media?parent=1249"}],"wp:term":[{"taxonomy":"product_brand","embeddable":true,"href":"https:\/\/vidripack.com\/es\/wp-json\/wp\/v2\/product_brand?post=1249"},{"taxonomy":"product_cat","embeddable":true,"href":"https:\/\/vidripack.com\/es\/wp-json\/wp\/v2\/product_cat?post=1249"},{"taxonomy":"product_tag","embeddable":true,"href":"https:\/\/vidripack.com\/es\/wp-json\/wp\/v2\/product_tag?post=1249"}],"curies":[{"name":"wp","href":"https:\/\/api.w.org\/{rel}","templated":true}]}}