{"id":2174,"date":"2018-05-06T14:09:06","date_gmt":"2018-05-06T12:09:06","guid":{"rendered":"http:\/\/vidripack.com\/es\/?page_id=2174"},"modified":"2022-03-30T11:00:03","modified_gmt":"2022-03-30T09:00:03","slug":"politica-de-cookies","status":"publish","type":"page","link":"https:\/\/vidripack.com\/es\/politica-de-cookies\/","title":{"rendered":"Pol\u00edtica de cookies"},"content":{"rendered":"\r\n\r\n\r\n<p><strong><em><u>DEFINICI\u00d3N DE COOKIES.<\/u><\/em><\/strong><\/p>\r\n<p><em>Una cookie es un fichero que se descarga en su ordenador al acceder a determinadas p\u00e1ginas web. Las cookies permiten a una p\u00e1gina web, entre otras cosas, almacenar y recuperar informaci\u00f3n sobre los h\u00e1bitos de navegaci\u00f3n de un usuario o de su equipo y, dependiendo de la informaci\u00f3n que contengan y de la forma en que utilice su equipo, pueden utilizarse para reconocer al usuario. <\/em><\/p>\r\n<p>&nbsp;<\/p>\r\n<p><em>La web de VIDRIPACK S.L.U. utiliza cookies propias y de terceros, todas en el dominio <strong>\u201cvidripack.com\u201d.<\/strong><\/em><\/p>\r\n<h2><em><u>A.- TIPOS DE COOKIES. <\/u><\/em><\/h2>\r\n<h4><em><u>1.- Tipos de cookies, seg\u00fan la entidad que las gestione:<\/u><\/em><\/h4>\r\n<h4><em><u>a) Cookies Propias: <\/u><\/em><em>son aquellas que se env\u00edan al equipo terminal del usuario desde un equipo o dominio gestionado por el propio editor y desde el que se presta el servicio solicitado por el usuario.<\/em><\/h4>\r\n<h4><em><u>b) Cookies de terceros:<\/u><\/em><em> Son aquellas que se env\u00edan al equipo terminal del usuario desde un equipo o dominio que no es gestionado por el editor, sino por otra entidad que trata los datos obtenidos a trav\u00e9s de las cookies.<\/em><\/h4>\r\n<h4><em><u>2.- Tipos de cookies, seg\u00fan su finalidad:<\/u><\/em><\/h4>\r\n<h4><em><u>a) Cookies T\u00e9cnicas:<\/u><\/em><em> Son aquellas que permiten al usuario la navegaci\u00f3n a trav\u00e9s de la p\u00e1gina web, plataforma o aplicaci\u00f3n y la utilizaci\u00f3n de las diferentes opciones o servicios que en ella existen.<\/em><\/h4>\r\n<h4><em><u>b) Cookies de An\u00e1lisis:<\/u><\/em><em> Son aquellas que permiten al responsable de estas, el seguimiento y an\u00e1lisis del comportamiento de los usuarios de los sitios web a los que est\u00e1n vinculadas.<\/em><\/h4>\r\n<h4><em><u>c) Cookies de personalizaci\u00f3n:<\/u><\/em><em> Estas cookies almacenan informaci\u00f3n del comportamiento del usuario obtenida a trav\u00e9s del registro de sus h\u00e1bitos de navegaci\u00f3n, lo que permite desarrollar un perfil espec\u00edfico para ofrecer informaci\u00f3n comercial adaptada a sus gustos y preferencias. Almacenan informaci\u00f3n como el tipo de conexi\u00f3n, idioma, patrones de navegaci\u00f3n o ubicaci\u00f3n.<\/em><\/h4>\r\n<h4><em><u>d) Cookies de publicidad comportamental:<\/u><\/em><em> Son aquellas que almacenan informaci\u00f3n del comportamiento de los usuarios obtenida a trav\u00e9s de la observaci\u00f3n continuada de sus h\u00e1bitos de navegaci\u00f3n, lo que permite desarrollar un perfil espec\u00edfico para mostrar publicidad en funci\u00f3n de este.<\/em><\/h4>\r\n<h4><em><u>3.-Tipos de cookies, seg\u00fan el plazo de tiempo de tiempo que permanecen activadas:<\/u><\/em><\/h4>\r\n<h4><em><u>a) Cookies de Sesi\u00f3n:<\/u><\/em><em> Son las dise\u00f1adas para recabar y almacenar datos mientras el usuario accede a una p\u00e1gina web. Se suelen emplear para la prestaci\u00f3n del servicio solicitado por el usuario en una sola ocasi\u00f3n.<\/em><\/h4>\r\n<h4><em><u>b) Cookies Persistentes:<\/u><\/em><em> Son las dise\u00f1adas para que los datos sigan almacenados en el terminal y pueden ser accedidos y tratados durante un periodo definido por el responsable de la cookie, y que puede ir de unos minutos a varios a\u00f1os.<\/em><\/h4>\r\n<p><strong><u>\u00a0<\/u><\/strong><\/p>\r\n<p><strong><em><u>COOKIES EMPLEADAS EN <\/u><\/em><\/strong><a href=\"http:\/\/www.vidripack.com\"><strong><em><u>www.vidripack.com<\/u><\/em><\/strong><\/a><\/p>\r\n<table id=\"tablepress-3\" class=\"tablepress tablepress-id-3\">\r\n<tbody class=\"row-hover\">\r\n<tr class=\"row-1 odd\">\r\n<td class=\"column-1\">NOMBRE COOKIE<\/td>\r\n<td class=\"column-2\">TIPO DE COOKIE<\/td>\r\n<td class=\"column-3\">CADUCIDAD<\/td>\r\n<td class=\"column-4\">DESCRIPCION<\/td>\r\n<\/tr>\r\n<tr class=\"row-2 even\">\r\n<td class=\"column-1\">_ga<\/td>\r\n<td class=\"column-2\">Cookie Propia<\/td>\r\n<td class=\"column-3\">2 a\u00f1os<\/td>\r\n<td class=\"column-4\">Se usa para distinguir a los usuarios.<\/td>\r\n<\/tr>\r\n<tr class=\"row-3 odd\">\r\n<td class=\"column-1\">_gid<\/td>\r\n<td class=\"column-2\">Cookie Propia<\/td>\r\n<td class=\"column-3\">24 horas<\/td>\r\n<td class=\"column-4\">Se usa para distinguir a los usuarios.<\/td>\r\n<\/tr>\r\n<tr class=\"row-4 even\">\r\n<td class=\"column-1\">wp-settings-1<\/td>\r\n<td class=\"column-2\">Cookie Propia<\/td>\r\n<td class=\"column-3\">1 a\u00f1o<\/td>\r\n<td class=\"column-4\">Estas cookies se utilizan para personalizar el interfaz de usuario de WordPress.<\/td>\r\n<\/tr>\r\n<tr class=\"row-5 odd\">\r\n<td class=\"column-1\">wp-settings-time-1<\/td>\r\n<td class=\"column-2\">\u00a0<\/td>\r\n<td class=\"column-3\">\u00a0<\/td>\r\n<td class=\"column-4\">\u00a0<\/td>\r\n<\/tr>\r\n<tr class=\"row-7 odd\">\r\n<td class=\"column-1\">NID<\/td>\r\n<td class=\"column-2\">Cookies de terceros: Google<\/td>\r\n<td class=\"column-3\">6 meses<\/td>\r\n<td class=\"column-4\">Almacena informaci\u00f3n sobre tus preferencias.<\/td>\r\n<\/tr>\r\n<tr class=\"row-8 even\">\r\n<td class=\"column-1\">1P_JAR<\/td>\r\n<td class=\"column-2\">Cookies de terceros: Google<\/td>\r\n<td class=\"column-3\">1 mes<\/td>\r\n<td class=\"column-4\">Almacenamiento de las preferencias de usuario de google<\/td>\r\n<\/tr>\r\n<tr class=\"row-9 odd\">\r\n<td class=\"column-1\">OGPC<\/td>\r\n<td class=\"column-2\">Cookies de terceros: Google<\/td>\r\n<td class=\"column-3\">2 meses<\/td>\r\n<td class=\"column-4\">Cookie utilizada para proveer servicios y extraer informaci\u00f3n an\u00f3nima sobre la navegaci\u00f3n.<\/td>\r\n<\/tr>\r\n<tr class=\"row-10 even\">\r\n<td class=\"column-1\">SEARCH_SAMESITE<\/td>\r\n<td class=\"column-2\">Cookies de terceros: Google<\/td>\r\n<td class=\"column-3\">6 meses<\/td>\r\n<td class=\"column-4\">Esta cookie se usa para mitigar el riesgo de fuga de informaci\u00f3n de origen cruzado. Tambi\u00e9n proporciona cierta protecci\u00f3n contra los ataques de falsificaci\u00f3n de solicitudes entre sitios<\/td>\r\n<\/tr>\r\n<tr class=\"row-11 odd\">\r\n<td class=\"column-1\">wordpress_test_cookie<\/td>\r\n<td class=\"column-2\">Cookie Propia<\/td>\r\n<td class=\"column-3\"><br \/>Sesi\u00f3n<\/td>\r\n<td class=\"column-4\">Esta cookie se usa para que el gestor de contenidos WordPress compruebe si el navegador tiene las cookies activadas<\/td>\r\n<\/tr>\r\n<tr class=\"row-13 odd\">\r\n<td class=\"column-1\">CONSENT<\/td>\r\n<td class=\"column-2\">Cookies de terceros: .gstatic.com<\/td>\r\n<td class=\"column-3\">Permanente<\/td>\r\n<td class=\"column-4\">Funci\u00f3n de aceptaci\u00f3n de cookies en sitios web<\/td>\r\n<\/tr>\r\n<tr class=\"row-15 odd\">\r\n<td class=\"column-1\">cookie_notice_accepted<\/td>\r\n<td class=\"column-2\">Cookie Propia<\/td>\r\n<td class=\"column-3\">15 d\u00edas<\/td>\r\n<td class=\"column-4\">Esta cookie recuerda si se ha aceptado el mensaje de aviso sobre cookies para dejar de mostrarlo durante el tiempo en que est\u00e9 activa.<\/td>\r\n<\/tr>\r\n<tr class=\"row-16 even\">\r\n<td class=\"column-1\">ANID<\/td>\r\n<td class=\"column-2\">Cookies de terceros: Google<\/td>\r\n<td class=\"column-3\">1 a\u00f1o<\/td>\r\n<td class=\"column-4\">Esta cookie se utiliza para manejar perfiles basados en el inter?s del usuario y as? poder mostrarles anuncios personalizados.<\/td>\r\n<\/tr>\r\n<tr class=\"row-17 odd\">\r\n<td class=\"column-1\">__Secure-APISID<\/td>\r\n<td class=\"column-2\">Cookies de terceros: Google<\/td>\r\n<td class=\"column-3\">15 d\u00edas<\/td>\r\n<td class=\"column-4\">Estas cookies se utilizan para entregar anuncios m?s relevantes para usted y sus intereses.<\/td>\r\n<\/tr>\r\n<tr class=\"row-18 even\">\r\n<td class=\"column-1\">__Secure-SSID<\/td>\r\n<td class=\"column-2\">\u00a0<\/td>\r\n<td class=\"column-3\">\u00a0<\/td>\r\n<td class=\"column-4\">\u00a0<\/td>\r\n<\/tr>\r\n<tr class=\"row-19 odd\">\r\n<td class=\"column-1\">__Secure-HSID<\/td>\r\n<td class=\"column-2\">\u00a0<\/td>\r\n<td class=\"column-3\">\u00a0<\/td>\r\n<td class=\"column-4\">\u00a0<\/td>\r\n<\/tr>\r\n<tr class=\"row-20 even\">\r\n<td class=\"column-1\">__Secure-3PSID<\/td>\r\n<td class=\"column-2\">Cookies de terceros: Google<\/td>\r\n<td class=\"column-3\">2 a\u00f1os<\/td>\r\n<td class=\"column-4\">Estas cookies se utilizan para entregar anuncios m\u00e1s relevantes para usted y sus intereses.<\/td>\r\n<\/tr>\r\n<tr class=\"row-21 odd\">\r\n<td class=\"column-1\">__Secure-3PAPISID<\/td>\r\n<td class=\"column-2\">\u00a0<\/td>\r\n<td class=\"column-3\">\u00a0<\/td>\r\n<td class=\"column-4\">\u00a0<\/td>\r\n<\/tr>\r\n<tr class=\"row-22 even\">\r\n<td class=\"column-1\">SID<\/td>\r\n<td class=\"column-2\">Cookies de terceros: Google<\/td>\r\n<td class=\"column-3\">2 a\u00f1os<\/td>\r\n<td class=\"column-4\">Recoge informaci\u00f3n para el buscador de google.<\/td>\r\n<\/tr>\r\n<tr class=\"row-23 odd\">\r\n<td class=\"column-1\">SAPISID<\/td>\r\n<td class=\"column-2\">Cookies de terceros: Google<\/td>\r\n<td class=\"column-3\">2 a\u00f1os<\/td>\r\n<td class=\"column-4\">Estas cookies se utilizan para medir el rendimiento de los anuncios y proporciona recomendaciones.<\/td>\r\n<\/tr>\r\n<tr class=\"row-24 even\">\r\n<td class=\"column-1\">APISID<\/td>\r\n<td class=\"column-2\">\u00a0<\/td>\r\n<td class=\"column-3\">\u00a0<\/td>\r\n<td class=\"column-4\">\u00a0<\/td>\r\n<\/tr>\r\n<tr class=\"row-25 odd\">\r\n<td class=\"column-1\">SSID<\/td>\r\n<td class=\"column-2\">\u00a0<\/td>\r\n<td class=\"column-3\">\u00a0<\/td>\r\n<td class=\"column-4\">\u00a0<\/td>\r\n<\/tr>\r\n<tr class=\"row-26 even\">\r\n<td class=\"column-1\">HSID<\/td>\r\n<td class=\"column-2\">\u00a0<\/td>\r\n<td class=\"column-3\">\u00a0<\/td>\r\n<td class=\"column-4\">\u00a0<\/td>\r\n<\/tr>\r\n<tr class=\"row-27 odd\">\r\n<td class=\"column-1\">OTZ<\/td>\r\n<td class=\"column-2\">Cookies de terceros: Google<\/td>\r\n<td class=\"column-3\">15 d\u00edas<\/td>\r\n<td class=\"column-4\">Recopila informaci\u00f3n sobre las preferencias para usarlas con fines publicitarios.<\/td>\r\n<\/tr>\r\n<tr class=\"row-28 even\">\r\n<td class=\"column-1\">SIDCC<\/td>\r\n<td class=\"column-2\">Cookies de terceros: Google<\/td>\r\n<td class=\"column-3\">1 a\u00f1o<\/td>\r\n<td class=\"column-4\">Provee servicios y extrae informaci\u00f3n an\u00f3nima sobre la navegaci\u00f3n<\/td>\r\n<\/tr>\r\n<tr class=\"row-29 odd\">\r\n<td class=\"column-1\">CONSENT<\/td>\r\n<td class=\"column-2\">Cookies de terceros: Google<\/td>\r\n<td class=\"column-3\">Permanente<\/td>\r\n<td class=\"column-4\">Se usa para distinguir a los usuarios.<\/td>\r\n<\/tr>\r\n<\/tbody>\r\n<\/table>\r\n<h2>\u00a0<\/h2>\r\n<h2><strong><em><u>B- GESTI\u00d3N DE COOKIES.<\/u><\/em><\/strong><\/h2>\r\n<h2><em>1.- <\/em><em>\u00bfPor qu\u00e9 debo permitir las cookies?<\/em><\/h2>\r\n<p><em>Al permitir las cookies, podr\u00e1s obtener una mejor experiencia en nuestro sitio web.<\/em><\/p>\r\n<p><em>\u00a0<\/em><\/p>\r\n<p><em>Adem\u00e1s, hay algunas acciones b\u00e1sicas que requieren cookies (t\u00e9cnicas) y que permiten que la p\u00e1gina web pueda desarrollar sus funcionalidades. <\/em><\/p>\r\n<p>&nbsp;<\/p>\r\n<h2><em>2.- \u00bfQu\u00e9 pasa si bloqueo las cookies?<\/em><\/h2>\r\n<p><em>Si decides bloquear las cookies, puede impedir el correcto funcionamiento de algunas caracter\u00edsticas de la web. Esto restringir\u00e1 lo que puedes hacer en la misma.<\/em><\/p>\r\n<p><em>\u00a0<\/em><\/p>\r\n<p><em>Si aceptas estas limitaciones y decides bloquear las cookies, por favor sigue las instrucciones para tu navegador en la siguiente secci\u00f3n.<\/em><\/p>\r\n<p>&nbsp;<\/p>\r\n<p><strong><em>3.- \u00bfC\u00f3mo puedo bloquear o permitir las cookies?<\/em><\/strong><\/p>\r\n<p><strong><em><u>\u00a0<\/u><\/em><\/strong><\/p>\r\n<p><em>Usted puede permitir, conocer, bloquear o eliminar las cookies instaladas en su equipo mediante la configuraci\u00f3n de las opciones del navegador instalado en su ordenador.<\/em><\/p>\r\n<p><em>\u00a0<\/em><\/p>\r\n<p><em>Puede encontrar informaci\u00f3n sobre c\u00f3mo hacerlo en el caso que use como navegador:<\/em><\/p>\r\n<p><em>\u00a0<\/em><\/p>\r\n<p><em>Chrome, desde<\/em><\/p>\r\n<p><a href=\"http:\/\/support.google.com\/chrome\/bin\/answer.py?hl=es&amp;answer=95647\"><em>http:\/\/support.google.com\/chrome\/bin\/answer.py?hl=es&amp;answer=95647<\/em><\/a><\/p>\r\n<p><em>\u00a0<\/em><\/p>\r\n<p><em>\u00a0<\/em><\/p>\r\n<p><em>Explorer, desde <\/em><\/p>\r\n<p><a href=\"http:\/\/windows.microsoft.com\/es-es\/windows7\/how-to-manage-cookies-in-internet-explorer-9\"><em>http:\/\/windows.microsoft.com\/es-es\/windows7\/how-to-manage-cookies-in-internet-explorer-9<\/em><\/a><\/p>\r\n<p><em>\u00a0<\/em><\/p>\r\n<p><em>Firefox, desde <\/em><\/p>\r\n<p><a href=\"https:\/\/support.mozilla.org\/es\/kb\/habilitar-y-deshabilitar-cookies-sitios-web-rastrear-preferencias\"><em>https:\/\/support.mozilla.org\/es\/kb\/habilitar-y-deshabilitar-cookies-sitios-web-rastrear-preferencias<\/em><\/a><\/p>\r\n<p><em>\u00a0<\/em><\/p>\r\n<p><em>Safari, desde <\/em><\/p>\r\n<p><a href=\"http:\/\/support.apple.com\/kb\/ph5042\"><em>http:\/\/support.apple.com\/kb\/ph5042<\/em><\/a><\/p>\r\n<p><em>\u00a0<\/em><\/p>\r\n<p><em>Opera, desde<\/em><\/p>\r\n<p><a href=\"http:\/\/www.opera.com\/help\/tutorials\/security\/privacy\/\"><em>http:\/\/www.opera.com\/help\/tutorials\/security\/privacy\/<\/em><\/a><\/p>\r\n<p><strong><em><u>\u00a0<\/u><\/em><\/strong><\/p>\r\n<p><strong><em><u>\u00a0<\/u><\/em><\/strong><\/p>\r\n<p><strong><em><u>PRIVACIDAD Y TRATAMIENTO DE DATOS<\/u><\/em><\/strong><\/p>\r\n<p><strong><em><u>\u00a0<\/u><\/em><\/strong><\/p>\r\n<p><em>La EMPRESA trata sus datos de car\u00e1cter personal seg\u00fan los establecido en el Reglamento (UE) 2016\/679 del Parlamento Europeo y del Consejo, de 27 de abril de 2016, relativo a la protecci\u00f3n de las personas f\u00edsicas en lo que respecta al tratamiento de datos personales y a la libre circulaci\u00f3n de estos datos y por el que se deroga la Directiva 95\/46\/CE (Reglamento general de protecci\u00f3n de datos) y la LO 3\/2018. La informaci\u00f3n sobre sus datos de car\u00e1cter personal, seg\u00fan el art\u00edculo 13 de la secci\u00f3n 2 del citado reglamento y la LO 3\/2018, puede consultarla en este <\/em><em><a href=\"https:\/\/vidripack.com\/es\/politica-de-privacidad\/\">[LINK]<\/a>.<\/em><\/p>\r\n<p><strong><u>\u00a0<\/u><\/strong><\/p>\r\n<p><strong><em><u>ACCESO A DATOS<\/u><\/em><\/strong><\/p>\r\n<p><em>\u00a0<\/em><\/p>\r\n<p><em>Las cookies de nuestro sitio web son utilizadas por: <\/em><\/p>\r\n<p><em>\u00a0<\/em><\/p>\r\n<ul>\r\n<li><em>El Titular de la p\u00e1gina VIDRIPACK S.L.U.<\/em><em>, con CIF B11936127 y domicilio social en Pol. Ind. Las Bodegas, Calle Marinaje, 5 &#8211; 11408 Jerez de la Frontera (C\u00e1diz).<\/em><\/li>\r\n<li>\u00a0GOOGLE INC., 1600 AmphitheatreParkway, Mountain View (California), CA 94043, Estados Unidos<\/li>\r\n<\/ul>\r\n<p>&nbsp;<\/p>\r\n","protected":false},"excerpt":{"rendered":"<p>DEFINICI\u00d3N DE COOKIES. Una cookie es un fichero que se descarga en su ordenador al acceder a determinadas p\u00e1ginas web. Las cookies &hellip;<\/p>\n","protected":false},"author":1,"featured_media":0,"parent":0,"menu_order":0,"comment_status":"closed","ping_status":"closed","template":"","meta":{"footnotes":""},"class_list":["post-2174","page","type-page","status-publish","hentry"],"yoast_head":"<!-- This site is optimized with the Yoast SEO plugin v27.2 - https:\/\/yoast.com\/product\/yoast-seo-wordpress\/ -->\n<title>Pol\u00edtica de cookies - Vidripack<\/title>\n<meta name=\"description\" content=\"DEFINICI\u00d3N DE COOKIES. Una cookie es un fichero que se descarga en su ordenador al acceder a determinadas p\u00e1ginas web. Las cookies permiten a una p\u00e1gina\" \/>\n<meta name=\"robots\" content=\"index, follow, max-snippet:-1, max-image-preview:large, max-video-preview:-1\" \/>\n<link rel=\"canonical\" href=\"https:\/\/vidripack.com\/es\/politica-de-cookies\/\" \/>\n<meta property=\"og:locale\" content=\"es_ES\" \/>\n<meta property=\"og:type\" content=\"article\" \/>\n<meta property=\"og:title\" content=\"Pol\u00edtica de cookies - Vidripack\" \/>\n<meta property=\"og:description\" content=\"DEFINICI\u00d3N DE COOKIES. Una cookie es un fichero que se descarga en su ordenador al acceder a determinadas p\u00e1ginas web. Las cookies permiten a una p\u00e1gina\" \/>\n<meta property=\"og:url\" content=\"https:\/\/vidripack.com\/es\/politica-de-cookies\/\" \/>\n<meta property=\"og:site_name\" content=\"Vidripack\" \/>\n<meta property=\"article:publisher\" content=\"https:\/\/www.facebook.com\/Vidripack\" \/>\n<meta property=\"article:modified_time\" content=\"2022-03-30T09:00:03+00:00\" \/>\n<meta property=\"og:image\" content=\"https:\/\/vidripack.com\/es\/wp-content\/uploads\/2016\/10\/logo_vidripack_final.png\" \/>\n\t<meta property=\"og:image:width\" content=\"173\" \/>\n\t<meta property=\"og:image:height\" content=\"115\" \/>\n\t<meta property=\"og:image:type\" content=\"image\/png\" \/>\n<meta name=\"twitter:card\" content=\"summary_large_image\" \/>\n<meta name=\"twitter:label1\" content=\"Tiempo de lectura\" \/>\n\t<meta name=\"twitter:data1\" content=\"6 minutos\" \/>\n<script type=\"application\/ld+json\" class=\"yoast-schema-graph\">{\"@context\":\"https:\/\/schema.org\",\"@graph\":[{\"@type\":\"WebPage\",\"@id\":\"https:\/\/vidripack.com\/es\/politica-de-cookies\/\",\"url\":\"https:\/\/vidripack.com\/es\/politica-de-cookies\/\",\"name\":\"Pol\u00edtica de cookies - Vidripack\",\"isPartOf\":{\"@id\":\"https:\/\/vidripack.com\/es\/#website\"},\"datePublished\":\"2018-05-06T12:09:06+00:00\",\"dateModified\":\"2022-03-30T09:00:03+00:00\",\"description\":\"DEFINICI\u00d3N DE COOKIES. Una cookie es un fichero que se descarga en su ordenador al acceder a determinadas p\u00e1ginas web. Las cookies permiten a una p\u00e1gina\",\"breadcrumb\":{\"@id\":\"https:\/\/vidripack.com\/es\/politica-de-cookies\/#breadcrumb\"},\"inLanguage\":\"es\",\"potentialAction\":[{\"@type\":\"ReadAction\",\"target\":[\"https:\/\/vidripack.com\/es\/politica-de-cookies\/\"]}]},{\"@type\":\"BreadcrumbList\",\"@id\":\"https:\/\/vidripack.com\/es\/politica-de-cookies\/#breadcrumb\",\"itemListElement\":[{\"@type\":\"ListItem\",\"position\":1,\"name\":\"Portada\",\"item\":\"https:\/\/vidripack.com\/es\/\"},{\"@type\":\"ListItem\",\"position\":2,\"name\":\"Pol\u00edtica de cookies\"}]},{\"@type\":\"WebSite\",\"@id\":\"https:\/\/vidripack.com\/es\/#website\",\"url\":\"https:\/\/vidripack.com\/es\/\",\"name\":\"Vidripack\",\"description\":\"Distribuci\u00f3n de envases y PET\",\"potentialAction\":[{\"@type\":\"SearchAction\",\"target\":{\"@type\":\"EntryPoint\",\"urlTemplate\":\"https:\/\/vidripack.com\/es\/?s={search_term_string}\"},\"query-input\":{\"@type\":\"PropertyValueSpecification\",\"valueRequired\":true,\"valueName\":\"search_term_string\"}}],\"inLanguage\":\"es\"}]}<\/script>\n<!-- \/ Yoast SEO plugin. -->","yoast_head_json":{"title":"Pol\u00edtica de cookies - Vidripack","description":"DEFINICI\u00d3N DE COOKIES. Una cookie es un fichero que se descarga en su ordenador al acceder a determinadas p\u00e1ginas web. Las cookies permiten a una p\u00e1gina","robots":{"index":"index","follow":"follow","max-snippet":"max-snippet:-1","max-image-preview":"max-image-preview:large","max-video-preview":"max-video-preview:-1"},"canonical":"https:\/\/vidripack.com\/es\/politica-de-cookies\/","og_locale":"es_ES","og_type":"article","og_title":"Pol\u00edtica de cookies - Vidripack","og_description":"DEFINICI\u00d3N DE COOKIES. Una cookie es un fichero que se descarga en su ordenador al acceder a determinadas p\u00e1ginas web. Las cookies permiten a una p\u00e1gina","og_url":"https:\/\/vidripack.com\/es\/politica-de-cookies\/","og_site_name":"Vidripack","article_publisher":"https:\/\/www.facebook.com\/Vidripack","article_modified_time":"2022-03-30T09:00:03+00:00","og_image":[{"width":173,"height":115,"url":"https:\/\/vidripack.com\/es\/wp-content\/uploads\/2016\/10\/logo_vidripack_final.png","type":"image\/png"}],"twitter_card":"summary_large_image","twitter_misc":{"Tiempo de lectura":"6 minutos"},"schema":{"@context":"https:\/\/schema.org","@graph":[{"@type":"WebPage","@id":"https:\/\/vidripack.com\/es\/politica-de-cookies\/","url":"https:\/\/vidripack.com\/es\/politica-de-cookies\/","name":"Pol\u00edtica de cookies - Vidripack","isPartOf":{"@id":"https:\/\/vidripack.com\/es\/#website"},"datePublished":"2018-05-06T12:09:06+00:00","dateModified":"2022-03-30T09:00:03+00:00","description":"DEFINICI\u00d3N DE COOKIES. Una cookie es un fichero que se descarga en su ordenador al acceder a determinadas p\u00e1ginas web. Las cookies permiten a una p\u00e1gina","breadcrumb":{"@id":"https:\/\/vidripack.com\/es\/politica-de-cookies\/#breadcrumb"},"inLanguage":"es","potentialAction":[{"@type":"ReadAction","target":["https:\/\/vidripack.com\/es\/politica-de-cookies\/"]}]},{"@type":"BreadcrumbList","@id":"https:\/\/vidripack.com\/es\/politica-de-cookies\/#breadcrumb","itemListElement":[{"@type":"ListItem","position":1,"name":"Portada","item":"https:\/\/vidripack.com\/es\/"},{"@type":"ListItem","position":2,"name":"Pol\u00edtica de cookies"}]},{"@type":"WebSite","@id":"https:\/\/vidripack.com\/es\/#website","url":"https:\/\/vidripack.com\/es\/","name":"Vidripack","description":"Distribuci\u00f3n de envases y PET","potentialAction":[{"@type":"SearchAction","target":{"@type":"EntryPoint","urlTemplate":"https:\/\/vidripack.com\/es\/?s={search_term_string}"},"query-input":{"@type":"PropertyValueSpecification","valueRequired":true,"valueName":"search_term_string"}}],"inLanguage":"es"}]}},"_links":{"self":[{"href":"https:\/\/vidripack.com\/es\/wp-json\/wp\/v2\/pages\/2174","targetHints":{"allow":["GET"]}}],"collection":[{"href":"https:\/\/vidripack.com\/es\/wp-json\/wp\/v2\/pages"}],"about":[{"href":"https:\/\/vidripack.com\/es\/wp-json\/wp\/v2\/types\/page"}],"author":[{"embeddable":true,"href":"https:\/\/vidripack.com\/es\/wp-json\/wp\/v2\/users\/1"}],"replies":[{"embeddable":true,"href":"https:\/\/vidripack.com\/es\/wp-json\/wp\/v2\/comments?post=2174"}],"version-history":[{"count":14,"href":"https:\/\/vidripack.com\/es\/wp-json\/wp\/v2\/pages\/2174\/revisions"}],"predecessor-version":[{"id":2725,"href":"https:\/\/vidripack.com\/es\/wp-json\/wp\/v2\/pages\/2174\/revisions\/2725"}],"wp:attachment":[{"href":"https:\/\/vidripack.com\/es\/wp-json\/wp\/v2\/media?parent=2174"}],"curies":[{"name":"wp","href":"https:\/\/api.w.org\/{rel}","templated":true}]}}