{"id":2158,"date":"2018-05-06T12:45:24","date_gmt":"2018-05-06T10:45:24","guid":{"rendered":"http:\/\/vidripack.com\/es\/?page_id=2158"},"modified":"2022-03-30T11:03:33","modified_gmt":"2022-03-30T09:03:33","slug":"politica-de-privacidad","status":"publish","type":"page","link":"https:\/\/vidripack.com\/es\/politica-de-privacidad\/","title":{"rendered":"Pol\u00edtica de privacidad"},"content":{"rendered":"<p>La presente pol\u00edtica de privacidad se aplica al tratamiento de los datos personales de los clientes y\/o usuarios del sitio web <a href=\"http:\/\/www.vidripack.com\">www.vidripack.com<\/a> cuyo Responsable del tratamiento de datos es VIDRIPACK S.L.U.<\/p>\n<p><strong>CONFIDENCIALIDAD Y PROTECCI\u00d3N DE DATOS<\/strong><\/p>\n<p>La presente Pol\u00edtica de Privacidad tiene por objeto facilitar informaci\u00f3n sobre los derechos que le asisten en virtud de lo establecido en el REGLAMENTO (UE) 2016\/679 DEL PARLAMENTO EUROPEO y del CONSEJO, de 27 de abril de 2016, relativo a la protecci\u00f3n de las personas f\u00edsicas en lo que respecta al tratamiento de datos personales y a la libre circulaci\u00f3n de estos datos y por el que se deroga la Directiva 95\/46\/CE (Reglamento general de protecci\u00f3n de datos) y la LO 3\/2018. La informaci\u00f3n sobre sus datos de car\u00e1cter personal, seg\u00fan el art\u00edculo 13 de la secci\u00f3n 2 del citado reglamento y la LO 3\/2018.<\/p>\n<p>Al facilitarnos sus datos, el cliente y\/o usuario declara haber le\u00eddo y conocer la presente Pol\u00edtica de Privacidad, prestando su consentimiento inequ\u00edvoco y expreso al tratamiento de sus datos personales de acuerdo a las finalidades y t\u00e9rminos aqu\u00ed expresados.<\/p>\n<p>VIDRIPACK S.L.U. podr\u00e1 modificar la presente Pol\u00edtica de Privacidad para adaptarla a las novedades legislativas, jurisprudenciales o de interpretaci\u00f3n de la Agencia Espa\u00f1ola de Protecci\u00f3n de Datos. Estas condiciones de privacidad podr\u00e1n ser complementadas por el Aviso Legal, Pol\u00edtica de Cookies y las Condiciones Generales que, en su caso, se recojan para determinados productos o servicios, si dicho acceso supone alguna especialidad en materia de protecci\u00f3n de datos de car\u00e1cter personal.<\/p>\n<p>&nbsp;<\/p>\n<p><strong>INFORMACI\u00d3N B\u00c1SICA SOBRE PROTECCI\u00d3N DE DATOS<\/strong><\/p>\n<p><strong>\u00a0<\/strong><\/p>\n<table width=\"874\">\n<tbody>\n<tr>\n<td colspan=\"2\" width=\"874\"><strong>INFORMACI\u00d3N B\u00c1SICA SOBRE PROTECCI\u00d3N DE DATOS<\/strong><\/td>\n<\/tr>\n<tr>\n<td width=\"191\">Sitio Web<\/td>\n<td width=\"682\">www.vidripack.com<\/td>\n<\/tr>\n<tr>\n<td width=\"191\">Titular del sitio web<\/td>\n<td width=\"682\">VIDRIPACK S.L.U.<\/td>\n<\/tr>\n<tr>\n<td width=\"191\">Responsable tratamiento datos<\/td>\n<td width=\"682\">VIDRIPACK S.L.U., en adelante \u201cla empresa\u201d<\/td>\n<\/tr>\n<tr>\n<td width=\"191\">Finalidad<\/td>\n<td width=\"682\">Gesti\u00f3n, estudio y resoluci\u00f3n de consultas efectuadas a trav\u00e9s de la web<\/td>\n<\/tr>\n<tr>\n<td width=\"191\">Legitimaci\u00f3n<\/td>\n<td width=\"682\">Consentimiento otorgado por el usuario<\/td>\n<\/tr>\n<tr>\n<td width=\"191\">Edad legal consentimiento<\/td>\n<td width=\"682\">El Usuario certifica que es mayor de 14 a\u00f1os y que por lo tanto posee la capacidad legal necesaria para la prestaci\u00f3n del consentimiento en cuanto al tratamiento de sus datos de car\u00e1cter personal y todo ello, de conformidad con lo establecido en la presente Pol\u00edtica de Privacidad.<\/td>\n<\/tr>\n<tr>\n<td width=\"191\">Destinatarios<\/td>\n<td width=\"682\">Se comunicar\u00e1n datos a terceros para poder llevar a cabo las finalidades descritas en la presente pol\u00edtica de privacidad. En ning\u00fan caso se ceder\u00e1n datos a terceros para finalidades diferentes a las descritas en este documento.<\/td>\n<\/tr>\n<tr>\n<td width=\"191\">Derechos<\/td>\n<td width=\"682\">Acceder, rectificar y suprimir los datos, as\u00ed como otros derechos, como se explica en la informaci\u00f3n adicional.<\/td>\n<\/tr>\n<tr>\n<td width=\"191\">Informaci\u00f3n adicional<\/td>\n<td width=\"682\">Puede consultar la informaci\u00f3n adicional y detallada sobre Protecci\u00f3n de Datos pinchando aqu\u00ed<\/td>\n<\/tr>\n<\/tbody>\n<\/table>\n<p>&nbsp;<\/p>\n<p>&nbsp;<\/p>\n<p><strong>INFORMACI\u00d3N ADICIONAL SOBRE PROTECCI\u00d3N DE DATOS: <\/strong><\/p>\n<ul>\n<li><strong>&#8211; \u00bfQui\u00e9n es el titular de esta web?<\/strong><\/li>\n<\/ul>\n<p>&nbsp;<\/p>\n<table>\n<tbody>\n<tr>\n<td width=\"354\">Identidad<\/td>\n<td width=\"354\">VIDRIPACK S.L.U.\u2013 CIF: B11936127<\/td>\n<\/tr>\n<tr>\n<td width=\"354\">Datos registrales<\/td>\n<td width=\"354\">Inscrita en el Registro Mercantil de C\u00e1diz, Tomo 196, Folio 2407, S 8, Hoja 59009 e Inscripci\u00f3n 1.<\/td>\n<\/tr>\n<tr>\n<td width=\"354\">Direcci\u00f3n postal<\/td>\n<td width=\"354\">Pol. Ind. Las Bodegas, Calle Marinaje, 5 &#8211; 11408 Jerez de la Frontera (C\u00e1diz).<\/td>\n<\/tr>\n<tr>\n<td width=\"354\">Tel\u00e9fono<\/td>\n<td width=\"354\">956741873<\/td>\n<\/tr>\n<tr>\n<td width=\"354\">Correo electr\u00f3nico<\/td>\n<td width=\"354\">info@vidripack.com<\/td>\n<\/tr>\n<\/tbody>\n<\/table>\n<p>&nbsp;<\/p>\n<p>&nbsp;<\/p>\n<ul>\n<li><strong>&#8211; \u00bfQui\u00e9n es el responsable del tratamiento de sus datos de car\u00e1cter personal?<\/strong><\/li>\n<\/ul>\n<p>&nbsp;<\/p>\n<table width=\"707\">\n<tbody>\n<tr>\n<td width=\"354\">Identidad<\/td>\n<td width=\"354\">VIDRIPACK S.L.U.\u2013 CIF: B11936127<\/td>\n<\/tr>\n<tr>\n<td width=\"354\">Datos registrales<\/td>\n<td width=\"354\">Inscrita en el Registro Mercantil de C\u00e1diz, Tomo 196, Folio 2407, S 8, Hoja 59009 e Inscripci\u00f3n 1.<\/td>\n<\/tr>\n<tr>\n<td width=\"354\">Direcci\u00f3n postal<\/td>\n<td width=\"354\">Pol. Ind. Las Bodegas, Calle Marinaje, 5 &#8211; 11408 Jerez de la Frontera (C\u00e1diz).<\/td>\n<\/tr>\n<tr>\n<td width=\"354\">Tel\u00e9fono<\/td>\n<td width=\"354\">956741873<\/td>\n<\/tr>\n<tr>\n<td width=\"354\">Correo electr\u00f3nico<\/td>\n<td width=\"354\">info@vidripack.com<\/td>\n<\/tr>\n<\/tbody>\n<\/table>\n<p><strong>\u00a0<\/strong><\/p>\n<p><strong>\u00a0<\/strong><\/p>\n<ul>\n<li><strong>&#8211; \u00bfCon qu\u00e9 finalidad trataremos sus datos de car\u00e1cter personal y durante cu\u00e1nto tiempo los conservaremos?<\/strong><\/li>\n<\/ul>\n<p>&nbsp;<\/p>\n<ul>\n<li>La empresa tratar\u00e1 sus datos de car\u00e1cter personal exclusivamente para fines determinados, expl\u00edcitos y leg\u00edtimos, y no ser\u00e1n tratados de manera incompatible con dichos fines.<\/li>\n<\/ul>\n<p>&nbsp;<\/p>\n<table>\n<tbody>\n<tr>\n<td colspan=\"2\" width=\"707\"><strong>Finalidades<\/strong><\/td>\n<\/tr>\n<tr>\n<td width=\"354\">Finalidad 1: para todos los usuarios<\/td>\n<td width=\"354\">Gesti\u00f3n, estudio y resoluci\u00f3n de consultas efectuadas a trav\u00e9s de la web<\/td>\n<\/tr>\n<\/tbody>\n<\/table>\n<p>&nbsp;<\/p>\n<ul>\n<li>La empresa conservar\u00e1 sus datos de car\u00e1cter personal el tiempo necesario seg\u00fan la informaci\u00f3n facilitada y los plazos de conservaci\u00f3n recogidos en normativas que sean aplicables.<\/li>\n<\/ul>\n<p>&nbsp;<\/p>\n<p>VIDRIPACK S.L.U. tratar\u00e1 los datos personales facilitados por los usuarios a trav\u00e9s de los formularios electr\u00f3nicos existentes en el sitio web <a href=\"http:\/\/www.vidripack.com\">www.vidripack.com<\/a> para los fines que se identifican a continuaci\u00f3n:<\/p>\n<ol>\n<li>En relaci\u00f3n con el \u201cFormulario contacto\u201d:<\/li>\n<\/ol>\n<p>&nbsp;<\/p>\n<p>Finalidad: Gesti\u00f3n, estudio y resoluci\u00f3n de las consultas efectuadas.<\/p>\n<p>Legitimaci\u00f3n: El consentimiento del interesado, que podr\u00e1 revocar en cualquier momento.<\/p>\n<p>&nbsp;<\/p>\n<p>&nbsp;<\/p>\n<ul>\n<li>Cuando los datos solicitados en los formularios electr\u00f3nicos sean necesarios para acceder a funcionalidades concretas del sitio web, VIDRIPACK S.L.U. indicar\u00e1 dicho car\u00e1cter obligatorio en el momento de la recogida de datos del Usuario y no facilitarlos implicar\u00e1 que no pueda atenderse la solicitud correspondiente.<\/li>\n<\/ul>\n<p>&nbsp;<\/p>\n<p>&nbsp;<\/p>\n<ul>\n<li><strong>&#8211; \u00bfA qu\u00e9 destinatarios se comunicar\u00e1n sus datos?<\/strong><\/li>\n<\/ul>\n<p>&nbsp;<\/p>\n<p>Los datos se comunicar\u00e1n a las siguientes empresas y con las siguientes finalidades:<\/p>\n<p>&nbsp;<\/p>\n<table>\n<tbody>\n<tr>\n<td width=\"252\"><strong>DESTINATARIOS<\/strong><\/td>\n<td width=\"228\"><strong>FINALIDAD<\/strong><\/td>\n<td width=\"170\"><strong>LEGITIMACI\u00d3N<\/strong><\/td>\n<\/tr>\n<tr>\n<td width=\"252\">Olasur<\/td>\n<td width=\"228\">Empresa encargada del mantenimiento y programaci\u00f3n de nuestra p\u00e1gina web.<\/td>\n<td width=\"170\">Ejecuci\u00f3n de un contrato de prestaci\u00f3n de servicios.<\/td>\n<\/tr>\n<\/tbody>\n<\/table>\n<p>&nbsp;<\/p>\n<ul>\n<li>No est\u00e1 prevista la realizaci\u00f3n de transferencias de datos a terceros pa\u00edses.<\/li>\n<\/ul>\n<p>&nbsp;<\/p>\n<ul>\n<li><strong>&#8211; \u00bfCu\u00e1les son sus derechos cuando nos facilita sus datos? <\/strong><\/li>\n<\/ul>\n<p>&nbsp;<\/p>\n<p>Cualquier persona tiene derecho a obtener confirmaci\u00f3n sobre si en la empresa estamos tratando datos personales que les conciernan, o no.<\/p>\n<p>En concreto, puede usted dirigirse a la empresa a su direcci\u00f3n postal o bien a la direcci\u00f3n de email facilitada en el presente documento con la finalidad de ejercer los siguientes derechos:<\/p>\n<ul>\n<li>Derecho a solicitar el acceso a los datos personales relativos al interesado.<\/li>\n<li>Derecho a solicitar su rectificaci\u00f3n o supresi\u00f3n.<\/li>\n<li>Derecho a solicitar la limitaci\u00f3n de su tratamiento.<\/li>\n<li>Derecho a oponerse al tratamiento.<\/li>\n<li>Derecho a la portabilidad de los datos.<\/li>\n<\/ul>\n<p>&nbsp;<\/p>\n<p>Puede usted solicitar los formularios necesarios para el ejercicio de estos derechos enviando un correo electr\u00f3nico a la direcci\u00f3n de email facilitada en el presente documento.<\/p>\n<p>Dado el car\u00e1cter personal\u00edsimo del ejercicio de cualquiera de estos derechos usted deber\u00e1 adjuntar a la solicitud copia de su carnet de identidad o documento acreditativo equivalente.<\/p>\n<p>Puede usted dirigirse a la Agencia Espa\u00f1ola de protecci\u00f3n de Datos para obtener informaci\u00f3n adicional acerca de sus derechos o presentar una reclamaci\u00f3n ante la misma, especialmente cuando no haya obtenido satisfacci\u00f3n en el ejercicio de sus derechos, obteniendo toda la informaci\u00f3n necesaria para ello a trav\u00e9s de la web <a href=\"http:\/\/www.agpd.es\">www.agpd.es<\/a><\/p>\n<p>&nbsp;<\/p>\n<ul>\n<li><strong>&#8211; \u00bfQu\u00e9 medidas de seguridad se aplican?<\/strong><\/li>\n<\/ul>\n<p><strong>\u00a0<\/strong><\/p>\n<p>VIDRIPACK S.L.U. adopta los niveles de seguridad requeridos por el RGPD adecuados a la naturaleza de los datos que son objeto de tratamiento en cada momento. No obstante lo anterior, el Usuario debe tener en cuenta que la seguridad de los sistemas no es inexpugnable y pueden existir actuaciones dolosas de terceros, si bien VIDRIPACK S.L.U. pone todos los medios a su alcance para evitar dichas actuaciones. Puede solicitar mayor informaci\u00f3n acerca de nuestras medidas de seguridad al email info@vidripack.com<\/p>\n<p>&nbsp;<\/p>\n","protected":false},"excerpt":{"rendered":"<p>La presente pol\u00edtica de privacidad se aplica al tratamiento de los datos personales de los clientes y\/o usuarios del sitio web www.vidripack.com &hellip;<\/p>\n","protected":false},"author":1,"featured_media":0,"parent":0,"menu_order":0,"comment_status":"closed","ping_status":"closed","template":"","meta":{"footnotes":""},"class_list":["post-2158","page","type-page","status-publish","hentry"],"yoast_head":"<!-- This site is optimized with the Yoast SEO plugin v27.2 - https:\/\/yoast.com\/product\/yoast-seo-wordpress\/ -->\n<title>Pol\u00edtica de privacidad - Vidripack<\/title>\n<meta name=\"description\" content=\"La presente pol\u00edtica de privacidad se aplica al tratamiento de los datos personales de los clientes y\/o usuarios del sitio web www.vidripack.com cuyo\" \/>\n<meta name=\"robots\" content=\"index, follow, max-snippet:-1, max-image-preview:large, max-video-preview:-1\" \/>\n<link rel=\"canonical\" href=\"https:\/\/vidripack.com\/es\/politica-de-privacidad\/\" \/>\n<meta property=\"og:locale\" content=\"es_ES\" \/>\n<meta property=\"og:type\" content=\"article\" \/>\n<meta property=\"og:title\" content=\"Pol\u00edtica de privacidad - Vidripack\" \/>\n<meta property=\"og:description\" content=\"La presente pol\u00edtica de privacidad se aplica al tratamiento de los datos personales de los clientes y\/o usuarios del sitio web www.vidripack.com cuyo\" \/>\n<meta property=\"og:url\" content=\"https:\/\/vidripack.com\/es\/politica-de-privacidad\/\" \/>\n<meta property=\"og:site_name\" content=\"Vidripack\" \/>\n<meta property=\"article:publisher\" content=\"https:\/\/www.facebook.com\/Vidripack\" \/>\n<meta property=\"article:modified_time\" content=\"2022-03-30T09:03:33+00:00\" \/>\n<meta property=\"og:image\" content=\"https:\/\/vidripack.com\/es\/wp-content\/uploads\/2016\/10\/logo_vidripack_final.png\" \/>\n\t<meta property=\"og:image:width\" content=\"173\" \/>\n\t<meta property=\"og:image:height\" content=\"115\" \/>\n\t<meta property=\"og:image:type\" content=\"image\/png\" \/>\n<meta name=\"twitter:card\" content=\"summary_large_image\" \/>\n<meta name=\"twitter:label1\" content=\"Tiempo de lectura\" \/>\n\t<meta name=\"twitter:data1\" content=\"5 minutos\" \/>\n<script type=\"application\/ld+json\" class=\"yoast-schema-graph\">{\"@context\":\"https:\/\/schema.org\",\"@graph\":[{\"@type\":\"WebPage\",\"@id\":\"https:\/\/vidripack.com\/es\/politica-de-privacidad\/\",\"url\":\"https:\/\/vidripack.com\/es\/politica-de-privacidad\/\",\"name\":\"Pol\u00edtica de privacidad - Vidripack\",\"isPartOf\":{\"@id\":\"https:\/\/vidripack.com\/es\/#website\"},\"datePublished\":\"2018-05-06T10:45:24+00:00\",\"dateModified\":\"2022-03-30T09:03:33+00:00\",\"description\":\"La presente pol\u00edtica de privacidad se aplica al tratamiento de los datos personales de los clientes y\/o usuarios del sitio web www.vidripack.com cuyo\",\"breadcrumb\":{\"@id\":\"https:\/\/vidripack.com\/es\/politica-de-privacidad\/#breadcrumb\"},\"inLanguage\":\"es\",\"potentialAction\":[{\"@type\":\"ReadAction\",\"target\":[\"https:\/\/vidripack.com\/es\/politica-de-privacidad\/\"]}]},{\"@type\":\"BreadcrumbList\",\"@id\":\"https:\/\/vidripack.com\/es\/politica-de-privacidad\/#breadcrumb\",\"itemListElement\":[{\"@type\":\"ListItem\",\"position\":1,\"name\":\"Portada\",\"item\":\"https:\/\/vidripack.com\/es\/\"},{\"@type\":\"ListItem\",\"position\":2,\"name\":\"Pol\u00edtica de privacidad\"}]},{\"@type\":\"WebSite\",\"@id\":\"https:\/\/vidripack.com\/es\/#website\",\"url\":\"https:\/\/vidripack.com\/es\/\",\"name\":\"Vidripack\",\"description\":\"Distribuci\u00f3n de envases y PET\",\"potentialAction\":[{\"@type\":\"SearchAction\",\"target\":{\"@type\":\"EntryPoint\",\"urlTemplate\":\"https:\/\/vidripack.com\/es\/?s={search_term_string}\"},\"query-input\":{\"@type\":\"PropertyValueSpecification\",\"valueRequired\":true,\"valueName\":\"search_term_string\"}}],\"inLanguage\":\"es\"}]}<\/script>\n<!-- \/ Yoast SEO plugin. -->","yoast_head_json":{"title":"Pol\u00edtica de privacidad - Vidripack","description":"La presente pol\u00edtica de privacidad se aplica al tratamiento de los datos personales de los clientes y\/o usuarios del sitio web www.vidripack.com cuyo","robots":{"index":"index","follow":"follow","max-snippet":"max-snippet:-1","max-image-preview":"max-image-preview:large","max-video-preview":"max-video-preview:-1"},"canonical":"https:\/\/vidripack.com\/es\/politica-de-privacidad\/","og_locale":"es_ES","og_type":"article","og_title":"Pol\u00edtica de privacidad - Vidripack","og_description":"La presente pol\u00edtica de privacidad se aplica al tratamiento de los datos personales de los clientes y\/o usuarios del sitio web www.vidripack.com cuyo","og_url":"https:\/\/vidripack.com\/es\/politica-de-privacidad\/","og_site_name":"Vidripack","article_publisher":"https:\/\/www.facebook.com\/Vidripack","article_modified_time":"2022-03-30T09:03:33+00:00","og_image":[{"width":173,"height":115,"url":"https:\/\/vidripack.com\/es\/wp-content\/uploads\/2016\/10\/logo_vidripack_final.png","type":"image\/png"}],"twitter_card":"summary_large_image","twitter_misc":{"Tiempo de lectura":"5 minutos"},"schema":{"@context":"https:\/\/schema.org","@graph":[{"@type":"WebPage","@id":"https:\/\/vidripack.com\/es\/politica-de-privacidad\/","url":"https:\/\/vidripack.com\/es\/politica-de-privacidad\/","name":"Pol\u00edtica de privacidad - Vidripack","isPartOf":{"@id":"https:\/\/vidripack.com\/es\/#website"},"datePublished":"2018-05-06T10:45:24+00:00","dateModified":"2022-03-30T09:03:33+00:00","description":"La presente pol\u00edtica de privacidad se aplica al tratamiento de los datos personales de los clientes y\/o usuarios del sitio web www.vidripack.com cuyo","breadcrumb":{"@id":"https:\/\/vidripack.com\/es\/politica-de-privacidad\/#breadcrumb"},"inLanguage":"es","potentialAction":[{"@type":"ReadAction","target":["https:\/\/vidripack.com\/es\/politica-de-privacidad\/"]}]},{"@type":"BreadcrumbList","@id":"https:\/\/vidripack.com\/es\/politica-de-privacidad\/#breadcrumb","itemListElement":[{"@type":"ListItem","position":1,"name":"Portada","item":"https:\/\/vidripack.com\/es\/"},{"@type":"ListItem","position":2,"name":"Pol\u00edtica de privacidad"}]},{"@type":"WebSite","@id":"https:\/\/vidripack.com\/es\/#website","url":"https:\/\/vidripack.com\/es\/","name":"Vidripack","description":"Distribuci\u00f3n de envases y PET","potentialAction":[{"@type":"SearchAction","target":{"@type":"EntryPoint","urlTemplate":"https:\/\/vidripack.com\/es\/?s={search_term_string}"},"query-input":{"@type":"PropertyValueSpecification","valueRequired":true,"valueName":"search_term_string"}}],"inLanguage":"es"}]}},"_links":{"self":[{"href":"https:\/\/vidripack.com\/es\/wp-json\/wp\/v2\/pages\/2158","targetHints":{"allow":["GET"]}}],"collection":[{"href":"https:\/\/vidripack.com\/es\/wp-json\/wp\/v2\/pages"}],"about":[{"href":"https:\/\/vidripack.com\/es\/wp-json\/wp\/v2\/types\/page"}],"author":[{"embeddable":true,"href":"https:\/\/vidripack.com\/es\/wp-json\/wp\/v2\/users\/1"}],"replies":[{"embeddable":true,"href":"https:\/\/vidripack.com\/es\/wp-json\/wp\/v2\/comments?post=2158"}],"version-history":[{"count":28,"href":"https:\/\/vidripack.com\/es\/wp-json\/wp\/v2\/pages\/2158\/revisions"}],"predecessor-version":[{"id":2727,"href":"https:\/\/vidripack.com\/es\/wp-json\/wp\/v2\/pages\/2158\/revisions\/2727"}],"wp:attachment":[{"href":"https:\/\/vidripack.com\/es\/wp-json\/wp\/v2\/media?parent=2158"}],"curies":[{"name":"wp","href":"https:\/\/api.w.org\/{rel}","templated":true}]}}