{"id":1091,"date":"2016-09-21T11:20:38","date_gmt":"2016-09-21T11:20:38","guid":{"rendered":"http:\/\/vidripack.com\/es\/?page_id=1091"},"modified":"2023-02-03T10:29:35","modified_gmt":"2023-02-03T09:29:35","slug":"contacto","status":"publish","type":"page","link":"https:\/\/vidripack.com\/es\/contacto\/","title":{"rendered":"Contacto"},"content":{"rendered":"<div class=\"wpb-content-wrapper\"><p>[vc_row full_width=&#8221;stretch_row_content_no_spaces&#8221; content_placement=&#8221;middle&#8221; fullwidth=&#8221;1&#8243;][vc_column][vc_gmaps link=&#8221;#E-8_JTNDaWZyYW1lJTIwc3JjJTNEJTIyaHR0cHMlM0ElMkYlMkZ3d3cuZ29vZ2xlLmNvbSUyRm1hcHMlMkZlbWJlZCUzRnBiJTNEJTIxMW0xOCUyMTFtMTIlMjExbTMlMjExZDMxOTkuNjk4OTg2MzY5MjEwNiUyMTJkLTYuMTU2NDYyMDg0NzU1NzA1JTIxM2QzNi42ODE3Mzc4Nzk5NzMxNTYlMjEybTMlMjExZjAlMjEyZjAlMjEzZjAlMjEzbTIlMjExaTEwMjQlMjEyaTc2OCUyMTRmMTMuMSUyMTNtMyUyMTFtMiUyMTFzMHhkMGRjNDI3NDdmMjFjN2QlMjUzQTB4MjE5YmM5YTYyNzE1MjFjJTIxMnNWSURSSVBBQ0slMjE1ZTAlMjEzbTIlMjExc2VzJTIxMnNlcyUyMTR2MTY3NTQxNTQxODQ3OCUyMTVtMiUyMTFzZXMlMjEyc2VzJTIyJTIwd2lkdGglM0QlMjI2MDAlMjIlMjBoZWlnaHQlM0QlMjI0NTAlMjIlMjBzdHlsZSUzRCUyMmJvcmRlciUzQTBweCUzQiUyMiUyMGFsbG93ZnVsbHNjcmVlbiUzRCUyMiUyMiUyMGxvYWRpbmclM0QlMjJsYXp5JTIyJTIwcmVmZXJyZXJwb2xpY3klM0QlMjJuby1yZWZlcnJlci13aGVuLWRvd25ncmFkZSUyMiUzRSUzQyUyRmlmcmFtZSUzRQ==&#8221;][\/vc_column][\/vc_row][vc_row el_class=&#8221;page-contacts&#8221;][vc_column width=&#8221;1\/2&#8243; css=&#8221;.vc_custom_1451917293059{padding-right: 10px !important;padding-left: 10px !important;}&#8221;][vc_wp_text title=&#8221;Contacto Vidripack&#8221;]<\/p>\n<p style=\"text-align: left;\">Para resolver cualquier cuesti\u00f3n que se les pueda plantear, les rogamos que se pongan en contacto con nosotros. Nuestro equipo les atender\u00e1 personalmente de la forma m\u00e1s breve posible.<\/p>\n<h5 style=\"text-align: left;\">DIRECCI\u00d3N<\/h5>\n<p style=\"text-align: left;\">C\/ Marinaje Nave 5 Pol\u00edgono Industrial Las Bodegas,\u00a011408 &#8211; Jerez de la Frontera (C\u00e1diz)<\/p>\n<h5 style=\"text-align: left;\">EMAIL<\/h5>\n<p style=\"text-align: left;\"><a class=\"\" href=\"mailto:info@vidripack.com\">info@vidripack.com<\/a><\/p>\n<h5 style=\"text-align: left;\">TEL\u00c9FONO<\/h5>\n<p style=\"text-align: left;\">+34 956 741 873\u00a0\/\u00a0699 274 187.<\/p>\n<h5 style=\"text-align: left;\">HORARIOS<\/h5>\n<p style=\"text-align: left;\">Lunes a viernes: 07:30 a 14:30h<\/p>\n<p>[\/vc_wp_text][\/vc_column][vc_column width=&#8221;1\/2&#8243; css=&#8221;.vc_custom_1451917301982{padding-right: 10px !important;padding-left: 10px !important;}&#8221;][vc_wp_text title=&#8221;\u00a1Ll\u00e1manos ahora mismo!&#8221;]<div class=\"wpforms-container wpforms-container-full\" id=\"wpforms-2331\"><form id=\"wpforms-form-2331\" class=\"wpforms-validate wpforms-form\" data-formid=\"2331\" method=\"post\" enctype=\"multipart\/form-data\" action=\"\/es\/wp-json\/wp\/v2\/pages\/1091\" data-token=\"5da75dd7db256357682cd8ef62f434af\" data-token-time=\"1776954094\"><noscript class=\"wpforms-error-noscript\">Por favor, activa JavaScript en tu navegador para completar este formulario.<\/noscript><div class=\"wpforms-field-container\"><div id=\"wpforms-2331-field_0-container\" class=\"wpforms-field wpforms-field-name\" data-field-id=\"0\"><label class=\"wpforms-field-label\" for=\"wpforms-2331-field_0\">Nombre <span class=\"wpforms-required-label\">*<\/span><\/label><input type=\"text\" id=\"wpforms-2331-field_0\" class=\"wpforms-field-large wpforms-field-required\" name=\"wpforms[fields][0]\" required><\/div><div id=\"wpforms-2331-field_1-container\" class=\"wpforms-field wpforms-field-email\" data-field-id=\"1\"><label class=\"wpforms-field-label\" for=\"wpforms-2331-field_1\">Correo electr\u00f3nico <span class=\"wpforms-required-label\">*<\/span><\/label><input type=\"email\" id=\"wpforms-2331-field_1\" class=\"wpforms-field-large wpforms-field-required\" name=\"wpforms[fields][1]\" spellcheck=\"false\" required><\/div><div id=\"wpforms-2331-field_4-container\" class=\"wpforms-field wpforms-field-text\" data-field-id=\"4\"><label class=\"wpforms-field-label\" for=\"wpforms-2331-field_4\">Tel\u00e9fono <span class=\"wpforms-required-label\">*<\/span><\/label><input type=\"text\" id=\"wpforms-2331-field_4\" class=\"wpforms-field-large wpforms-field-required\" name=\"wpforms[fields][4]\" required><\/div><div id=\"wpforms-2331-field_2-container\" class=\"wpforms-field wpforms-field-textarea\" data-field-id=\"2\"><label class=\"wpforms-field-label\" for=\"wpforms-2331-field_2\">Comentario o mensaje <span class=\"wpforms-required-label\">*<\/span><\/label><textarea id=\"wpforms-2331-field_2\" class=\"wpforms-field-small wpforms-field-required\" name=\"wpforms[fields][2]\" required><\/textarea><\/div><div id=\"wpforms-2331-field_5-container\" class=\"wpforms-field wpforms-field-checkbox\" data-field-id=\"5\"><ul id=\"wpforms-2331-field_5\" class=\"wpforms-field-required\"><li class=\"choice-1 depth-1\"><input type=\"checkbox\" id=\"wpforms-2331-field_5_1\" name=\"wpforms[fields][5][]\" value=\"He le\u00eddo y acepto la pol\u00edtica de privacidad*\" required ><label class=\"wpforms-field-label-inline\" for=\"wpforms-2331-field_5_1\">He le\u00eddo y acepto la pol\u00edtica de privacidad*<\/label><\/li><\/ul><div class=\"wpforms-field-description\">*Le informamos que el responsable del tratamiento de estos datos es VIDRIPACK S.L.U. y la finalidad del mismo es la gesti\u00f3n, estudio y resoluci\u00f3n de las consultas efectuadas, encontr\u00e1ndonos legitimados para este tratamiento a trav\u00e9s del consentimiento que nos est\u00e1 otorgando en este acto. No se ceder\u00e1n datos a terceros salvo obligaci\u00f3n legal. Usted certifica que es mayor de 14 a\u00f1os y que por lo tanto posee la capacidad legal necesaria para la prestaci\u00f3n de este consentimiento y todo ello, de conformidad con lo establecido en la Pol\u00edtica de Privacidad. Puede usted acceder, rectificar y suprimir los datos, as\u00ed como otros derechos, como se explica en la informaci\u00f3n adicional. Puede consultar la informaci\u00f3n adicional y detallada sobre Protecci\u00f3n de Datos pinchando <a href=\"https:\/\/vidripack.com\/es\/politica-de-privacidad\/\">aqu\u00ed<\/a><\/div><\/div><\/div><!-- .wpforms-field-container --><div class=\"wpforms-field wpforms-field-hp\"><label for=\"wpforms-2331-field-hp\" class=\"wpforms-field-label\">Name<\/label><input type=\"text\" name=\"wpforms[hp]\" id=\"wpforms-2331-field-hp\" class=\"wpforms-field-medium\"><\/div><div class=\"wpforms-recaptcha-container wpforms-is-recaptcha wpforms-is-recaptcha-type-v2\" ><div class=\"g-recaptcha\" data-sitekey=\"6Le-DPYZAAAAAPPuNJsm0D09a7CG9xqSuzDNyHnp\"><\/div><input type=\"text\" name=\"g-recaptcha-hidden\" class=\"wpforms-recaptcha-hidden\" style=\"position:absolute!important;clip:rect(0,0,0,0)!important;height:1px!important;width:1px!important;border:0!important;overflow:hidden!important;padding:0!important;margin:0!important;\" data-rule-recaptcha=\"1\"><\/div><div class=\"wpforms-submit-container\" ><input type=\"hidden\" name=\"wpforms[id]\" value=\"2331\"><input type=\"hidden\" name=\"page_title\" value=\"\"><input type=\"hidden\" name=\"page_url\" value=\"https:\/\/vidripack.com\/es\/wp-json\/wp\/v2\/pages\/1091\"><input type=\"hidden\" name=\"url_referer\" value=\"\"><button type=\"submit\" name=\"wpforms[submit]\" id=\"wpforms-submit-2331\" class=\"wpforms-submit\" data-alt-text=\"Enviando...\" data-submit-text=\"Enviar\" aria-live=\"assertive\" value=\"wpforms-submit\">Enviar<\/button><\/div><\/form><\/div>  <!-- .wpforms-container -->[\/vc_wp_text][\/vc_column][\/vc_row][vc_row][vc_column][\/vc_column][\/vc_row]<\/p>\n<\/div>","protected":false},"excerpt":{"rendered":"<p>[vc_row full_width=&#8221;stretch_row_content_no_spaces&#8221; content_placement=&#8221;middle&#8221; fullwidth=&#8221;1&#8243;][vc_column][vc_gmaps link=&#8221;#E-8_JTNDaWZyYW1lJTIwc3JjJTNEJTIyaHR0cHMlM0ElMkYlMkZ3d3cuZ29vZ2xlLmNvbSUyRm1hcHMlMkZlbWJlZCUzRnBiJTNEJTIxMW0xOCUyMTFtMTIlMjExbTMlMjExZDMxOTkuNjk4OTg2MzY5MjEwNiUyMTJkLTYuMTU2NDYyMDg0NzU1NzA1JTIxM2QzNi42ODE3Mzc4Nzk5NzMxNTYlMjEybTMlMjExZjAlMjEyZjAlMjEzZjAlMjEzbTIlMjExaTEwMjQlMjEyaTc2OCUyMTRmMTMuMSUyMTNtMyUyMTFtMiUyMTFzMHhkMGRjNDI3NDdmMjFjN2QlMjUzQTB4MjE5YmM5YTYyNzE1MjFjJTIxMnNWSURSSVBBQ0slMjE1ZTAlMjEzbTIlMjExc2VzJTIxMnNlcyUyMTR2MTY3NTQxNTQxODQ3OCUyMTVtMiUyMTFzZXMlMjEyc2VzJTIyJTIwd2lkdGglM0QlMjI2MDAlMjIlMjBoZWlnaHQlM0QlMjI0NTAlMjIlMjBzdHlsZSUzRCUyMmJvcmRlciUzQTBweCUzQiUyMiUyMGFsbG93ZnVsbHNjcmVlbiUzRCUyMiUyMiUyMGxvYWRpbmclM0QlMjJsYXp5JTIyJTIwcmVmZXJyZXJwb2xpY3klM0QlMjJuby1yZWZlcnJlci13aGVuLWRvd25ncmFkZSUyMiUzRSUzQyUyRmlmcmFtZSUzRQ==&#8221;][\/vc_column][\/vc_row][vc_row el_class=&#8221;page-contacts&#8221;][vc_column width=&#8221;1\/2&#8243; css=&#8221;.vc_custom_1451917293059{padding-right: 10px !important;padding-left: 10px !important;}&#8221;][vc_wp_text title=&#8221;Contacto Vidripack&#8221;] Para resolver cualquier cuesti\u00f3n que se les pueda &hellip;<\/p>\n","protected":false},"author":1,"featured_media":0,"parent":0,"menu_order":0,"comment_status":"closed","ping_status":"closed","template":"page-templates\/page-template.php","meta":{"footnotes":""},"class_list":["post-1091","page","type-page","status-publish","hentry"],"yoast_head":"<!-- This site is optimized with the Yoast SEO plugin v27.2 - https:\/\/yoast.com\/product\/yoast-seo-wordpress\/ -->\n<title>Contacto - Vidripack<\/title>\n<meta name=\"description\" content=\"Para resolver cualquier cuesti\u00f3n que se les pueda plantear, les rogamos que se pongan en contacto con nosotros. Nuestro equipo les atender\u00e1 personalmente\" \/>\n<meta name=\"robots\" content=\"index, follow, max-snippet:-1, max-image-preview:large, max-video-preview:-1\" \/>\n<link rel=\"canonical\" href=\"https:\/\/vidripack.com\/es\/contacto\/\" \/>\n<meta property=\"og:locale\" content=\"es_ES\" \/>\n<meta property=\"og:type\" content=\"article\" \/>\n<meta property=\"og:title\" content=\"Contacto - Vidripack\" \/>\n<meta property=\"og:description\" content=\"Para resolver cualquier cuesti\u00f3n que se les pueda plantear, les rogamos que se pongan en contacto con nosotros. Nuestro equipo les atender\u00e1 personalmente\" \/>\n<meta property=\"og:url\" content=\"https:\/\/vidripack.com\/es\/contacto\/\" \/>\n<meta property=\"og:site_name\" content=\"Vidripack\" \/>\n<meta property=\"article:publisher\" content=\"https:\/\/www.facebook.com\/Vidripack\" \/>\n<meta property=\"article:modified_time\" content=\"2023-02-03T09:29:35+00:00\" \/>\n<meta property=\"og:image\" content=\"https:\/\/vidripack.com\/es\/wp-content\/uploads\/2016\/10\/logo_vidripack_final.png\" \/>\n\t<meta property=\"og:image:width\" content=\"173\" \/>\n\t<meta property=\"og:image:height\" content=\"115\" \/>\n\t<meta property=\"og:image:type\" content=\"image\/png\" \/>\n<meta name=\"twitter:card\" content=\"summary_large_image\" \/>\n<meta name=\"twitter:label1\" content=\"Tiempo de lectura\" \/>\n\t<meta name=\"twitter:data1\" content=\"1 minuto\" \/>\n<script type=\"application\/ld+json\" class=\"yoast-schema-graph\">{\"@context\":\"https:\/\/schema.org\",\"@graph\":[{\"@type\":\"WebPage\",\"@id\":\"https:\/\/vidripack.com\/es\/contacto\/\",\"url\":\"https:\/\/vidripack.com\/es\/contacto\/\",\"name\":\"Contacto - Vidripack\",\"isPartOf\":{\"@id\":\"https:\/\/vidripack.com\/es\/#website\"},\"datePublished\":\"2016-09-21T11:20:38+00:00\",\"dateModified\":\"2023-02-03T09:29:35+00:00\",\"description\":\"Para resolver cualquier cuesti\u00f3n que se les pueda plantear, les rogamos que se pongan en contacto con nosotros. Nuestro equipo les atender\u00e1 personalmente\",\"breadcrumb\":{\"@id\":\"https:\/\/vidripack.com\/es\/contacto\/#breadcrumb\"},\"inLanguage\":\"es\",\"potentialAction\":[{\"@type\":\"ReadAction\",\"target\":[\"https:\/\/vidripack.com\/es\/contacto\/\"]}]},{\"@type\":\"BreadcrumbList\",\"@id\":\"https:\/\/vidripack.com\/es\/contacto\/#breadcrumb\",\"itemListElement\":[{\"@type\":\"ListItem\",\"position\":1,\"name\":\"Portada\",\"item\":\"https:\/\/vidripack.com\/es\/\"},{\"@type\":\"ListItem\",\"position\":2,\"name\":\"Contacto\"}]},{\"@type\":\"WebSite\",\"@id\":\"https:\/\/vidripack.com\/es\/#website\",\"url\":\"https:\/\/vidripack.com\/es\/\",\"name\":\"Vidripack\",\"description\":\"Distribuci\u00f3n de envases y PET\",\"potentialAction\":[{\"@type\":\"SearchAction\",\"target\":{\"@type\":\"EntryPoint\",\"urlTemplate\":\"https:\/\/vidripack.com\/es\/?s={search_term_string}\"},\"query-input\":{\"@type\":\"PropertyValueSpecification\",\"valueRequired\":true,\"valueName\":\"search_term_string\"}}],\"inLanguage\":\"es\"}]}<\/script>\n<!-- \/ Yoast SEO plugin. -->","yoast_head_json":{"title":"Contacto - Vidripack","description":"Para resolver cualquier cuesti\u00f3n que se les pueda plantear, les rogamos que se pongan en contacto con nosotros. Nuestro equipo les atender\u00e1 personalmente","robots":{"index":"index","follow":"follow","max-snippet":"max-snippet:-1","max-image-preview":"max-image-preview:large","max-video-preview":"max-video-preview:-1"},"canonical":"https:\/\/vidripack.com\/es\/contacto\/","og_locale":"es_ES","og_type":"article","og_title":"Contacto - Vidripack","og_description":"Para resolver cualquier cuesti\u00f3n que se les pueda plantear, les rogamos que se pongan en contacto con nosotros. Nuestro equipo les atender\u00e1 personalmente","og_url":"https:\/\/vidripack.com\/es\/contacto\/","og_site_name":"Vidripack","article_publisher":"https:\/\/www.facebook.com\/Vidripack","article_modified_time":"2023-02-03T09:29:35+00:00","og_image":[{"width":173,"height":115,"url":"https:\/\/vidripack.com\/es\/wp-content\/uploads\/2016\/10\/logo_vidripack_final.png","type":"image\/png"}],"twitter_card":"summary_large_image","twitter_misc":{"Tiempo de lectura":"1 minuto"},"schema":{"@context":"https:\/\/schema.org","@graph":[{"@type":"WebPage","@id":"https:\/\/vidripack.com\/es\/contacto\/","url":"https:\/\/vidripack.com\/es\/contacto\/","name":"Contacto - Vidripack","isPartOf":{"@id":"https:\/\/vidripack.com\/es\/#website"},"datePublished":"2016-09-21T11:20:38+00:00","dateModified":"2023-02-03T09:29:35+00:00","description":"Para resolver cualquier cuesti\u00f3n que se les pueda plantear, les rogamos que se pongan en contacto con nosotros. Nuestro equipo les atender\u00e1 personalmente","breadcrumb":{"@id":"https:\/\/vidripack.com\/es\/contacto\/#breadcrumb"},"inLanguage":"es","potentialAction":[{"@type":"ReadAction","target":["https:\/\/vidripack.com\/es\/contacto\/"]}]},{"@type":"BreadcrumbList","@id":"https:\/\/vidripack.com\/es\/contacto\/#breadcrumb","itemListElement":[{"@type":"ListItem","position":1,"name":"Portada","item":"https:\/\/vidripack.com\/es\/"},{"@type":"ListItem","position":2,"name":"Contacto"}]},{"@type":"WebSite","@id":"https:\/\/vidripack.com\/es\/#website","url":"https:\/\/vidripack.com\/es\/","name":"Vidripack","description":"Distribuci\u00f3n de envases y PET","potentialAction":[{"@type":"SearchAction","target":{"@type":"EntryPoint","urlTemplate":"https:\/\/vidripack.com\/es\/?s={search_term_string}"},"query-input":{"@type":"PropertyValueSpecification","valueRequired":true,"valueName":"search_term_string"}}],"inLanguage":"es"}]}},"_links":{"self":[{"href":"https:\/\/vidripack.com\/es\/wp-json\/wp\/v2\/pages\/1091","targetHints":{"allow":["GET"]}}],"collection":[{"href":"https:\/\/vidripack.com\/es\/wp-json\/wp\/v2\/pages"}],"about":[{"href":"https:\/\/vidripack.com\/es\/wp-json\/wp\/v2\/types\/page"}],"author":[{"embeddable":true,"href":"https:\/\/vidripack.com\/es\/wp-json\/wp\/v2\/users\/1"}],"replies":[{"embeddable":true,"href":"https:\/\/vidripack.com\/es\/wp-json\/wp\/v2\/comments?post=1091"}],"version-history":[{"count":29,"href":"https:\/\/vidripack.com\/es\/wp-json\/wp\/v2\/pages\/1091\/revisions"}],"predecessor-version":[{"id":2826,"href":"https:\/\/vidripack.com\/es\/wp-json\/wp\/v2\/pages\/1091\/revisions\/2826"}],"wp:attachment":[{"href":"https:\/\/vidripack.com\/es\/wp-json\/wp\/v2\/media?parent=1091"}],"curies":[{"name":"wp","href":"https:\/\/api.w.org\/{rel}","templated":true}]}}